{"id":10992,"date":"2025-06-13T21:22:54","date_gmt":"2025-06-13T21:22:54","guid":{"rendered":"https:\/\/www.serapdemirag.com.tr\/?page_id=10992"},"modified":"2025-06-16T12:25:42","modified_gmt":"2025-06-16T12:25:42","slug":"kisisel-sergiler","status":"publish","type":"page","link":"https:\/\/www.serapdemirag.com.tr\/?page_id=10992","title":{"rendered":"Ki\u015fisel Sergiler"},"content":{"rendered":"<div class=\"wpb-content-wrapper\"><p>[vc_row][vc_column][vc_empty_space height=&#8221;120&#8243;][vc_custom_heading text=&#8221;Ki\u015fisel Sergilerim&#8221; font_container=&#8221;tag:h2|text_align:left|color:%23DD3333&#8243; use_theme_fonts=&#8221;yes&#8221; css=&#8221;&#8221;][vc_empty_space height=&#8221;10&#8243;][vc_row_inner][vc_column_inner][vc_column_text css=&#8221;&#8221;]<\/p>\n<table width=\"666\">\n<tbody>\n<tr>\n<td width=\"114\">2022<\/td>\n<td width=\"438\">Ukksa Akademi<\/td>\n<td width=\"114\">Dat\u00e7a<\/td>\n<\/tr>\n<tr>\n<td width=\"114\">2020<\/td>\n<td width=\"438\">Oasis Sanat Galerisi<\/td>\n<td width=\"114\">Bodrum<\/td>\n<\/tr>\n<tr>\n<td width=\"114\">2018<\/td>\n<td width=\"438\">HGC Sanat galerisi<\/td>\n<td width=\"114\">Bodrum<\/td>\n<\/tr>\n<tr>\n<td width=\"114\">2017<\/td>\n<td width=\"438\">Amerikan K\u00fclt\u00fcr Derne\u011fi<\/td>\n<td width=\"114\">\u0130zmir<\/td>\n<\/tr>\n<tr>\n<td width=\"114\">2016<\/td>\n<td width=\"438\">HGC Sanat Galerisi<\/td>\n<td width=\"114\">Bodrum<\/td>\n<\/tr>\n<tr>\n<td width=\"114\">2015<\/td>\n<td width=\"438\">Defne Sanat Galerisi<\/td>\n<td width=\"114\">Bodrum<\/td>\n<\/tr>\n<tr>\n<td width=\"114\">2015<\/td>\n<td width=\"438\">Vefa Sanat Galerisi<\/td>\n<td width=\"114\">Bodrum<\/td>\n<\/tr>\n<tr>\n<td width=\"114\">2014<\/td>\n<td width=\"438\">Dibekli Han<\/td>\n<td width=\"114\">Bodrum<\/td>\n<\/tr>\n<tr>\n<td width=\"114\">2009<\/td>\n<td width=\"438\">Medya Sanat Galerisi<\/td>\n<td width=\"114\">Ankara<\/td>\n<\/tr>\n<tr>\n<td width=\"114\">2007<\/td>\n<td width=\"438\">Galeri Sanatyap\u0131m<\/td>\n<td width=\"114\">Ankara<\/td>\n<\/tr>\n<tr>\n<td width=\"114\">2005<\/td>\n<td width=\"438\">Sel\u00e7uk \u00dcniversitesi<\/td>\n<td width=\"114\">Konya<\/td>\n<\/tr>\n<tr>\n<td width=\"114\">2005<\/td>\n<td width=\"438\">Armoni Sanat Galerisi<\/td>\n<td width=\"114\">Ankara<\/td>\n<\/tr>\n<tr>\n<td width=\"114\">2004<\/td>\n<td width=\"438\">Armoni Sanat Galerisi<\/td>\n<td width=\"114\">Ankara<\/td>\n<\/tr>\n<tr>\n<td width=\"114\">2004<\/td>\n<td width=\"438\">Armoni Sanat Galerisi<\/td>\n<td width=\"114\">Ankara<\/td>\n<\/tr>\n<tr>\n<td width=\"114\">2003<\/td>\n<td width=\"438\">Beg\u00fcm Sanat Galerisi<\/td>\n<td width=\"114\">\u0130zmir<\/td>\n<\/tr>\n<tr>\n<td width=\"114\">2002<\/td>\n<td width=\"438\">Armoni Sanat Galerisi<\/td>\n<td width=\"114\">Ankara<\/td>\n<\/tr>\n<tr>\n<td width=\"114\">2001<\/td>\n<td width=\"438\">Altamira Sanat Galerisi<\/td>\n<td width=\"114\">Mersin<\/td>\n<\/tr>\n<tr>\n<td width=\"114\">2000<\/td>\n<td width=\"438\">Ka\u015f Galeri<\/td>\n<td width=\"114\">\u0130stanbul<\/td>\n<\/tr>\n<tr>\n<td width=\"114\">1999<\/td>\n<td width=\"438\">Vakko Sanat Galerisi<\/td>\n<td width=\"114\">\u0130zmir<\/td>\n<\/tr>\n<tr>\n<td width=\"114\">1999<\/td>\n<td width=\"438\">Artium Sanat Galerisi<\/td>\n<td width=\"114\">Ankara<\/td>\n<\/tr>\n<tr>\n<td width=\"114\">1998<\/td>\n<td width=\"438\">Ka\u015f Galeri<\/td>\n<td width=\"114\">\u0130zmir<\/td>\n<\/tr>\n<tr>\n<td width=\"114\">1997<\/td>\n<td width=\"438\">Artium Sanat Galerisi<\/td>\n<td width=\"114\">Ankara<\/td>\n<\/tr>\n<tr>\n<td width=\"114\">1997<\/td>\n<td width=\"438\">Vakko Sanat Galerisi<\/td>\n<td width=\"114\">\u0130zmir<\/td>\n<\/tr>\n<tr>\n<td width=\"114\">1996<\/td>\n<td width=\"438\">Hobi Sanat Galerisi<\/td>\n<td width=\"114\">\u0130stanbul<\/td>\n<\/tr>\n<tr>\n<td width=\"114\">1995<\/td>\n<td width=\"438\">Artium Sanat Galerisi<\/td>\n<td width=\"114\">Ankara<\/td>\n<\/tr>\n<tr>\n<td width=\"114\">1995<\/td>\n<td width=\"438\">Garanti Sanat Galerisi<\/td>\n<td width=\"114\">\u0130stanbul<\/td>\n<\/tr>\n<tr>\n<td width=\"114\">1994<\/td>\n<td width=\"438\">Artium Sanat Galerisi<\/td>\n<td width=\"114\">Ankara<\/td>\n<\/tr>\n<tr>\n<td width=\"114\">1994<\/td>\n<td width=\"438\">Halk Bankas\u0131 Sanat Galerisi<\/td>\n<td width=\"114\">Ankara<\/td>\n<\/tr>\n<tr>\n<td width=\"114\">1994<\/td>\n<td width=\"438\">Vakko Sanat Galerisi<\/td>\n<td width=\"114\">\u0130zmir<\/td>\n<\/tr>\n<tr>\n<td width=\"114\">1993<\/td>\n<td width=\"438\">Vakko Sanat Galerisi<\/td>\n<td width=\"114\">Ankara<\/td>\n<\/tr>\n<tr>\n<td width=\"114\">1993<\/td>\n<td width=\"438\">Bilim Sanat Galerisi<\/td>\n<td width=\"114\">\u0130stanbul<\/td>\n<\/tr>\n<tr>\n<td width=\"114\">1991<\/td>\n<td width=\"438\">Bilim Sanat Galerisi<\/td>\n<td width=\"114\">\u0130stanbul<\/td>\n<\/tr>\n<tr>\n<td width=\"114\">1990<\/td>\n<td width=\"438\">G\u00fcltekin Elibal Sanat Galerisi<\/td>\n<td width=\"114\">\u0130stanbul<\/td>\n<\/tr>\n<tr>\n<td width=\"114\">1990<\/td>\n<td width=\"438\">\u0130s Sanat Galerisi<\/td>\n<td width=\"114\">Ankara<\/td>\n<\/tr>\n<tr>\n<td width=\"114\">1989<\/td>\n<td width=\"438\">Taksim Sanat Galerisi<\/td>\n<td width=\"114\">\u0130stanbul<\/td>\n<\/tr>\n<tr>\n<td width=\"114\">1988<\/td>\n<td width=\"438\">Erenk\u00f6y \u0130s Sanat Galerisi<\/td>\n<td width=\"114\">\u0130stanbul<\/td>\n<\/tr>\n<tr>\n<td width=\"114\">1986<\/td>\n<td width=\"438\">Turkuaz Sanat Galerisi<\/td>\n<td width=\"114\">Ankara<\/td>\n<\/tr>\n<tr>\n<td width=\"114\">1986<\/td>\n<td width=\"438\">Erenk\u00f6y \u0130s Sanat Galerisi<\/td>\n<td width=\"114\">\u0130stanbul<\/td>\n<\/tr>\n<tr>\n<td width=\"114\">1986<\/td>\n<td width=\"438\">Taksim Sanat Galerisi<\/td>\n<td width=\"114\">\u0130stanbul<\/td>\n<\/tr>\n<tr>\n<td width=\"114\">1984<\/td>\n<td width=\"438\">Erenk\u00f6y \u0130s Sanat Galerisi<\/td>\n<td width=\"114\">\u0130stanbul<\/td>\n<\/tr>\n<tr>\n<td width=\"114\">1982<\/td>\n<td width=\"438\">K\u00f6kten Sanat Galerisi<\/td>\n<td width=\"114\">\u0130stanbul<\/td>\n<\/tr>\n<tr>\n<td width=\"114\">1972<\/td>\n<td width=\"438\">Erdemir Sergi Salonu<\/td>\n<td width=\"114\">Karadeniz Ere\u011fli<\/td>\n<\/tr>\n<tr>\n<td width=\"114\">1971<\/td>\n<td width=\"438\">Erdemir Sergi Salonu<\/td>\n<td width=\"114\">Karadeniz Ere\u011fli<\/td>\n<\/tr>\n<tr>\n<td width=\"114\">1970<\/td>\n<td width=\"438\">Erdemir Sergi Salonu<\/td>\n<td width=\"114\">Karadeniz Ere\u011fli<\/td>\n<\/tr>\n<\/tbody>\n<\/table>\n<p>[\/vc_column_text][\/vc_column_inner][\/vc_row_inner][\/vc_column][\/vc_row]<\/p>\n<\/div>","protected":false},"excerpt":{"rendered":"<p>[vc_row][vc_column][vc_empty_space height=&#8221;120&#8243;][vc_custom_heading text=&#8221;Ki\u015fisel Sergilerim&#8221; font_container=&#8221;tag:h2|text_align:left|color:%23DD3333&#8243; use_theme_fonts=&#8221;yes&#8221; css=&#8221;&#8221;][vc_empty_space height=&#8221;10&#8243;][vc_row_inner][vc_column_inner][vc_column_text css=&#8221;&#8221;] 2022 Ukksa Akademi Dat\u00e7a 2020 Oasis Sanat Galerisi Bodrum 2018 HGC Sanat galerisi Bodrum 2017 Amerikan K\u00fclt\u00fcr Derne\u011fi \u0130zmir 2016 HGC Sanat Galerisi Bodrum 2015 Defne Sanat Galerisi Bodrum 2015 Vefa Sanat Galerisi Bodrum 2014 Dibekli Han Bodrum 2009 Medya Sanat Galerisi Ankara 2007 Galeri Sanatyap\u0131m [&hellip;]<\/p>\n","protected":false},"author":1,"featured_media":0,"parent":0,"menu_order":0,"comment_status":"closed","ping_status":"closed","template":"page.php","meta":{"footnotes":""},"class_list":["post-10992","page","type-page","status-publish","hentry"],"_links":{"self":[{"href":"https:\/\/www.serapdemirag.com.tr\/index.php?rest_route=\/wp\/v2\/pages\/10992","targetHints":{"allow":["GET"]}}],"collection":[{"href":"https:\/\/www.serapdemirag.com.tr\/index.php?rest_route=\/wp\/v2\/pages"}],"about":[{"href":"https:\/\/www.serapdemirag.com.tr\/index.php?rest_route=\/wp\/v2\/types\/page"}],"author":[{"embeddable":true,"href":"https:\/\/www.serapdemirag.com.tr\/index.php?rest_route=\/wp\/v2\/users\/1"}],"replies":[{"embeddable":true,"href":"https:\/\/www.serapdemirag.com.tr\/index.php?rest_route=%2Fwp%2Fv2%2Fcomments&post=10992"}],"version-history":[{"count":11,"href":"https:\/\/www.serapdemirag.com.tr\/index.php?rest_route=\/wp\/v2\/pages\/10992\/revisions"}],"predecessor-version":[{"id":11490,"href":"https:\/\/www.serapdemirag.com.tr\/index.php?rest_route=\/wp\/v2\/pages\/10992\/revisions\/11490"}],"wp:attachment":[{"href":"https:\/\/www.serapdemirag.com.tr\/index.php?rest_route=%2Fwp%2Fv2%2Fmedia&parent=10992"}],"curies":[{"name":"wp","href":"https:\/\/api.w.org\/{rel}","templated":true}]}}