{"id":10994,"date":"2025-06-13T21:23:14","date_gmt":"2025-06-13T21:23:14","guid":{"rendered":"https:\/\/www.serapdemirag.com.tr\/?page_id=10994"},"modified":"2025-06-16T12:28:47","modified_gmt":"2025-06-16T12:28:47","slug":"karma-sergiler","status":"publish","type":"page","link":"https:\/\/www.serapdemirag.com.tr\/?page_id=10994","title":{"rendered":"Karma Sergiler"},"content":{"rendered":"<div class=\"wpb-content-wrapper\"><p>[vc_row][vc_column][vc_empty_space height=&#8221;120&#8243;][vc_custom_heading text=&#8221;Karma Sergileri&#8221; font_container=&#8221;tag:h2|text_align:left|color:%23DD3333&#8243; use_theme_fonts=&#8221;yes&#8221; css=&#8221;&#8221;][vc_empty_space height=&#8221;10&#8243;][vc_row_inner][vc_column_inner][vc_column_text css=&#8221;.vc_custom_1750076925894{margin-bottom: 10px !important;}&#8221;]<\/p>\n<table width=\"666\">\n<tbody>\n<tr>\n<td width=\"114\">2022<\/td>\n<td width=\"438\">UKKSA \u0130stanbul Sanat Galerisi ve Duende Art Cafe<\/td>\n<td width=\"114\">\u0130stanbul<\/td>\n<\/tr>\n<tr>\n<td width=\"114\">2022<\/td>\n<td width=\"438\">UKKSA \u0130stanbul Sanat Galerisi ve Duende Art Cafe<\/td>\n<td width=\"114\">\u0130stanbul<\/td>\n<\/tr>\n<tr>\n<td width=\"114\">2022<\/td>\n<td width=\"438\">UKKSA \u0130stanbul Sanat Galerisi Tele 1 Destek Sergisi<\/td>\n<td width=\"114\">\u0130stanbul<\/td>\n<\/tr>\n<tr>\n<td width=\"114\">2020<\/td>\n<td width=\"438\">UKKSA \u0130stanbul Sanat Galerisi Tele 1 Destek Sergisi<\/td>\n<td width=\"114\">\u0130stanbul<\/td>\n<\/tr>\n<tr>\n<td width=\"114\">2018<\/td>\n<td width=\"438\">Hilton Arp Galeri<\/td>\n<td width=\"114\">\u0130stanbul<\/td>\n<\/tr>\n<tr>\n<td width=\"114\">2017<\/td>\n<td width=\"438\">HGC Karma Sergisi<\/td>\n<td width=\"114\">Bodrum<\/td>\n<\/tr>\n<tr>\n<td width=\"114\">2016<\/td>\n<td width=\"438\">\u00c7a\u011fda\u015f Ya\u015fam\u0131 Destekleme Derne\u011fi Karma Sergisi<\/td>\n<td width=\"114\">\u0130stanbul<\/td>\n<\/tr>\n<tr>\n<td width=\"114\">2015<\/td>\n<td width=\"438\">Ankara Sanat Fuar\u0131<\/td>\n<td width=\"114\">Ankara<\/td>\n<\/tr>\n<tr>\n<td width=\"114\">2015<\/td>\n<td width=\"438\">Bodrum Art Derne\u011fi Karma Sergisi<\/td>\n<td width=\"114\">Bodrum<\/td>\n<\/tr>\n<tr>\n<td width=\"114\">2015<\/td>\n<td width=\"438\">Yaln\u0131z Bar\u0131\u015f \u0130\u00e7in Resim Sergisi<\/td>\n<td width=\"114\">Mersin<\/td>\n<\/tr>\n<tr>\n<td width=\"114\">2015<\/td>\n<td width=\"438\">Bodrum Art Karma Koleksiyon Sergisi<\/td>\n<td width=\"114\">Bodrum<\/td>\n<\/tr>\n<tr>\n<td width=\"114\">2014<\/td>\n<td width=\"438\">B\u00fcy\u00fck Sanat\u00e7\u0131lar Beg\u00fcm Sn. G\u00f6l<\/td>\n<td width=\"114\">\u0130zmir<\/td>\n<\/tr>\n<tr>\n<td width=\"114\">2014<\/td>\n<td width=\"438\">Devlet Resim Galerisi<\/td>\n<td width=\"114\">\u0130zmir<\/td>\n<\/tr>\n<tr>\n<td width=\"114\">2014<\/td>\n<td width=\"438\">Bodrum Art \u201cK\u0131rm\u0131z\u0131\u201d Karma Sergisi<\/td>\n<td width=\"114\">Bodrum<\/td>\n<\/tr>\n<tr>\n<td width=\"114\">2014<\/td>\n<td width=\"438\">Ka\u015f Sanat Galerisi<\/td>\n<td width=\"114\">\u0130stanbul<\/td>\n<\/tr>\n<tr>\n<td width=\"114\">2014<\/td>\n<td width=\"438\">Bodrum Art \u201cBenim i\u00e7in Mor\u201d Karma Sergisi<\/td>\n<td width=\"114\">Bodrum<\/td>\n<\/tr>\n<tr>\n<td width=\"114\">2014<\/td>\n<td width=\"438\">\u201cCam Tavanl\u0131 Kad\u0131nlar\u201d Sisli K\u00fclt\u00fcr Merkezi Resim Sergisi<\/td>\n<td width=\"114\">\u0130stanbul<\/td>\n<\/tr>\n<tr>\n<td width=\"114\">2014<\/td>\n<td width=\"438\">Mor Sanat Galerisi Bodrum Art Karma Sergisi<\/td>\n<td width=\"114\">Bodrum<\/td>\n<\/tr>\n<tr>\n<td width=\"114\">2013<\/td>\n<td width=\"438\">Bef Resim Sergisi<\/td>\n<td width=\"114\">\u0130zmir<\/td>\n<\/tr>\n<tr>\n<td width=\"114\">2012<\/td>\n<td width=\"438\">Bef resim Sergisi<\/td>\n<td width=\"114\">\u0130zmir<\/td>\n<\/tr>\n<tr>\n<td width=\"114\">2011<\/td>\n<td width=\"438\">Devlet Resim Heykel M\u00fczesi Sergisi<\/td>\n<td width=\"114\">Ankara<\/td>\n<\/tr>\n<tr>\n<td width=\"114\">2006<\/td>\n<td width=\"438\">8. Adana Festivali Resim Sergisi<\/td>\n<td width=\"114\">Adana<\/td>\n<\/tr>\n<tr>\n<td width=\"114\">2004<\/td>\n<td width=\"438\">B\u00fcy\u00fck Sanat\u00e7\u0131lar Karma Sergisi<\/td>\n<td width=\"114\">\u0130zmir<\/td>\n<\/tr>\n<tr>\n<td width=\"114\">2003<\/td>\n<td width=\"438\">13. \u0130stanbul Sanat Fuar\u0131<\/td>\n<td width=\"114\">\u0130stanbul<\/td>\n<\/tr>\n<tr>\n<td width=\"114\">2002<\/td>\n<td width=\"438\">Sanat Festivali<\/td>\n<td width=\"114\">\u0130zmit<\/td>\n<\/tr>\n<tr>\n<td width=\"114\">2001<\/td>\n<td width=\"438\">1. Ankara Sanat Fuar\u0131<\/td>\n<td width=\"114\">Ankara<\/td>\n<\/tr>\n<tr>\n<td width=\"114\">2000<\/td>\n<td width=\"438\">10. \u0130stanbul Sanat Fuar\u0131<\/td>\n<td width=\"114\">\u0130stanbul<\/td>\n<\/tr>\n<tr>\n<td width=\"114\">1999<\/td>\n<td width=\"438\">9. \u0130stanbul sanat Fuar\u0131<\/td>\n<td width=\"114\">\u0130stanbul<\/td>\n<\/tr>\n<tr>\n<td width=\"114\">1998<\/td>\n<td width=\"438\">8. \u0130stanbul Sanat Fuar\u0131<\/td>\n<td width=\"114\">\u0130stanbul<\/td>\n<\/tr>\n<tr>\n<td width=\"114\">1997<\/td>\n<td width=\"438\">Vakko Sanat Galerisi<\/td>\n<td width=\"114\">\u0130zmir<\/td>\n<\/tr>\n<tr>\n<td width=\"114\">1997<\/td>\n<td width=\"438\">Art-Home Sanat Galerisi<\/td>\n<td width=\"114\">Mersin<\/td>\n<\/tr>\n<tr>\n<td width=\"114\">1996<\/td>\n<td width=\"438\">6. \u0130stanbul Sanat Fuar\u0131<\/td>\n<td width=\"114\">\u0130stanbul<\/td>\n<\/tr>\n<tr>\n<td width=\"114\">1996<\/td>\n<td width=\"438\">Deniz M\u00fczesi Komutanl\u0131\u011f\u0131 Resim Yar\u0131\u015fmas\u0131 Sergisi<\/td>\n<td width=\"114\">\u0130stanbul<\/td>\n<\/tr>\n<tr>\n<td width=\"114\">1996<\/td>\n<td width=\"438\">\u0130MKB Resim Yar\u0131\u015fmas\u0131 Sergisi<\/td>\n<td width=\"114\">\u0130stanbul<\/td>\n<\/tr>\n<tr>\n<td width=\"114\">1995<\/td>\n<td width=\"438\">5. \u0130stanbul Sanat Fuar\u0131<\/td>\n<td width=\"114\">\u0130stanbul<\/td>\n<\/tr>\n<tr>\n<td width=\"114\">1995<\/td>\n<td width=\"438\">\u0130ngiliz K\u00fclt\u00fcr Derne\u011fi Resim Sergisi<\/td>\n<td width=\"114\">Ankara<\/td>\n<\/tr>\n<tr>\n<td width=\"114\">1995<\/td>\n<td width=\"438\">\u00c7evre Koruma Derne\u011fi AKM<\/td>\n<td width=\"114\">Ankara<\/td>\n<\/tr>\n<tr>\n<td width=\"114\">1994<\/td>\n<td width=\"438\">4. \u0130stanbul Sanat Fuar\u0131<\/td>\n<td width=\"114\">\u0130stanbul<\/td>\n<\/tr>\n<tr>\n<td width=\"114\">1994<\/td>\n<td width=\"438\">Tokyo Sanat Fuar\u0131<\/td>\n<td width=\"114\">Japonya<\/td>\n<\/tr>\n<tr>\n<td width=\"114\">1994<\/td>\n<td width=\"438\">14. Stockholm Sanat Fuar\u0131<\/td>\n<td width=\"114\">\u0130sve\u00e7<\/td>\n<\/tr>\n<tr>\n<td width=\"114\">1993<\/td>\n<td width=\"438\">T\u00fcrkiye Den. V.R. Sergisi TUYAP<\/td>\n<td width=\"114\">\u0130stanbul<\/td>\n<\/tr>\n<tr>\n<td width=\"114\">1993<\/td>\n<td width=\"438\">K\u00fclt\u00fcr Bakanl\u0131\u011f\u0131 \u201cMevlana\u201d\u00a0Resim yar\u0131\u015fmas\u0131 Sergisi<\/td>\n<td width=\"114\">Ankara<\/td>\n<\/tr>\n<tr>\n<td width=\"114\">1993<\/td>\n<td width=\"438\">Ahi Evren Resim Yar\u0131\u015fmas\u0131 Sergisi<\/td>\n<td width=\"114\">\u0130stanbul<\/td>\n<\/tr>\n<tr>\n<td width=\"114\">1993<\/td>\n<td width=\"438\">1. Kapadokya Resim Yar\u0131\u015fmas\u0131 Sergisi<\/td>\n<td width=\"114\">Nev\u015fehir<\/td>\n<\/tr>\n<tr>\n<td width=\"114\">1993<\/td>\n<td width=\"438\">10. Yunus Emre Yar\u0131\u015fmas\u0131 Sergisi<\/td>\n<td width=\"114\">\u0130stanbul<\/td>\n<\/tr>\n<tr>\n<td width=\"114\">1993<\/td>\n<td width=\"438\">21. \u0130stanbul M\u00fczik Festivali\u00a0\u201c\u00d6nceki Danslar Sonraki M\u00fczikler\u201d\u00a0\u00a0 Resim Sergisi<\/td>\n<td width=\"114\">\u0130stanbul<\/td>\n<\/tr>\n<tr>\n<td width=\"114\">1993<\/td>\n<td width=\"438\">3. \u0130stanbul Sanat Fuar\u0131<\/td>\n<td width=\"114\">\u0130stanbul<\/td>\n<\/tr>\n<tr>\n<td width=\"114\">1993<\/td>\n<td width=\"438\">13. Stockholm Sanat Fuar\u0131<\/td>\n<td width=\"114\">\u0130sve\u00e7<\/td>\n<\/tr>\n<tr>\n<td width=\"114\">1993<\/td>\n<td width=\"438\">Kad\u0131k\u00f6y K\u00fclt\u00fcr Merkezi<\/td>\n<td width=\"114\">\u0130stanbul<\/td>\n<\/tr>\n<tr>\n<td width=\"114\">1992<\/td>\n<td width=\"438\">\u00c7a\u011fda\u015f T\u00fcrk Resim Sanat\u0131<\/td>\n<td width=\"114\">Kuveyt<\/td>\n<\/tr>\n<tr>\n<td width=\"114\">1992<\/td>\n<td width=\"438\">FY Art Galeri T\u00dcYAP<\/td>\n<td width=\"114\">\u0130zmir<\/td>\n<\/tr>\n<tr>\n<td width=\"114\">1992<\/td>\n<td width=\"438\">2. \u0130stanbul Sanat Fuar\u0131<\/td>\n<td width=\"114\">\u0130stanbul<\/td>\n<\/tr>\n<tr>\n<td width=\"114\">1992<\/td>\n<td width=\"438\">9. Yunus Emre Yar\u0131\u015fmas\u0131 Sergisi<\/td>\n<td width=\"114\">Eski\u015fehir<\/td>\n<\/tr>\n<tr>\n<td width=\"114\">1991<\/td>\n<td width=\"438\">1. Ana Sigorta Resim Yar\u0131\u015fmas\u0131 Sergisi<\/td>\n<td width=\"114\">Denizli<\/td>\n<\/tr>\n<tr>\n<td width=\"114\">1991<\/td>\n<td width=\"438\">8. Yunus Emre Yar\u0131\u015fmas\u0131 Sergisi<\/td>\n<td width=\"114\">Eski\u015fehir<\/td>\n<\/tr>\n<tr>\n<td width=\"114\">1991<\/td>\n<td width=\"438\">K\u00fclt\u00fcr Bakanl\u0131\u011f\u0131 \u201cSevgi\u201d Resim Yar\u0131\u015fmas\u0131<\/td>\n<td width=\"114\">Ankara<\/td>\n<\/tr>\n<tr>\n<td width=\"114\">1991<\/td>\n<td width=\"438\">Kad\u0131k\u00f6y K\u00fclt\u00fcr Merkezi Karma Sergisi<\/td>\n<td width=\"114\">\u0130stanbul<\/td>\n<\/tr>\n<tr>\n<td width=\"114\">1991<\/td>\n<td width=\"438\">Bas\u0131n M\u00fczesi Mevlana Sergisi<\/td>\n<td width=\"114\">\u0130stanbul<\/td>\n<\/tr>\n<tr>\n<td width=\"114\">1990<\/td>\n<td width=\"438\">7. Yunus Emre Yar\u0131\u015fmas\u0131 Sergisi<\/td>\n<td width=\"114\">Eski\u015fehir<\/td>\n<\/tr>\n<tr>\n<td width=\"114\">1990<\/td>\n<td width=\"438\">K\u00fclt\u00fcr ve Turizm Bakanl\u0131\u011f\u0131 2. Mevlana Resim Yar\u0131\u015fmas\u0131 Sergisi<\/td>\n<td width=\"114\">Konya<\/td>\n<\/tr>\n<tr>\n<td width=\"114\">1988<\/td>\n<td width=\"438\">\u00c7a\u011fda\u015f Resim Sergisi AKM<\/td>\n<td width=\"114\">\u0130stanbul<\/td>\n<\/tr>\n<tr>\n<td width=\"114\">1984<\/td>\n<td width=\"438\">1. Talens Resim Yar\u0131\u015fmas\u0131 Sergisi<\/td>\n<td width=\"114\">Ankara<\/td>\n<\/tr>\n<tr>\n<td width=\"114\">1978<\/td>\n<td width=\"438\">Resim Heykel M\u00fczesi Resim Derne\u011fi Karma Sergisi<\/td>\n<td width=\"114\">Bolu<\/td>\n<\/tr>\n<tr>\n<td width=\"114\">1971<\/td>\n<td width=\"438\">Devlet Resim ve Heykel Sergisi<\/td>\n<td width=\"114\">Ankara<\/td>\n<\/tr>\n<tr>\n<td width=\"114\">1971<\/td>\n<td width=\"438\">DYO Resim Yar\u0131\u015fmas\u0131 Sergisi<\/td>\n<td width=\"114\">\u0130zmir<\/td>\n<\/tr>\n<\/tbody>\n<\/table>\n<ul>\n<li><em>496 Karma Sergiye kat\u0131lm\u0131\u015f olup yukar\u0131da se\u00e7ilmi\u015f olanlar listelenmi\u015ftir.<\/em><\/li>\n<\/ul>\n<p>[\/vc_column_text][\/vc_column_inner][\/vc_row_inner][\/vc_column][\/vc_row]<\/p>\n<\/div>","protected":false},"excerpt":{"rendered":"<p>[vc_row][vc_column][vc_empty_space height=&#8221;120&#8243;][vc_custom_heading text=&#8221;Karma Sergileri&#8221; font_container=&#8221;tag:h2|text_align:left|color:%23DD3333&#8243; use_theme_fonts=&#8221;yes&#8221; css=&#8221;&#8221;][vc_empty_space height=&#8221;10&#8243;][vc_row_inner][vc_column_inner][vc_column_text css=&#8221;.vc_custom_1750076925894{margin-bottom: 10px !important;}&#8221;] 2022 UKKSA \u0130stanbul Sanat Galerisi ve Duende Art Cafe \u0130stanbul 2022 UKKSA \u0130stanbul Sanat Galerisi ve Duende Art Cafe \u0130stanbul 2022 UKKSA \u0130stanbul Sanat Galerisi Tele 1 Destek Sergisi \u0130stanbul 2020 UKKSA \u0130stanbul Sanat Galerisi Tele 1 Destek Sergisi \u0130stanbul 2018 Hilton Arp Galeri [&hellip;]<\/p>\n","protected":false},"author":1,"featured_media":0,"parent":0,"menu_order":0,"comment_status":"closed","ping_status":"closed","template":"page.php","meta":{"footnotes":""},"class_list":["post-10994","page","type-page","status-publish","hentry"],"_links":{"self":[{"href":"https:\/\/www.serapdemirag.com.tr\/index.php?rest_route=\/wp\/v2\/pages\/10994","targetHints":{"allow":["GET"]}}],"collection":[{"href":"https:\/\/www.serapdemirag.com.tr\/index.php?rest_route=\/wp\/v2\/pages"}],"about":[{"href":"https:\/\/www.serapdemirag.com.tr\/index.php?rest_route=\/wp\/v2\/types\/page"}],"author":[{"embeddable":true,"href":"https:\/\/www.serapdemirag.com.tr\/index.php?rest_route=\/wp\/v2\/users\/1"}],"replies":[{"embeddable":true,"href":"https:\/\/www.serapdemirag.com.tr\/index.php?rest_route=%2Fwp%2Fv2%2Fcomments&post=10994"}],"version-history":[{"count":12,"href":"https:\/\/www.serapdemirag.com.tr\/index.php?rest_route=\/wp\/v2\/pages\/10994\/revisions"}],"predecessor-version":[{"id":11491,"href":"https:\/\/www.serapdemirag.com.tr\/index.php?rest_route=\/wp\/v2\/pages\/10994\/revisions\/11491"}],"wp:attachment":[{"href":"https:\/\/www.serapdemirag.com.tr\/index.php?rest_route=%2Fwp%2Fv2%2Fmedia&parent=10994"}],"curies":[{"name":"wp","href":"https:\/\/api.w.org\/{rel}","templated":true}]}}