{"id":10996,"date":"2025-06-13T21:23:33","date_gmt":"2025-06-13T21:23:33","guid":{"rendered":"https:\/\/www.serapdemirag.com.tr\/?page_id=10996"},"modified":"2025-06-16T12:39:59","modified_gmt":"2025-06-16T12:39:59","slug":"sanati","status":"publish","type":"page","link":"https:\/\/www.serapdemirag.com.tr\/?page_id=10996","title":{"rendered":"Sanat\u0131"},"content":{"rendered":"<div class=\"wpb-content-wrapper\"><p>[vc_row][vc_column][vc_empty_space height=&#8221;120&#8243;][vc_custom_heading text=&#8221;Ben Ne Geceyim Ne G\u00fcnd\u00fcz&#8221; font_container=&#8221;tag:h2|text_align:left|color:%23DD3333&#8243; use_theme_fonts=&#8221;yes&#8221; css=&#8221;&#8221;][vc_empty_space height=&#8221;10&#8243;][vc_row_inner][vc_column_inner width=&#8221;1\/6&#8243;][vc_single_image image=&#8221;11036&#8243; img_size=&#8221;full&#8221; css=&#8221;&#8221;][\/vc_column_inner][vc_column_inner width=&#8221;5\/6&#8243;][vc_column_text css=&#8221;&#8221;]Evreni, o sonsuz bilinmeyeni anlamaya, kavramaya \u00e7al\u0131\u015f\u0131yorum y\u00fczy\u0131llard\u0131r.\u00a0K\u0131yaslayabilece\u011fim bir tek modelim bile yok. Bir a\u00e7\u0131l\u0131m, bir giri\u015fim ya\u015f\u0131yorum yeniden yeniden. \u0130ki ta\u015f\u0131n aras\u0131ndan avu\u00e7lar\u0131ma dolan uygarl\u0131k durmadan titretiyor y\u00fcre\u011fimi. G\u00f6remedi\u011fim her \u015fey etkiliyor g\u00f6r\u00fcn\u00fcm\u00fc. Resimlerimde yer \u00e7ekimini kald\u0131rmam\u0131n da nedeni budur belki. Bo\u015flu\u011fa at\u0131l\u0131\u015f\u0131m evrene kat\u0131lmakla e\u015fde\u011fer ve zaman\u0131n sonsuz erimleri, ya\u015fam\u0131n \u00e7ekim g\u00fcc\u00fcn\u00fcn gizleri aralad\u0131\u011f\u0131m. Kavramsal hantall\u0131klardan da kurtulu\u015f bu. Kozmosun i\u00e7 mant\u0131\u011f\u0131na uzanan, g\u00f6zlerime ve y\u00fcre\u011fime dolan \u0131\u015f\u0131\u011fa kavu\u015fmak ere\u011fim. Karizmatik bir bi\u00e7imde nesilden nesile ge\u00e7en bu dinamizmin yarat\u0131c\u0131l\u0131\u011f\u0131na kap\u0131lmamak elde mi? Bir zaman neferiyim ben. \u00c7o\u011fu kez o duruyor, ben gidiyorum. Ge\u00e7mi\u015fte vard\u0131m ku\u015fkusuz, gelecekte de var olaca\u011f\u0131m. Bir kavu\u015fumday\u0131m \u015fimdi. Zaman t\u00fcnellerinin birbirinin i\u00e7inden esip ge\u00e7erken, izlerini b\u0131rakt\u0131\u011f\u0131 bir noktaday\u0131m.\u00a0 \u00d6yle bir nokta ki bu, gelece\u011fin \u0131\u015f\u0131\u011f\u0131 ge\u00e7mi\u015fin bize uzanan kollar\u0131nda. Evrim s\u00fcrecinin \u00fcst\u00fcndeki de\u011fi\u015fmez \u00f6zlerle ilerliyoruz. Yarad\u0131l\u0131\u015f\u0131n gizlerini \u00e7\u00f6zmeye giden yol bir \u00fctopya de\u011fil art\u0131k.[\/vc_column_text][\/vc_column_inner][\/vc_row_inner][vc_row_inner][vc_column_inner][vc_empty_space height=&#8221;10&#8243;][vc_column_text css=&#8221;&#8221;]Bana kal\u0131rsa bir ku\u015fatmay\u0131 ya\u015f\u0131yoruz ve fetih bir g\u00fcn kadar yak\u0131n.\u00a0 Benim b\u00f6ylesine bir sistemden etkilenmemem olas\u0131 m\u0131? \u201dG\u00dcN\u201de ta\u015f\u0131yorum her \u015feyi. Renklerimde, \u0131\u015f\u0131\u011f\u0131mda i\u00e7sel ve \u00f6znel bir sentezle yap\u0131lanan yepyeni bir platformda soluklan\u0131yor, evrenselle\u015fiyorlar. \u00c7\u00f6z\u00fcmlemelerim hi\u00e7bir zaman mitosla ak\u0131l, varl\u0131kla yokluk aras\u0131nda as\u0131l\u0131 kalmaz. Kaosu, d\u00fc\u015f\u00fcnce ve d\u00fc\u015f\u00fcn\u00fclen, d\u00fc\u015f\u00fcnce ve d\u00fc\u015fler aras\u0131ndaki uyu\u015fmazl\u0131k yarat\u0131r. \u00c7ok iyi bilinen, \u00e7ok iyi \u00f6z\u00fcmsenmi\u015flerle birlikte yeni bir ya\u015fam ortaya \u00e7\u0131kar. G\u00f6rselli\u011fin bilinen dilini kalkan yapar\u0131m resimlerime. \u00dcst ger\u00e7ek g\u00f6z\u00fc yan\u0131ltarak gelir. \u00c7ok seslilikten yola \u00e7\u0131karak vard\u0131\u011f\u0131m b\u00fct\u00fcnsellik, \u00f6zg\u00fcn bir ya\u015fam\u0131 duyumsamak, gizemli bir ser\u00fcveni ya\u015famakt\u0131r. Ya\u015fam denilen karma\u015faya g\u00f6ndermeler yapmaktan alam\u0131yorum kendimi. Eski Babilonya&#8217;l\u0131larca yer ile g\u00f6k aras\u0131nda ba\u011flant\u0131 kurmak i\u00e7in yap\u0131lan Ziggurat\u2019lar gibi, zaman ve mek\u00e2n kavram\u0131n\u0131 sorguluyorum habire. G\u00f6r\u00fcn\u00fcm\u00fcn kand\u0131rmacalar\u0131n\u0131 kulland\u0131\u011f\u0131m do\u011frudur. Ama deneyimlerimi sard\u0131\u011f\u0131m g\u00f6kku\u015fa\u011f\u0131n\u0131n, bir yol g\u00f6stericiye gereksinimindendir bu. Ya\u015fam\u0131n \u00e7ift anlaml\u0131l\u0131\u011f\u0131n\u0131 ba\u015fka nas\u0131l aktarabilirdim ki? Geleneksellikler \u00e7ok y\u00fcksek duvarlar \u00f6rerler ele ge\u00e7irdiklerinin her yan\u0131na. D\u00fc\u015f\u00fcn\u00fcyorum da bu duvarlardan kurtulman\u0131n yolu, yer \u00e7ekimini kald\u0131rmaktan da ge\u00e7iyor. B\u00fct\u00fcn ili\u015fkiler kendi \u00e7aplar\u0131nda g\u00f6ndermelerde bulunurlar. Ya kim kazan\u0131r meydan sava\u015flar\u0131n\u0131? Hi\u00e7 ku\u015fkusuz, maviyi turuncu, sar\u0131y\u0131 mor, k\u0131rm\u0131z\u0131y\u0131 ye\u015fil g\u00f6renlerindir zaferler.[\/vc_column_text][vc_empty_space][vc_single_image image=&#8221;10981&#8243; img_size=&#8221;full&#8221; alignment=&#8221;center&#8221; css=&#8221;&#8221;][vc_empty_space][vc_column_text css=&#8221;&#8221;]<\/p>\n<p style=\"text-align: justify;\"><span class=\"palette-color3-2\">D\u00fc\u015f\u00fcn\u00fcyorum da Big- Bang ile ortal\u0131\u011fa savrulan ate\u015f toplar\u0131n\u0131n evreni kucaklamas\u0131ndan bu yana bir \u0131\u015f\u0131k boyutunu ya\u015f\u0131yorum. Bir s\u0131\u00e7ray\u0131\u015f, bir ya\u015famdan di\u011ferine ge\u00e7i\u015f&#8230;Patlatan s\u0131cakl\u0131k d\u00fc\u015f\u00fcnce kavu\u015ftum \u0131\u015f\u0131\u011fa. T\u00fcm dengelerin kurulmas\u0131 i\u00e7indir \u0131\u015f\u0131k ve benim duyumsamalar\u0131mda renkle\u015fir. Bilin\u00e7 paketimin ba\u011flar\u0131n\u0131 \u00e7\u00f6z\u00fcnce yay\u0131lmaya ba\u015flad\u0131 her \u015fey. Olu\u015fan muhte\u015fem \u00fc\u00e7genle geli\u015fiyor, b\u00fcy\u00fcyor. Sars\u0131lmalar\u0131m evrensel vibrasyonlara d\u00f6n\u00fc\u015f\u00fcrken, bir da\u011f\u0131l\u0131m, bir kavu\u015fum ya\u015f\u0131yorum yeniden yeniden. T\u00fcm evrenden sorumluyum sanki. \u00d6ylesine s\u0131n\u0131rs\u0131z ki d\u00fc\u015flerim, zaman zaman beni korkuttu\u011funu da itiraf etmeliyim. Gelece\u011fin b\u00fcy\u00fcs\u00fc g\u00f6zleri kama\u015ft\u0131rabilir. Bir evren k\u00fcresiyim ben. Bir evren meyvas\u0131y\u0131m. Sevgiyle olu\u015fan bilincin \u0131\u015f\u0131\u011f\u0131d\u0131r kabuklar\u0131m\u0131 soyan tek \u015fey. Y\u00fczy\u0131llar\u0131n geli\u015fiminden \u0131\u015f\u0131k, y\u00fcre\u011fimden ate\u015f ald\u0131 renklerim.\u00a0 Ate\u015fin \u0131\u015f\u0131\u011fa, \u0131\u015f\u0131\u011f\u0131n ate\u015fe kavu\u015fmas\u0131yd\u0131 bu. B\u00f6yle buldum evrenimi ve zamans\u0131zl\u0131k \u00f6tesi bir zaman\u0131 b\u00f6yle ya\u015f\u0131yorum&#8230;<\/span><\/p>\n<p style=\"text-align: justify;\"><span class=\"palette-color3-2\">E\u011fer resimlerimin dili olsayd\u0131 \u015f\u00f6yle derdi her biri:&#8221; <em>BEN\u00a0\u00a0 D\u0130YE G\u00d6RD\u00dc\u011e\u00dcN, ASLINDA BEN DE\u011e\u0130L\u0130M.\u00a0 BEN\u0130M GER\u00c7E\u011e\u0130M \u00c7OK DAHA UZAKLARDA, \u00c7OK DAHA DER\u0130NLERDE.\u00a0\u00a0 BEN SEN\u0130N GER\u00c7E\u011e\u0130NDE OLMADI\u011eIM \u00d6L\u00c7\u00dcDE VARIM.\u00a0 HAYD\u0130 GEL. B\u0130N ZAMANIN RUHUNA VE \u0130ZLE BEN\u0130.\u00a0\u00a0 EVRENSEL B\u0130L\u0130NCE G\u0130DEN YOL BEN\u0130MLE I\u015eIR.\u00a0 BEN\u0130MLE S\u0130L G\u00d6LGELER\u0130. BEN NE GECEY\u0130M NE DE G\u00dcND\u00dcZ. \u00a0B\u0130R EVREN\u0130M BEN VE SEN BEN\u0130MLE \u0130NSAN<\/em> &#8220;.<\/span><\/p>\n<p>[\/vc_column_text][vc_empty_space][\/vc_column_inner][\/vc_row_inner][vc_separator color=&#8221;black&#8221; style=&#8221;shadow&#8221; border_width=&#8221;3&#8243; css=&#8221;&#8221;][\/vc_column][\/vc_row]<\/p>\n<\/div>","protected":false},"excerpt":{"rendered":"<p>[vc_row][vc_column][vc_empty_space height=&#8221;120&#8243;][vc_custom_heading text=&#8221;Ben Ne Geceyim Ne G\u00fcnd\u00fcz&#8221; font_container=&#8221;tag:h2|text_align:left|color:%23DD3333&#8243; use_theme_fonts=&#8221;yes&#8221; css=&#8221;&#8221;][vc_empty_space height=&#8221;10&#8243;][vc_row_inner][vc_column_inner width=&#8221;1\/6&#8243;][vc_single_image image=&#8221;11036&#8243; img_size=&#8221;full&#8221; css=&#8221;&#8221;][\/vc_column_inner][vc_column_inner width=&#8221;5\/6&#8243;][vc_column_text css=&#8221;&#8221;]Evreni, o sonsuz bilinmeyeni anlamaya, kavramaya \u00e7al\u0131\u015f\u0131yorum y\u00fczy\u0131llard\u0131r.\u00a0K\u0131yaslayabilece\u011fim bir tek modelim bile yok. Bir a\u00e7\u0131l\u0131m, bir giri\u015fim ya\u015f\u0131yorum yeniden yeniden. \u0130ki ta\u015f\u0131n aras\u0131ndan avu\u00e7lar\u0131ma dolan uygarl\u0131k durmadan titretiyor y\u00fcre\u011fimi. G\u00f6remedi\u011fim her \u015fey etkiliyor g\u00f6r\u00fcn\u00fcm\u00fc. Resimlerimde yer \u00e7ekimini kald\u0131rmam\u0131n da [&hellip;]<\/p>\n","protected":false},"author":1,"featured_media":0,"parent":0,"menu_order":0,"comment_status":"closed","ping_status":"closed","template":"page.php","meta":{"footnotes":""},"class_list":["post-10996","page","type-page","status-publish","hentry"],"_links":{"self":[{"href":"https:\/\/www.serapdemirag.com.tr\/index.php?rest_route=\/wp\/v2\/pages\/10996","targetHints":{"allow":["GET"]}}],"collection":[{"href":"https:\/\/www.serapdemirag.com.tr\/index.php?rest_route=\/wp\/v2\/pages"}],"about":[{"href":"https:\/\/www.serapdemirag.com.tr\/index.php?rest_route=\/wp\/v2\/types\/page"}],"author":[{"embeddable":true,"href":"https:\/\/www.serapdemirag.com.tr\/index.php?rest_route=\/wp\/v2\/users\/1"}],"replies":[{"embeddable":true,"href":"https:\/\/www.serapdemirag.com.tr\/index.php?rest_route=%2Fwp%2Fv2%2Fcomments&post=10996"}],"version-history":[{"count":10,"href":"https:\/\/www.serapdemirag.com.tr\/index.php?rest_route=\/wp\/v2\/pages\/10996\/revisions"}],"predecessor-version":[{"id":11493,"href":"https:\/\/www.serapdemirag.com.tr\/index.php?rest_route=\/wp\/v2\/pages\/10996\/revisions\/11493"}],"wp:attachment":[{"href":"https:\/\/www.serapdemirag.com.tr\/index.php?rest_route=%2Fwp%2Fv2%2Fmedia&parent=10996"}],"curies":[{"name":"wp","href":"https:\/\/api.w.org\/{rel}","templated":true}]}}