{"id":10998,"date":"2025-06-13T21:24:08","date_gmt":"2025-06-13T21:24:08","guid":{"rendered":"https:\/\/www.serapdemirag.com.tr\/?page_id=10998"},"modified":"2025-06-16T14:01:04","modified_gmt":"2025-06-16T14:01:04","slug":"tesekkur","status":"publish","type":"page","link":"https:\/\/www.serapdemirag.com.tr\/?page_id=10998","title":{"rendered":"Te\u015fekk\u00fcr"},"content":{"rendered":"<div class=\"wpb-content-wrapper\"><p>[vc_row][vc_column][vc_empty_space height=&#8221;120&#8243;][vc_row_inner][vc_column_inner width=&#8221;1\/6&#8243;][vc_single_image image=&#8221;11037&#8243; img_size=&#8221;Full&#8221; css=&#8221;&#8221;][\/vc_column_inner][vc_column_inner width=&#8221;5\/6&#8243;][vc_column_text css=&#8221;&#8221;]Ben\u00a0ger\u00e7ekten \u00e7ok \u015fansl\u0131y\u0131m. \u00c7ok de\u011ferli insanlarla \u00e7al\u0131\u015fma f\u0131rsat\u0131 buldum. Ama iki ustam oldu. \u00c7ok de\u011ferli iki usta. \u015eeref Bigal\u0131 bana sanat\u0131 tan\u0131tt\u0131. Sanat\u0131n o \u00e7etin basamaklar\u0131n\u0131 onunla \u00e7\u0131kmaya ba\u015flad\u0131m. \u201cResmin Namusunu\u201d ondan \u00f6\u011frendim. Teknik t\u00fcm bilgileri o y\u00fckledi da\u011farc\u0131\u011f\u0131ma. \u00d6ylesine \u00e7al\u0131\u015ft\u0131rd\u0131 ki, bir virt\u00fc\u00f6z gibi parmaklar\u0131m\u0131n ucuna doldu t\u00fcm bilgiler. D\u00fc\u015f\u00fcnmeme gerek kalmad\u0131.<\/p>\n<p>Sonra, ge\u00e7mi\u015f ve gelecek aras\u0131nda kalakald\u0131m. Ne y\u00f6ne bakaca\u011f\u0131m\u0131 bilemedim. \u00d6zg\u00fcrl\u00fck tutsakl\u0131\u011f\u0131m olmu\u015ftu. Sudan \u00e7\u0131km\u0131\u015f bir bal\u0131k gibiydim kumlarda. \u00c7\u0131rp\u0131n\u0131p duruyordum. Ne yapacakt\u0131m? Nereye gidecektim?<\/p>\n<p>\u00c7eli\u015fkilerle daralan y\u00fcre\u011fim bir \u00e7\u0131k\u0131\u015f, minicik de olsa bir \u0131\u015f\u0131k aray\u0131p duruyordu. Sabahlara kadar okuyor, deli gibi ara\u015ft\u0131r\u0131yordum. Akl\u0131m\u0131n hapsetti\u011fi bilgilerin, duygular\u0131m\u0131 esir al\u0131p beni kand\u0131rmas\u0131ndan \u00f6lesiye korkuyordum. Her \u00e7izgimi, her rengimi sorguluyor, sorguluyordum.<\/p>\n<p>Zef Cement\u2019le ayd\u0131nland\u0131 yolum.\u00a0 \u00d6ylesine \u0131\u015f\u0131k oldu ki bana. G\u00f6zlerim kama\u015ft\u0131 adeta. Kendime olan inanc\u0131m\u0131, y\u00fcre\u011fimi tazeledi.<\/p>\n<p>\u0130\u00e7imdeki t\u00fcm kap\u0131lar\u0131 ard\u0131na kadar a\u00e7t\u0131, kanatlar\u0131m\u0131 takmama yard\u0131m ederek yer\u00e7ekiminden kurtulmam\u0131 sa\u011flad\u0131. Sanat\u0131n evrensel bilince giden \u00f6zg\u00fcn yolunda dolu dizginim art\u0131k.<\/p>\n<p>Sevgili ustalar\u0131m,\u00a0sizlere\u00a0sevgi, sayg\u0131 ve minnetle te\u015fekk\u00fcr ediyorum.[\/vc_column_text][\/vc_column_inner][\/vc_row_inner][vc_empty_space][vc_single_image image=&#8221;11038&#8243; img_size=&#8221;full&#8221; alignment=&#8221;center&#8221; css=&#8221;&#8221;][vc_empty_space height=&#8221;50&#8243;][vc_separator color=&#8221;black&#8221; style=&#8221;shadow&#8221; border_width=&#8221;3&#8243; css=&#8221;&#8221;][vc_empty_space height=&#8221;50&#8243;][vc_custom_heading text=&#8221;\u015eEREF B\u0130GALI (1925 Bergama &#8211; 2005 \u0130zmir)&#8221; font_container=&#8221;tag:h2|text_align:left|color:%23DD3333&#8243; use_theme_fonts=&#8221;yes&#8221; css=&#8221;&#8221;][vc_row_inner][vc_column_inner width=&#8221;1\/6&#8243;][vc_single_image image=&#8221;11039&#8243; img_size=&#8221;Full&#8221; css=&#8221;&#8221;][\/vc_column_inner][vc_column_inner width=&#8221;5\/6&#8243;][vc_column_text css=&#8221;&#8221;]<span class=\"palette-color3-2\">Titiz, ara\u015ft\u0131rmac\u0131, geleneklerinden vazge\u00e7emeyen h\u00fcmanist bir \u00e7a\u011fda\u015f. Hayat\u0131nda hi\u00e7bir \u201cizm\u201d e ilgi g\u00f6stermemi\u015f, \u00e7izgi ve desen ustas\u0131.<\/span><\/p>\n<p><span class=\"palette-color3-2\">\u0130zmir E\u011fitim Fak\u00fcltesi Resim B\u00f6l\u00fcm\u00fcn\u00fcn kurulup geli\u015fmesine\u00a0 b\u00fcy\u00fck katk\u0131larda bulundu. Binlerce \u00f6\u011frenci yeti\u015ftirdi. Yurt i\u00e7i ve yurt d\u0131\u015f\u0131nda 50nin \u00fczerinde sergi yapt\u0131. Bir \u00e7ok \u00f6d\u00fcl kazand\u0131.<\/span><\/p>\n<p><span class=\"palette-color3-2\">Bat\u0131 resmine olan a\u015final\u0131\u011f\u0131 Paris\u2019te Henri Goetz ile \u00e7al\u0131\u015fmalar\u0131n\u0131n miras\u0131yd\u0131. Ama Bigal\u0131 Anadolu\u2019nun yerli kimli\u011finden ve de\u011ferlerinden kopamad\u0131. Ya\u011fl\u0131boya da oldu\u011fu kadar, suluboyada ve desende de piktural ve \u00f6zg\u00fcn esteti\u011fin zirvesine ula\u015ft\u0131. Gizlendi\u011fi\u00a0 k\u00f6\u015fesinden \u0131\u015f\u0131k sa\u00e7an ve kendisini hep hissettiren sanat\u00e7\u0131.<\/span><\/p>\n<p><span class=\"palette-color3-2\">Ve usta\u2026.<\/span>[\/vc_column_text][\/vc_column_inner][\/vc_row_inner][vc_empty_space][vc_separator color=&#8221;black&#8221; style=&#8221;shadow&#8221; border_width=&#8221;3&#8243; css=&#8221;&#8221;][vc_empty_space][vc_custom_heading text=&#8221;ZEF CLEMENT (1930 Hollanda &#8211; 1983 \u0130stanbul)&#8221; font_container=&#8221;tag:h2|text_align:left|color:%23DD3333&#8243; use_theme_fonts=&#8221;yes&#8221; css=&#8221;&#8221;][vc_row_inner][vc_column_inner width=&#8221;1\/6&#8243;][vc_single_image image=&#8221;11040&#8243; img_size=&#8221;Full&#8221; css=&#8221;&#8221;][\/vc_column_inner][vc_column_inner width=&#8221;5\/6&#8243;][vc_column_text css=&#8221;&#8221;]<span class=\"palette-color3-2\">Kendisini olu\u015fturan bir ortam\u0131, Hollanda\u2019y\u0131 b\u0131rakarak T\u00fcrkiye\u2019ye gelen, evrensel dilini topluma, evrene sonsuzlu\u011fa yans\u0131tan\u00a0 bir sanat\u00e7\u0131. A\u00e7mazlar\u0131 kabullenmezdi. Do\u011fu mistizminin bekaretini koruyan noktalar\u0131n\u0131 zorlard\u0131. \u201dOsmanl\u0131 Fig\u00fcr deformasyonlar\u0131n\u0131n da en gizli yerlerine sahip olmak istiyordu\u201d der, \u00a0Emin \u00c7etin Girgin.<\/span><\/p>\n<p><span class=\"palette-color3-2\">Hollanda H\u00fckumetinin hediye etti\u011fi kiliseyi 1972 -1981 y\u0131llar\u0131 aras\u0131nda sanat galerisi olarak \u00a0kullan\u0131rken bir taraftan da konferanslar veriyor, e\u011fitim faaliyetlerini s\u00fcrd\u00fcr\u00fcyordu.40 Kez Hollanda\u2019da 18 Kez de uluslar aras\u0131 sergiler a\u00e7t\u0131\u00a0 . Almanya, Fransa, Avusturya, \u0130ngiltere, Tenerif, Bel\u00e7ika, L\u00fcksemburg, Macaristan, Yugoslavya, Polonya, Formoza Adalar\u0131, Endonezya, Seylan\u2019da ara\u015ft\u0131rmalar yapt\u0131. Bu ola\u011fand\u0131\u015f\u0131 yolculuklar\u0131 T\u00fcrkiye\u2019de son buldu. \u201d\u0130stanbul\u2019a a\u015f\u0131k oldum\u201d diyen Zef, T\u00fcrkiye\u2019ye yerle\u015fti ve M\u00fcsl\u00fcman oldu.\u00a0<\/span><\/p>\n<p>\u201cZef Clement\u2019i tan\u0131mak i\u00e7in d\u00fcnyaya gelmeye de\u011fer \u201cder Suna Tanaltay.[\/vc_column_text][\/vc_column_inner][\/vc_row_inner][vc_empty_space][vc_separator color=&#8221;black&#8221; style=&#8221;shadow&#8221; border_width=&#8221;3&#8243; css=&#8221;&#8221;][\/vc_column][\/vc_row]<\/p>\n<\/div>","protected":false},"excerpt":{"rendered":"<p>[vc_row][vc_column][vc_empty_space height=&#8221;120&#8243;][vc_row_inner][vc_column_inner width=&#8221;1\/6&#8243;][vc_single_image image=&#8221;11037&#8243; img_size=&#8221;Full&#8221; css=&#8221;&#8221;][\/vc_column_inner][vc_column_inner width=&#8221;5\/6&#8243;][vc_column_text css=&#8221;&#8221;]Ben\u00a0ger\u00e7ekten \u00e7ok \u015fansl\u0131y\u0131m. \u00c7ok de\u011ferli insanlarla \u00e7al\u0131\u015fma f\u0131rsat\u0131 buldum. Ama iki ustam oldu. \u00c7ok de\u011ferli iki usta. \u015eeref Bigal\u0131 bana sanat\u0131 tan\u0131tt\u0131. Sanat\u0131n o \u00e7etin basamaklar\u0131n\u0131 onunla \u00e7\u0131kmaya ba\u015flad\u0131m. \u201cResmin Namusunu\u201d ondan \u00f6\u011frendim. Teknik t\u00fcm bilgileri o y\u00fckledi da\u011farc\u0131\u011f\u0131ma. \u00d6ylesine \u00e7al\u0131\u015ft\u0131rd\u0131 ki, bir virt\u00fc\u00f6z gibi parmaklar\u0131m\u0131n ucuna doldu [&hellip;]<\/p>\n","protected":false},"author":1,"featured_media":0,"parent":0,"menu_order":0,"comment_status":"closed","ping_status":"closed","template":"page.php","meta":{"footnotes":""},"class_list":["post-10998","page","type-page","status-publish","hentry"],"_links":{"self":[{"href":"https:\/\/www.serapdemirag.com.tr\/index.php?rest_route=\/wp\/v2\/pages\/10998","targetHints":{"allow":["GET"]}}],"collection":[{"href":"https:\/\/www.serapdemirag.com.tr\/index.php?rest_route=\/wp\/v2\/pages"}],"about":[{"href":"https:\/\/www.serapdemirag.com.tr\/index.php?rest_route=\/wp\/v2\/types\/page"}],"author":[{"embeddable":true,"href":"https:\/\/www.serapdemirag.com.tr\/index.php?rest_route=\/wp\/v2\/users\/1"}],"replies":[{"embeddable":true,"href":"https:\/\/www.serapdemirag.com.tr\/index.php?rest_route=%2Fwp%2Fv2%2Fcomments&post=10998"}],"version-history":[{"count":10,"href":"https:\/\/www.serapdemirag.com.tr\/index.php?rest_route=\/wp\/v2\/pages\/10998\/revisions"}],"predecessor-version":[{"id":11510,"href":"https:\/\/www.serapdemirag.com.tr\/index.php?rest_route=\/wp\/v2\/pages\/10998\/revisions\/11510"}],"wp:attachment":[{"href":"https:\/\/www.serapdemirag.com.tr\/index.php?rest_route=%2Fwp%2Fv2%2Fmedia&parent=10998"}],"curies":[{"name":"wp","href":"https:\/\/api.w.org\/{rel}","templated":true}]}}