{"id":11000,"date":"2025-06-13T21:24:41","date_gmt":"2025-06-13T21:24:41","guid":{"rendered":"https:\/\/www.serapdemirag.com.tr\/?page_id=11000"},"modified":"2025-06-16T19:50:08","modified_gmt":"2025-06-16T19:50:08","slug":"kaleminden","status":"publish","type":"page","link":"https:\/\/www.serapdemirag.com.tr\/?page_id=11000","title":{"rendered":"Kaleminden"},"content":{"rendered":"<div class=\"wpb-content-wrapper\"><p>[vc_row][vc_column][vc_empty_space height=&#8221;120&#8243;][vc_row_inner][vc_column_inner][vc_column_text css=&#8221;&#8221;]D\u00fc\u015f\u00fcn\u00fcyorum da,<\/p>\n<p>Hem her yerde hem de hi\u00e7bir \u015feydeydim galiba. Ne cennetti yerim ne de cehennem. Onlar\u0131n da \u00fcst\u00fcnde bir yerden sevgiyle \u00fcflendim. Bulut buluttum. Ya\u011fmurlarla y\u00fckl\u00fcyd\u00fc kanatlar\u0131m. Ne kin vard\u0131 orada ne de kir. I\u015f\u0131l \u0131\u015f\u0131ld\u0131 damlalar, salk\u0131m salk\u0131md\u0131 mutluluk\u2026<\/p>\n<p>Sonra co\u015ftum, savruldum, g\u00fcrledim ve \u00e7isildedim. \u015eim\u015fek olup \u00e7akt\u0131 \u0131\u015f\u0131\u011f\u0131m. Ben bile \u015fa\u015f\u0131rd\u0131m. \u00c7imler ye\u015fillendi, \u00e7i\u00e7ekler tomurcuklar\u0131n\u0131 yard\u0131 birer birer. Uyand\u0131 do\u011fa uykusundan. Toprak alt\u0131nda kalanlar bir bir uzatt\u0131lar ba\u015flar\u0131n\u0131 parlayan g\u00fcne\u015fe.\u00a0 Sevgi tebess\u00fcm etti her yere.<\/p>\n<p>Kilo verir mi hi\u00e7 elektrik? Frekans tart\u0131labilir mi? \u00d6l\u00e7\u00fcs\u00fc nedir sadece yumruk kadar olan y\u00fcre\u011fin? Koca bir evrenin s\u0131\u011fd\u0131\u011f\u0131 o yerde ka\u00e7 nefret bar\u0131nd\u0131r\u0131labilir? Kiraya verilirse o tebess\u00fcme paha bi\u00e7en ak\u0131ls\u0131zlar i\u00e7in, ya biz nerede ya\u015far\u0131z? Nerede kal\u0131r ho\u015fg\u00f6r\u00fc? Nereden ba\u011f\u0131r\u0131r da duyulmaz olur? Y\u00fcrek hesap sormaz m\u0131 sonra?<\/p>\n<p>Ku\u015fkum yok, kavga hep s\u00fcrecek.\u00a0 Evren geni\u015fliyor ve bir g\u00fcn kendi i\u00e7ine \u00e7\u00f6kecek. Her an \u00f6l\u00fcyor bir \u015feyler ve her an diriliyor. Bundan ka\u00e7man\u0131n yolu yok gibi ama, yine de bir liman\u0131n var oldu\u011funu bilmek gerekmez mi? Evet, y\u00fcrektir o s\u0131\u011f\u0131n\u0131lacak yer, hem sakin hem de g\u00fcvenli&#8230;[\/vc_column_text][\/vc_column_inner][\/vc_row_inner][vc_empty_space][vc_row_inner][vc_column_inner width=&#8221;1\/4&#8243;][vc_single_image image=&#8221;11511&#8243; img_size=&#8221;full&#8221; css=&#8221;&#8221;][\/vc_column_inner][vc_column_inner width=&#8221;1\/4&#8243;][vc_single_image image=&#8221;11512&#8243; img_size=&#8221;full&#8221; css=&#8221;&#8221;][\/vc_column_inner][vc_column_inner width=&#8221;1\/4&#8243;][vc_single_image image=&#8221;11513&#8243; img_size=&#8221;full&#8221; css=&#8221;&#8221;][\/vc_column_inner][vc_column_inner width=&#8221;1\/4&#8243;][vc_single_image image=&#8221;11514&#8243; img_size=&#8221;full&#8221; css=&#8221;&#8221;][\/vc_column_inner][\/vc_row_inner][vc_empty_space][vc_separator color=&#8221;black&#8221; style=&#8221;shadow&#8221; border_width=&#8221;3&#8243; css=&#8221;&#8221;][\/vc_column][\/vc_row]<\/p>\n<\/div>","protected":false},"excerpt":{"rendered":"<p>[vc_row][vc_column][vc_empty_space height=&#8221;120&#8243;][vc_row_inner][vc_column_inner][vc_column_text css=&#8221;&#8221;]D\u00fc\u015f\u00fcn\u00fcyorum da, Hem her yerde hem de hi\u00e7bir \u015feydeydim galiba. Ne cennetti yerim ne de cehennem. Onlar\u0131n da \u00fcst\u00fcnde bir yerden sevgiyle \u00fcflendim. Bulut buluttum. Ya\u011fmurlarla y\u00fckl\u00fcyd\u00fc kanatlar\u0131m. Ne kin vard\u0131 orada ne de kir. I\u015f\u0131l \u0131\u015f\u0131ld\u0131 damlalar, salk\u0131m salk\u0131md\u0131 mutluluk\u2026 Sonra co\u015ftum, savruldum, g\u00fcrledim ve \u00e7isildedim. \u015eim\u015fek olup \u00e7akt\u0131 \u0131\u015f\u0131\u011f\u0131m. Ben bile [&hellip;]<\/p>\n","protected":false},"author":1,"featured_media":0,"parent":0,"menu_order":0,"comment_status":"closed","ping_status":"closed","template":"page.php","meta":{"footnotes":""},"class_list":["post-11000","page","type-page","status-publish","hentry"],"_links":{"self":[{"href":"https:\/\/www.serapdemirag.com.tr\/index.php?rest_route=\/wp\/v2\/pages\/11000","targetHints":{"allow":["GET"]}}],"collection":[{"href":"https:\/\/www.serapdemirag.com.tr\/index.php?rest_route=\/wp\/v2\/pages"}],"about":[{"href":"https:\/\/www.serapdemirag.com.tr\/index.php?rest_route=\/wp\/v2\/types\/page"}],"author":[{"embeddable":true,"href":"https:\/\/www.serapdemirag.com.tr\/index.php?rest_route=\/wp\/v2\/users\/1"}],"replies":[{"embeddable":true,"href":"https:\/\/www.serapdemirag.com.tr\/index.php?rest_route=%2Fwp%2Fv2%2Fcomments&post=11000"}],"version-history":[{"count":7,"href":"https:\/\/www.serapdemirag.com.tr\/index.php?rest_route=\/wp\/v2\/pages\/11000\/revisions"}],"predecessor-version":[{"id":11529,"href":"https:\/\/www.serapdemirag.com.tr\/index.php?rest_route=\/wp\/v2\/pages\/11000\/revisions\/11529"}],"wp:attachment":[{"href":"https:\/\/www.serapdemirag.com.tr\/index.php?rest_route=%2Fwp%2Fv2%2Fmedia&parent=11000"}],"curies":[{"name":"wp","href":"https:\/\/api.w.org\/{rel}","templated":true}]}}