{"id":11006,"date":"2025-06-13T21:25:55","date_gmt":"2025-06-13T21:25:55","guid":{"rendered":"https:\/\/www.serapdemirag.com.tr\/?page_id=11006"},"modified":"2025-06-16T21:25:01","modified_gmt":"2025-06-16T21:25:01","slug":"albumden","status":"publish","type":"page","link":"https:\/\/www.serapdemirag.com.tr\/?page_id=11006","title":{"rendered":"Alb\u00fcmden"},"content":{"rendered":"<div class=\"wpb-content-wrapper\"><p>[vc_row][vc_column][vc_empty_space height=&#8221;120&#8243;][vc_custom_heading text=&#8221;Foto\u011fraf Alb\u00fcm\u00fcnden Kareler&#8221; font_container=&#8221;tag:h2|text_align:left|color:%23DD3333&#8243; use_theme_fonts=&#8221;yes&#8221; css=&#8221;&#8221;][vc_empty_space][vc_media_grid element_width=&#8221;2&#8243; gap=&#8221;15&#8243; css=&#8221;&#8221; initial_loading_animation=&#8221;zoomIn&#8221; grid_id=&#8221;vc_gid:1750109019855-4769091c-9463-10&#8243; include=&#8221;11090,11091,11092,11093,11094,11095,11096,11097,11098,11099,11100,11101,11102,11118,11103,11104,11105,11106,11107,11108,11124,11109,11110,11111,11112,11113,11114,11119,11115,11116,11117,11120,11121,11122,11123,11125&#8243;][vc_empty_space][vc_separator color=&#8221;black&#8221; style=&#8221;shadow&#8221; border_width=&#8221;3&#8243; css=&#8221;&#8221;][\/vc_column][\/vc_row]<\/p>\n<\/div>","protected":false},"excerpt":{"rendered":"<p>[vc_row][vc_column][vc_empty_space height=&#8221;120&#8243;][vc_custom_heading text=&#8221;Foto\u011fraf Alb\u00fcm\u00fcnden Kareler&#8221; font_container=&#8221;tag:h2|text_align:left|color:%23DD3333&#8243; use_theme_fonts=&#8221;yes&#8221; css=&#8221;&#8221;][vc_empty_space][vc_media_grid element_width=&#8221;2&#8243; gap=&#8221;15&#8243; css=&#8221;&#8221; initial_loading_animation=&#8221;zoomIn&#8221; grid_id=&#8221;vc_gid:1750109019855-4769091c-9463-10&#8243; include=&#8221;11090,11091,11092,11093,11094,11095,11096,11097,11098,11099,11100,11101,11102,11118,11103,11104,11105,11106,11107,11108,11124,11109,11110,11111,11112,11113,11114,11119,11115,11116,11117,11120,11121,11122,11123,11125&#8243;][vc_empty_space][vc_separator color=&#8221;black&#8221; style=&#8221;shadow&#8221; border_width=&#8221;3&#8243; css=&#8221;&#8221;][\/vc_column][\/vc_row]<\/p>\n","protected":false},"author":1,"featured_media":0,"parent":0,"menu_order":0,"comment_status":"closed","ping_status":"closed","template":"page.php","meta":{"footnotes":""},"class_list":["post-11006","page","type-page","status-publish","hentry"],"_links":{"self":[{"href":"https:\/\/www.serapdemirag.com.tr\/index.php?rest_route=\/wp\/v2\/pages\/11006","targetHints":{"allow":["GET"]}}],"collection":[{"href":"https:\/\/www.serapdemirag.com.tr\/index.php?rest_route=\/wp\/v2\/pages"}],"about":[{"href":"https:\/\/www.serapdemirag.com.tr\/index.php?rest_route=\/wp\/v2\/types\/page"}],"author":[{"embeddable":true,"href":"https:\/\/www.serapdemirag.com.tr\/index.php?rest_route=\/wp\/v2\/users\/1"}],"replies":[{"embeddable":true,"href":"https:\/\/www.serapdemirag.com.tr\/index.php?rest_route=%2Fwp%2Fv2%2Fcomments&post=11006"}],"version-history":[{"count":12,"href":"https:\/\/www.serapdemirag.com.tr\/index.php?rest_route=\/wp\/v2\/pages\/11006\/revisions"}],"predecessor-version":[{"id":11569,"href":"https:\/\/www.serapdemirag.com.tr\/index.php?rest_route=\/wp\/v2\/pages\/11006\/revisions\/11569"}],"wp:attachment":[{"href":"https:\/\/www.serapdemirag.com.tr\/index.php?rest_route=%2Fwp%2Fv2%2Fmedia&parent=11006"}],"curies":[{"name":"wp","href":"https:\/\/api.w.org\/{rel}","templated":true}]}}