{"id":11008,"date":"2025-06-13T21:26:25","date_gmt":"2025-06-13T21:26:25","guid":{"rendered":"https:\/\/www.serapdemirag.com.tr\/?page_id=11008"},"modified":"2025-06-22T11:07:55","modified_gmt":"2025-06-22T11:07:55","slug":"gorsel-basinda","status":"publish","type":"page","link":"https:\/\/www.serapdemirag.com.tr\/?page_id=11008","title":{"rendered":"G\u00f6rsel Bas\u0131nda"},"content":{"rendered":"<div class=\"wpb-content-wrapper\"><p>[vc_row][vc_column][vc_empty_space height=&#8221;120&#8243;][vc_row_inner][vc_column_inner][vc_custom_heading text=&#8221;Ege B\u00f6lgesinin Ukrayna Derne\u011fi Ba\u015fkan\u0131 Diana Osypenko;&#8221; font_container=&#8221;tag:h2|text_align:left|color:%23DD3333&#8243; use_theme_fonts=&#8221;yes&#8221; css=&#8221;&#8221;][vc_empty_space height=&#8221;10&#8243;][vc_column_text css=&#8221;&#8221;]&#8221;<strong><em>Sevgili arkada\u015flar bug\u00fcn a\u00e7\u0131l\u0131\u015f\u0131na geldi\u011fimiz Serap Demirag&#8217;in muhte\u015fem sergisini size g\u00f6stermek istedik, Bu eserleri asl\u0131nda anlatmaya gerek yok. Bu muhte\u015fem yap\u0131tlar kendilerini son derece g\u00fczel anlat\u0131yorlar, mutlaka gelip g\u00f6rmeniz gereken bir sergi, davet i\u00e7in \u00e7ok te\u015fekk\u00fcr ederiz.<\/em><\/strong>&#8220;,\u00a0 17 A\u011fustos 2020[\/vc_column_text][\/vc_column_inner][\/vc_row_inner][vc_row_inner content_placement=&#8221;top&#8221;][vc_column_inner width=&#8221;1\/3&#8243; css=&#8221;.vc_custom_1750111087438{margin-top: -180px !important;}&#8221;][vc_video link=&#8221;https:\/\/www.serapdemirag.com.tr\/wp-content\/uploads\/2025\/06\/movie1.mp4&#8243; css=&#8221;&#8221;][\/vc_column_inner][vc_column_inner width=&#8221;1\/3&#8243; css=&#8221;.vc_custom_1750111097915{margin-top: -180px !important;}&#8221;][vc_video link=&#8221;https:\/\/www.serapdemirag.com.tr\/wp-content\/uploads\/2025\/06\/movie2.mp4&#8243; css=&#8221;&#8221;][\/vc_column_inner][vc_column_inner width=&#8221;1\/3&#8243; css=&#8221;.vc_custom_1750111106241{margin-top: -180px !important;}&#8221;][vc_video link=&#8221;https:\/\/www.serapdemirag.com.tr\/wp-content\/uploads\/2025\/06\/movie3.mp4&#8243; css=&#8221;&#8221;][\/vc_column_inner][\/vc_row_inner][vc_empty_space][vc_column_text css=&#8221;&#8221;]<\/p>\n<div dir=\"auto\"><em>* Ege B\u00f6lgesi Ukraynal\u0131lar Derne\u011fi kurucular\u0131na \u00e7ok te\u015fekk\u00fcr ederim.<\/em><\/div>\n<div dir=\"auto\"><em>* Thank you so much for the founders of the Aegean Region Ukrainians Association.<\/em><\/div>\n<div dir=\"auto\"><em>* \u0411\u043e\u043b\u044c\u0448\u043e\u0435 \u0441\u043f\u0430\u0441\u0438\u0431\u043e \u043e\u0441\u043d\u043e\u0432\u0430\u0442\u0435\u043b\u044f\u043c \u0410\u0441\u0441\u043e\u0446\u0438\u0430\u0446\u0438\u0438 \u0443\u043a\u0440\u0430\u0438\u043d\u0446\u0435\u0432 \u042d\u0433\u0435\u0439\u0441\u043a\u043e\u0433\u043e \u0440\u0435\u0433\u0438\u043e\u043d\u0430.<\/em><\/div>\n<div dir=\"auto\"><em><strong>\u00a0 \u00a0 \u00a0 \u00a0 \u00a0 \u00a0 \u00a0 \u00a0 \u00a0 \u00a0 \u00a0 \u00a0 \u00a0 \u00a0 \u00a0 \u00a0 \u00a0 \u00a0 \u00a0 \u00a0 \u00a0 \u00a0 \u00a0 \u00a0 \u00a0 \u00a0 \u00a0 \u00a0 \u00a0 \u00a0 \u00a0 \u00a0 \u00a0 \u00a0 \u00a0 \u00a0 \u00a0 \u00a0 \u00a0 \u00a0 \u00a0 \u00a0 \u00a0 \u00a0 \u00a0 \u00a0 \u00a0 \u00a0 \u00a0 \u00a0 \u00a0 \u00a0 \u00a0 \u00a0 Serap Demira\u011f<\/strong><\/em><\/div>\n<p>[\/vc_column_text][vc_empty_space][vc_separator color=&#8221;black&#8221; style=&#8221;shadow&#8221; css=&#8221;&#8221;][vc_empty_space][vc_row_inner][vc_column_inner width=&#8221;1\/2&#8243;][vc_custom_heading text=&#8221;G\u00fclseren S\u00f6nmez&#8221; font_container=&#8221;tag:h2|text_align:left|color:%23DD3333&#8243; use_theme_fonts=&#8221;yes&#8221; css=&#8221;&#8221;][vc_column_text css=&#8221;&#8221;]<a href=\"https:\/\/www.serapdemirag.com.tr\/?page_id=12023\"><strong>Serap Demira\u011f Resimleri Epik \u015eiirdir<\/strong><\/a>, Ekim 2022[\/vc_column_text][\/vc_column_inner][vc_column_inner width=&#8221;1\/2&#8243;][\/vc_column_inner][\/vc_row_inner][vc_empty_space][vc_separator color=&#8221;black&#8221; style=&#8221;shadow&#8221; css=&#8221;&#8221;][vc_empty_space][vc_row_inner][vc_column_inner width=&#8221;1\/2&#8243;][vc_custom_heading text=&#8221;Bodrum Kent TV&#8221; font_container=&#8221;tag:h2|text_align:left|color:%23DD3333&#8243; use_theme_fonts=&#8221;yes&#8221; css=&#8221;&#8221;][vc_column_text css=&#8221;&#8221;]&#8221;<strong><em>50 Sanat Y\u0131l\u0131n\u0131 Sergi ile Kutluyor<\/em><\/strong>&#8220;,\u00a009 A\u011fustos 2020[\/vc_column_text][\/vc_column_inner][vc_column_inner width=&#8221;1\/2&#8243;][vc_video link=&#8221;https:\/\/www.youtube.com\/watch?v=8SzXda2ywys&#8221; css=&#8221;&#8221;][\/vc_column_inner][vc_column_inner][vc_empty_space][\/vc_column_inner][\/vc_row_inner][vc_separator color=&#8221;black&#8221; style=&#8221;shadow&#8221; css=&#8221;&#8221;][vc_empty_space][vc_row_inner][vc_column_inner width=&#8221;1\/3&#8243;][vc_custom_heading text=&#8221;Moon Life Dergisi&#8221; font_container=&#8221;tag:h2|text_align:left|color:%23DD3333&#8243; use_theme_fonts=&#8221;yes&#8221; css=&#8221;&#8221;][vc_column_text css=&#8221;&#8221;]<strong>K\u00fclt\u00fcr &amp; Sanat, Meltem Akta\u015f<\/strong>,\u00a0 16 Nisan 2018[\/vc_column_text][\/vc_column_inner][vc_column_inner width=&#8221;1\/3&#8243;][vc_single_image image=&#8221;12019&#8243; img_size=&#8221;full&#8221; onclick=&#8221;link_image&#8221; css=&#8221;&#8221;][\/vc_column_inner][vc_column_inner width=&#8221;1\/3&#8243;][vc_single_image image=&#8221;12020&#8243; img_size=&#8221;Full&#8221; onclick=&#8221;link_image&#8221; css=&#8221;&#8221;][\/vc_column_inner][\/vc_row_inner][vc_empty_space][vc_separator color=&#8221;black&#8221; style=&#8221;shadow&#8221; css=&#8221;&#8221;][vc_empty_space][vc_row_inner][vc_column_inner width=&#8221;1\/2&#8243;][vc_custom_heading text=&#8221;Ak\u0131n OK ile Yery\u00fcz\u00fc Sesleri&#8221; font_container=&#8221;tag:h2|text_align:left|color:%23DD3333&#8243; use_theme_fonts=&#8221;yes&#8221; css=&#8221;&#8221;][vc_column_text css=&#8221;&#8221;]<\/p>\n<p class=\"title style-scope ytd-video-primary-info-renderer\">&#8220;<strong><em>Mihriban Serap\u00a0DEM\u0130RA\u011e<\/em><\/strong>&#8220;, 13 Nisan 2018<\/p>\n<p>[\/vc_column_text][\/vc_column_inner][vc_column_inner width=&#8221;1\/2&#8243;][vc_video link=&#8221;https:\/\/www.youtube.com\/watch?v=JsJhI7nVQBM&#8221; css=&#8221;&#8221;][\/vc_column_inner][\/vc_row_inner][vc_empty_space][vc_separator color=&#8221;black&#8221; style=&#8221;shadow&#8221; css=&#8221;&#8221;][vc_empty_space][vc_row_inner][vc_column_inner width=&#8221;1\/2&#8243;][vc_custom_heading text=&#8221;Nureddin Ero\u011flu&#8221; font_container=&#8221;tag:h2|text_align:left|color:%23DD3333&#8243; use_theme_fonts=&#8221;yes&#8221; css=&#8221;&#8221;][vc_column_text css=&#8221;&#8221;]&#8221;<strong><em>Say\u0131n Mihriban Serap Demira\u011f<\/em><\/strong>&#8221; ,\u00a022 Haziran 2015[\/vc_column_text][\/vc_column_inner][vc_column_inner width=&#8221;1\/2&#8243;][vc_video link=&#8221;https:\/\/www.youtube.com\/watch?v=6Z6qEliRz2E&#8221; css=&#8221;&#8221;][\/vc_column_inner][vc_column_inner][vc_empty_space][\/vc_column_inner][\/vc_row_inner][vc_separator color=&#8221;black&#8221; style=&#8221;shadow&#8221; css=&#8221;&#8221;][vc_empty_space][vc_row_inner][vc_column_inner width=&#8221;1\/2&#8243;][vc_custom_heading text=&#8221;Serap Demira\u011f&#8221; font_container=&#8221;tag:h2|text_align:left|color:%23DD3333&#8243; use_theme_fonts=&#8221;yes&#8221; css=&#8221;&#8221;][vc_column_text css=&#8221;&#8221;]<em><strong>Fantastik Realizm Eserlerinden Bir K\u0131sm\u0131&#8230;<\/strong><\/em> 10 \u015eubat 2012[\/vc_column_text][\/vc_column_inner][vc_column_inner width=&#8221;1\/2&#8243;][vc_video link=&#8221;https:\/\/www.youtube.com\/watch?v=hJht0fKvLWI&#8221; css=&#8221;&#8221;][\/vc_column_inner][\/vc_row_inner][vc_empty_space][vc_separator color=&#8221;black&#8221; style=&#8221;shadow&#8221; css=&#8221;&#8221;][vc_empty_space][vc_row_inner][vc_column_inner width=&#8221;1\/2&#8243;][vc_custom_heading text=&#8221;Serap Demira\u011f&#8221; font_container=&#8221;tag:h2|text_align:left|color:%23DD3333&#8243; use_theme_fonts=&#8221;yes&#8221; css=&#8221;&#8221;][vc_column_text css=&#8221;&#8221;]<em><strong>Fantastic Realist Painter.\u00a0<\/strong><\/em>12 \u015eubat 2012[\/vc_column_text][\/vc_column_inner][vc_column_inner width=&#8221;1\/2&#8243;][vc_video link=&#8221;https:\/\/www.youtube.com\/watch?v=ATOU6TtocZg&#8221; css=&#8221;&#8221;][\/vc_column_inner][\/vc_row_inner][vc_empty_space][vc_separator color=&#8221;black&#8221; style=&#8221;shadow&#8221; css=&#8221;&#8221;][vc_empty_space][vc_row_inner][vc_column_inner width=&#8221;1\/2&#8243;][vc_custom_heading text=&#8221;Serap Demira\u011f&#8221; font_container=&#8221;tag:h2|text_align:left|color:%23DD3333&#8243; use_theme_fonts=&#8221;yes&#8221; css=&#8221;&#8221;][vc_column_text css=&#8221;&#8221;]<em><strong>Serap Demira\u011f&#8217;\u0131n Fantastik Realizm Retrospektif \u00c7al\u0131\u015fmalar\u0131ndan \u00d6rnekler.<\/strong><\/em><\/p>\n<p><span class=\"style-scope yt-formatted-string bold\" dir=\"auto\">22 May\u0131s 2015<\/span>[\/vc_column_text][\/vc_column_inner][vc_column_inner width=&#8221;1\/2&#8243;][vc_video link=&#8221;https:\/\/www.youtube.com\/watch?v=zBH6N-TR6GA&#8221; css=&#8221;&#8221;][\/vc_column_inner][\/vc_row_inner][vc_empty_space][vc_separator color=&#8221;black&#8221; style=&#8221;shadow&#8221; css=&#8221;&#8221;][vc_empty_space][vc_row_inner][vc_column_inner width=&#8221;1\/2&#8243;][vc_custom_heading text=&#8221;Serap Demira\u011f&#8221; font_container=&#8221;tag:h2|text_align:left|color:%23DD3333&#8243; use_theme_fonts=&#8221;yes&#8221; css=&#8221;&#8221;][vc_column_text css=&#8221;&#8221;]<em><strong>Serap Demira\u011f&#8217;\u0131n 45. Sanat Y\u0131l\u0131 Sergilerinden G\u00f6r\u00fcnt\u00fcler..<\/strong><\/em>.<\/p>\n<p>28 Temmuz 2015[\/vc_column_text][\/vc_column_inner][vc_column_inner width=&#8221;1\/2&#8243;][vc_video link=&#8221;https:\/\/www.youtube.com\/watch?v=9s97UtjXx8g&#8221; css=&#8221;&#8221;][\/vc_column_inner][\/vc_row_inner][vc_empty_space][vc_separator color=&#8221;black&#8221; style=&#8221;shadow&#8221; css=&#8221;&#8221;][\/vc_column][\/vc_row]<\/p>\n<\/div>","protected":false},"excerpt":{"rendered":"<p>[vc_row][vc_column][vc_empty_space height=&#8221;120&#8243;][vc_row_inner][vc_column_inner][vc_custom_heading text=&#8221;Ege B\u00f6lgesinin Ukrayna Derne\u011fi Ba\u015fkan\u0131 Diana Osypenko;&#8221; font_container=&#8221;tag:h2|text_align:left|color:%23DD3333&#8243; use_theme_fonts=&#8221;yes&#8221; css=&#8221;&#8221;][vc_empty_space height=&#8221;10&#8243;][vc_column_text css=&#8221;&#8221;]&#8221;Sevgili arkada\u015flar bug\u00fcn a\u00e7\u0131l\u0131\u015f\u0131na geldi\u011fimiz Serap Demirag&#8217;in muhte\u015fem sergisini size g\u00f6stermek istedik, Bu eserleri asl\u0131nda anlatmaya gerek yok. Bu muhte\u015fem yap\u0131tlar kendilerini son derece g\u00fczel anlat\u0131yorlar, mutlaka gelip g\u00f6rmeniz gereken bir sergi, davet i\u00e7in \u00e7ok te\u015fekk\u00fcr ederiz.&#8220;,\u00a0 17 A\u011fustos 2020[\/vc_column_text][\/vc_column_inner][\/vc_row_inner][vc_row_inner content_placement=&#8221;top&#8221;][vc_column_inner width=&#8221;1\/3&#8243; [&hellip;]<\/p>\n","protected":false},"author":1,"featured_media":0,"parent":0,"menu_order":0,"comment_status":"closed","ping_status":"closed","template":"page.php","meta":{"footnotes":""},"class_list":["post-11008","page","type-page","status-publish","hentry"],"_links":{"self":[{"href":"https:\/\/www.serapdemirag.com.tr\/index.php?rest_route=\/wp\/v2\/pages\/11008","targetHints":{"allow":["GET"]}}],"collection":[{"href":"https:\/\/www.serapdemirag.com.tr\/index.php?rest_route=\/wp\/v2\/pages"}],"about":[{"href":"https:\/\/www.serapdemirag.com.tr\/index.php?rest_route=\/wp\/v2\/types\/page"}],"author":[{"embeddable":true,"href":"https:\/\/www.serapdemirag.com.tr\/index.php?rest_route=\/wp\/v2\/users\/1"}],"replies":[{"embeddable":true,"href":"https:\/\/www.serapdemirag.com.tr\/index.php?rest_route=%2Fwp%2Fv2%2Fcomments&post=11008"}],"version-history":[{"count":40,"href":"https:\/\/www.serapdemirag.com.tr\/index.php?rest_route=\/wp\/v2\/pages\/11008\/revisions"}],"predecessor-version":[{"id":12115,"href":"https:\/\/www.serapdemirag.com.tr\/index.php?rest_route=\/wp\/v2\/pages\/11008\/revisions\/12115"}],"wp:attachment":[{"href":"https:\/\/www.serapdemirag.com.tr\/index.php?rest_route=%2Fwp%2Fv2%2Fmedia&parent=11008"}],"curies":[{"name":"wp","href":"https:\/\/api.w.org\/{rel}","templated":true}]}}