{"id":11024,"date":"2025-06-13T21:29:47","date_gmt":"2025-06-13T21:29:47","guid":{"rendered":"https:\/\/www.serapdemirag.com.tr\/?page_id=11024"},"modified":"2025-06-19T12:41:00","modified_gmt":"2025-06-19T12:41:00","slug":"resim-calismalari","status":"publish","type":"page","link":"https:\/\/www.serapdemirag.com.tr\/?page_id=11024","title":{"rendered":"Resim \u00c7al\u0131\u015fmalar\u0131"},"content":{"rendered":"<div class=\"wpb-content-wrapper\"><p>[vc_row][vc_column][vc_empty_space height=&#8221;120&#8243;][vc_custom_heading text=&#8221;Resim \u00c7al\u0131\u015fmalar\u0131&#8221; font_container=&#8221;tag:h2|text_align:left|color:%23DD3333&#8243; use_theme_fonts=&#8221;yes&#8221; css=&#8221;&#8221;][vc_empty_space]<style type='text\/css'>#cbpw-wrap56 {margin:0px 0px 0px 0px;}#cbpw-grid56 .cbp-l-caption-title {color:#f5f5f5;background-color:transparent;font-size:15px;font-family:Nunito,Arial;font-weight:700;font-style:normal;line-height:21px;text-align:center;padding:0px 0px 0px 0px;margin:0px 0px 0px 0px;text-transform:uppercase;}#cbpw-grid56 .cbp-l-caption-desc {color:#aaa;background-color:transparent;font-size:12px;font-family:Open Sans;font-weight:400;font-style:normal;line-height:16px;text-align:center;padding:0px 0px 0px 0px;margin:0px 0px 0px 0px;text-transform:none;}#cbpw-grid56 .cbp-caption-activeWrap {background-color:#101010;}#cbpw-filters1 .cbp-l-filters-dropdownWrap {background-color:#4d4c4d;}#cbpw-filters1 .cbp-l-filters-dropdownHeader {background-color:transparent;color:#FFFFFF;font-size:12px;font-family:Open Sans,sans-serif;font-weight:400;font-style:normal;line-height:38px;margin:0px 17px 0px 17px;text-transform:none;}#cbpw-filters1 .cbp-filter-item {background-color:transparent;border-width:1px 0px 0px 0px;border-style:solid;border-color:#595959;color:#b3b3b3;font-size:12px;font-family:Open Sans,sans-serif;font-weight:400;font-style:normal;line-height:40px;padding:0px 17px 0px 17px;text-transform:none;}#cbpw-filters1 .cbp-filter-item:hover {background-color:transparent;border-width:1px 0px 0px 0px;border-style:solid;border-color:#595959;color:#e6e6e6;font-size:12px;font-family:Open Sans,sans-serif;font-weight:400;font-style:normal;line-height:40px;padding:0px 17px 0px 17px;text-transform:none;}#cbpw-filters1 .cbp-filter-item.cbp-filter-item-active {background-color:transparent;border-width:1px 0px 0px 0px;border-style:solid;border-color:#595959;color:#FFFFFF;font-size:12px;font-family:Open Sans,sans-serif;font-weight:400;font-style:normal;line-height:40px;padding:0px 17px 0px 17px;text-transform:none;}#cbpw-filters1 .cbp-filter-item.cbp-filter-item-active:hover {background-color:transparent;border-width:1px 0px 0px 0px;border-style:solid;border-color:#595959;color:#FFFFFF;font-size:12px;font-family:Open Sans,sans-serif;font-weight:400;font-style:normal;line-height:40px;padding:0px 17px 0px 17px;text-transform:none;}#cbpw-loadMore56 .cbp-l-loadMore-link {color:#7E7B7B;background-color:transparent;border-width:1px 1px 1px 1px;border-style:solid;border-color:#DEDEDE;font-size:12px;font-family:Open Sans,sans-serif;font-weight:400;font-style:normal;line-height:34px;text-align:center;padding:0px 30px 0px 30px;margin:40px 0px 0px 0px;text-transform:none;}#cbpw-loadMore56 .cbp-l-loadMore-link:hover {color:#B0B0B0;background-color:transparent;border-width:1px 1px 1px 1px;border-style:solid;border-color:#DEDEDE;font-size:12px;font-family:Open Sans,sans-serif;font-weight:400;font-style:normal;line-height:34px;text-align:center;padding:0px 30px 0px 30px;margin:40px 0px 0px 0px;text-transform:none;}#cbpw-loadMore56 .cbp-l-loadMore-loading {color:#B0B0B0;background-color:transparent;border-width:1px 1px 1px 1px;border-style:solid;border-color:#DEDEDE;font-size:12px;font-family:Open Sans,sans-serif;font-weight:400;font-style:normal;line-height:34px;text-align:center;padding:0px 30px 0px 30px;margin:40px 0px 0px 0px;text-transform:none;}#cbpw-loadMore56 .cbp-l-loadMore-loading:hover {color:#B0B0B0;background-color:transparent;border-width:1px 1px 1px 1px;border-style:solid;border-color:#DEDEDE;font-size:12px;font-family:Open Sans,sans-serif;font-weight:400;font-style:normal;line-height:34px;text-align:center;padding:0px 30px 0px 30px;margin:40px 0px 0px 0px;text-transform:none;}#cbpw-loadMore56 .cbp-l-loadMore-stop {color:#B0B0B0;background-color:transparent;border-width:1px 1px 1px 1px;border-style:solid;border-color:#DEDEDE;font-size:12px;font-family:Open Sans,sans-serif;font-weight:400;font-style:normal;line-height:34px;text-align:center;padding:0px 30px 0px 30px;margin:40px 0px 0px 0px;text-transform:none;}#cbpw-loadMore56 .cbp-l-loadMore-stop:hover {color:#B0B0B0;background-color:transparent;border-width:1px 1px 1px 1px;border-style:solid;border-color:#DEDEDE;font-size:12px;font-family:Open Sans,sans-serif;font-weight:400;font-style:normal;line-height:34px;text-align:center;padding:0px 30px 0px 30px;margin:40px 0px 0px 0px;text-transform:none;}#cbpw-singlePage56 .cbp-popup-navigation-wrap {background-color:#34425C;}#cbpw-singlePage56 .cbp-popup-singlePage-counter {color:#bbc0df;font-size:16;font-family:Open Sans;font-weight:400;font-style:normal;}<\/style><link rel=\"stylesheet\" href=\"\/\/fonts.googleapis.com\/css?family=Nunito:700normal\" type=\"text\/css\" media=\"all\" property=\"stylesheet\"><link rel=\"stylesheet\" href=\"\/\/fonts.googleapis.com\/css?family=Open+Sans:400normal\" type=\"text\/css\" media=\"all\" property=\"stylesheet\"><div id=\"cbpw-wrap56\"><div id=\"cbpw-grid56\" class=\"cbp-l-grid-masonry cbp\"><div><div class=\"cbp-item logo\"><a href=\"\/\/www.serapdemirag.com.tr\/?page_id=12016\" class=\"cbp-caption cbp-simpleLink\" data-title=\"data title\"><div class=\"cbp-caption-defaultWrap\"><img decoding=\"async\" src=\"\/\/www.serapdemirag.com.tr\/wp-content\/uploads\/2025\/06\/Ve-Isik-Ve-Ates_2.jpg\" alt=\"\"><\/div><div class=\"cbp-caption-activeWrap\"><div class=\"cbp-l-caption-alignCenter\"><div class=\"cbp-l-caption-body\"><div class=\"cbp-l-caption-title\">Ve I\u015f\u0131k... Ve Ate\u015f...<\/div><div class=\"cbp-l-caption-desc\">2022 - 2025<\/div><\/div><\/div><\/div><\/a><\/div><div class=\"cbp-item logo\"><a href=\"\/\/www.serapdemirag.com.tr\/?page_id=11588\" class=\"cbp-caption cbp-simpleLink\" data-title=\"data title\"><div class=\"cbp-caption-defaultWrap\"><img decoding=\"async\" src=\"\/\/www.serapdemirag.com.tr\/wp-content\/uploads\/2025\/07\/Ve-Isik-Ve-Ates-220.png\" alt=\"\"><\/div><div class=\"cbp-caption-activeWrap\"><div class=\"cbp-l-caption-alignCenter\"><div class=\"cbp-l-caption-body\"><div class=\"cbp-l-caption-title\">Ve I\u015f\u0131k... Ve Ate\u015f...<\/div><div class=\"cbp-l-caption-desc\">2017 -2021<\/div><\/div><\/div><\/div><\/a><\/div><div class=\"cbp-item logo\"><a href=\"\/\/www.serapdemirag.com.tr\/?page_id=12314\" class=\"cbp-caption cbp-simpleLink\" data-title=\"data title\"><div class=\"cbp-caption-defaultWrap\"><img decoding=\"async\" src=\"\/\/www.serapdemirag.com.tr\/wp-content\/uploads\/2025\/06\/Ve-Isik.-Ve-Ates.jpg\" alt=\"\"><\/div><div class=\"cbp-caption-activeWrap\"><div class=\"cbp-l-caption-alignCenter\"><div class=\"cbp-l-caption-body\"><div class=\"cbp-l-caption-title\">Ve I\u015f\u0131k... Ve Ate\u015f...<\/div><div class=\"cbp-l-caption-desc\">2012-2016<\/div><\/div><\/div><\/div><\/a><\/div><div class=\"cbp-item logo\"><a href=\"\/\/www.serapdemirag.com.tr\/?page_id=11723\" class=\"cbp-caption cbp-simpleLink\" data-title=\"data title\"><div class=\"cbp-caption-defaultWrap\"><img decoding=\"async\" src=\"\/\/www.serapdemirag.com.tr\/wp-content\/uploads\/2025\/06\/Su-1.jpg\" alt=\"\"><\/div><div class=\"cbp-caption-activeWrap\"><div class=\"cbp-l-caption-alignCenter\"><div class=\"cbp-l-caption-body\"><div class=\"cbp-l-caption-title\">Ve I\u015f\u0131k... Ve Ate\u015f... Ve Su...<\/div><div class=\"cbp-l-caption-desc\">2005<\/div><\/div><\/div><\/div><\/a><\/div><div class=\"cbp-item logo\"><a href=\"\/\/www.serapdemirag.com.tr\/?page_id=11947\" class=\"cbp-caption cbp-simpleLink\" data-title=\"data title\"><div class=\"cbp-caption-defaultWrap\"><img decoding=\"async\" src=\"\/\/www.serapdemirag.com.tr\/wp-content\/uploads\/2025\/06\/Umut.jpg\" alt=\"\"><\/div><div class=\"cbp-caption-activeWrap\"><div class=\"cbp-l-caption-alignCenter\"><div class=\"cbp-l-caption-body\"><div class=\"cbp-l-caption-title\">Ve I\u015f\u0131k... Ve Ate\u015f... Ve Umut...<\/div><div class=\"cbp-l-caption-desc\">2001 -2002<\/div><\/div><\/div><\/div><\/a><\/div><div class=\"cbp-item logo\"><a href=\"\/\/www.serapdemirag.com.tr\/?page_id=11709\" class=\"cbp-caption cbp-simpleLink\" data-title=\"data title\"><div class=\"cbp-caption-defaultWrap\"><img decoding=\"async\" src=\"\/\/www.serapdemirag.com.tr\/wp-content\/uploads\/2025\/06\/Can-1.jpg\" alt=\"\"><\/div><div class=\"cbp-caption-activeWrap\"><div class=\"cbp-l-caption-alignCenter\"><div class=\"cbp-l-caption-body\"><div class=\"cbp-l-caption-title\">Ve I\u015f\u0131k... Ve Ate\u015f... Ve Can...<\/div><div class=\"cbp-l-caption-desc\">2009<\/div><\/div><\/div><\/div><\/a><\/div><div class=\"cbp-item logo\"><a href=\"\/\/www.serapdemirag.com.tr\/?page_id=11946\" class=\"cbp-caption cbp-simpleLink\" data-title=\"data title\"><div class=\"cbp-caption-defaultWrap\"><img decoding=\"async\" src=\"\/\/www.serapdemirag.com.tr\/wp-content\/uploads\/2025\/06\/Insan.jpg\" alt=\"\"><\/div><div class=\"cbp-caption-activeWrap\"><div class=\"cbp-l-caption-alignCenter\"><div class=\"cbp-l-caption-body\"><div class=\"cbp-l-caption-title\">Ve I\u015f\u0131k... Ve Ate\u015f... Ve \u0130nsan...<\/div><div class=\"cbp-l-caption-desc\">2003 - 2004<\/div><\/div><\/div><\/div><\/a><\/div><div class=\"cbp-item logo\"><a href=\"\/\/www.serapdemirag.com.tr\/?page_id=11738\" class=\"cbp-caption cbp-simpleLink\" data-title=\"data title\"><div class=\"cbp-caption-defaultWrap\"><img decoding=\"async\" src=\"\/\/www.serapdemirag.com.tr\/wp-content\/uploads\/2025\/06\/Ask-1.jpg\" alt=\"\"><\/div><div class=\"cbp-caption-activeWrap\"><div class=\"cbp-l-caption-alignCenter\"><div class=\"cbp-l-caption-body\"><div class=\"cbp-l-caption-title\">Ve I\u015f\u0131k... Ve Ate\u015f... Ve A\u015fk...<\/div><div class=\"cbp-l-caption-desc\">2007<\/div><\/div><\/div><\/div><\/a><\/div><div class=\"cbp-item logo\"><a href=\"\/\/www.serapdemirag.com.tr\/?page_id=11943\" class=\"cbp-caption cbp-simpleLink\" data-title=\"data title\"><div class=\"cbp-caption-defaultWrap\"><img decoding=\"async\" src=\"\/\/www.serapdemirag.com.tr\/wp-content\/uploads\/2025\/06\/Bilim-1.jpg\" alt=\"\"><\/div><div class=\"cbp-caption-activeWrap\"><div class=\"cbp-l-caption-alignCenter\"><div class=\"cbp-l-caption-body\"><div class=\"cbp-l-caption-title\">Ve I\u015f\u0131k... Ve Ate\u015f... Ve Bilim...<\/div><div class=\"cbp-l-caption-desc\">2000 - 2001<\/div><\/div><\/div><\/div><\/a><\/div><div class=\"cbp-item logo\"><a href=\"\/\/www.serapdemirag.com.tr\/?page_id=11924\" class=\"cbp-caption cbp-simpleLink\" data-title=\"data title\"><div class=\"cbp-caption-defaultWrap\"><img decoding=\"async\" src=\"\/\/www.serapdemirag.com.tr\/wp-content\/uploads\/2025\/06\/Mutluluk-1.jpg\" alt=\"\"><\/div><div class=\"cbp-caption-activeWrap\"><div class=\"cbp-l-caption-alignCenter\"><div class=\"cbp-l-caption-body\"><div class=\"cbp-l-caption-title\">Ve I\u015f\u0131k... Ve Ate\u015f... Ve Mutluluk...<\/div><div class=\"cbp-l-caption-desc\">1998<\/div><\/div><\/div><\/div><\/a><\/div><div class=\"cbp-item logo\"><a href=\"\/\/www.serapdemirag.com.tr\/?page_id=11906\" class=\"cbp-caption cbp-simpleLink\" data-title=\"data title\"><div class=\"cbp-caption-defaultWrap\"><img decoding=\"async\" src=\"\/\/www.serapdemirag.com.tr\/wp-content\/uploads\/2025\/06\/Sema-1.jpg\" alt=\"\"><\/div><div class=\"cbp-caption-activeWrap\"><div class=\"cbp-l-caption-alignCenter\"><div class=\"cbp-l-caption-body\"><div class=\"cbp-l-caption-title\">Ve I\u015f\u0131k... Ve Ate\u015f... Ve Sema...<\/div><div class=\"cbp-l-caption-desc\">1995 - 2000<\/div><\/div><\/div><\/div><\/a><\/div><div class=\"cbp-item logo\"><a href=\"\/\/www.serapdemirag.com.tr\/?page_id=11854\" class=\"cbp-caption cbp-simpleLink\" data-title=\"data title\"><div class=\"cbp-caption-defaultWrap\"><img decoding=\"async\" src=\"\/\/www.serapdemirag.com.tr\/wp-content\/uploads\/2025\/06\/Olus-1.jpg\" alt=\"\"><\/div><div class=\"cbp-caption-activeWrap\"><div class=\"cbp-l-caption-alignCenter\"><div class=\"cbp-l-caption-body\"><div class=\"cbp-l-caption-title\">Ve I\u015f\u0131k... Ve Ate\u015f... Ve Olu\u015f...<\/div><div class=\"cbp-l-caption-desc\">1995 - 1997<\/div><\/div><\/div><\/div><\/a><\/div><div class=\"cbp-item logo\"><a href=\"\/\/www.serapdemirag.com.tr\/?page_id=11867\" class=\"cbp-caption cbp-simpleLink\" data-title=\"data title\"><div class=\"cbp-caption-defaultWrap\"><img decoding=\"async\" src=\"\/\/www.serapdemirag.com.tr\/wp-content\/uploads\/2025\/06\/ZoeZoyaOza-1.jpg\" alt=\"\"><\/div><div class=\"cbp-caption-activeWrap\"><div class=\"cbp-l-caption-alignCenter\"><div class=\"cbp-l-caption-body\"><div class=\"cbp-l-caption-title\">Zoe Zoya Oza<\/div><div class=\"cbp-l-caption-desc\">1993<\/div><\/div><\/div><\/div><\/a><\/div><div class=\"cbp-item logo\"><a href=\"\/\/www.serapdemirag.com.tr\/?page_id=11864\" class=\"cbp-caption cbp-simpleLink\" data-title=\"data title\"><div class=\"cbp-caption-defaultWrap\"><img decoding=\"async\" src=\"\/\/www.serapdemirag.com.tr\/wp-content\/uploads\/2025\/06\/TanrilarTanricalar-1.jpg\" alt=\"\"><\/div><div class=\"cbp-caption-activeWrap\"><div class=\"cbp-l-caption-alignCenter\"><div class=\"cbp-l-caption-body\"><div class=\"cbp-l-caption-title\">Tanr\u0131lar, Tanr\u0131\u00e7alar<\/div><div class=\"cbp-l-caption-desc\">1992<\/div><\/div><\/div><\/div><\/a><\/div><div class=\"cbp-item logo\"><a href=\"\/\/www.serapdemirag.com.tr\/?page_id=11850\" class=\"cbp-caption cbp-simpleLink\" data-title=\"data title\"><div class=\"cbp-caption-defaultWrap\"><img decoding=\"async\" src=\"\/\/www.serapdemirag.com.tr\/wp-content\/uploads\/2025\/06\/Sevgi-1.jpg\" alt=\"\"><\/div><div class=\"cbp-caption-activeWrap\"><div class=\"cbp-l-caption-alignCenter\"><div class=\"cbp-l-caption-body\"><div class=\"cbp-l-caption-title\">Ve Sevgi...<\/div><div class=\"cbp-l-caption-desc\">1990 - 1991<\/div><\/div><\/div><\/div><\/a><\/div><div class=\"cbp-item logo\"><a href=\"\/\/www.serapdemirag.com.tr\/?page_id=11815\" class=\"cbp-caption cbp-simpleLink\" data-title=\"data title\"><div class=\"cbp-caption-defaultWrap\"><img decoding=\"async\" src=\"\/\/www.serapdemirag.com.tr\/wp-content\/uploads\/2025\/06\/Uyanis-1.jpg\" alt=\"\"><\/div><div class=\"cbp-caption-activeWrap\"><div class=\"cbp-l-caption-alignCenter\"><div class=\"cbp-l-caption-body\"><div class=\"cbp-l-caption-title\">Uyan\u0131\u015f<\/div><div class=\"cbp-l-caption-desc\">1986 - 1990<\/div><\/div><\/div><\/div><\/a><\/div><div class=\"cbp-item logo\"><a href=\"\/\/www.serapdemirag.com.tr\/?page_id=11789\" class=\"cbp-caption cbp-simpleLink\" data-title=\"data title\"><div class=\"cbp-caption-defaultWrap\"><img decoding=\"async\" src=\"\/\/www.serapdemirag.com.tr\/wp-content\/uploads\/2025\/06\/Tutku-1.jpg\" alt=\"\"><\/div><div class=\"cbp-caption-activeWrap\"><div class=\"cbp-l-caption-alignCenter\"><div class=\"cbp-l-caption-body\"><div class=\"cbp-l-caption-title\">Tutku<\/div><div class=\"cbp-l-caption-desc\">1982 - 1983<\/div><\/div><\/div><\/div><\/a><\/div><div class=\"cbp-item logo\"><a href=\"\/\/www.serapdemirag.com.tr\/?page_id=11829\" class=\"cbp-caption cbp-simpleLink\" data-title=\"data title\"><div class=\"cbp-caption-defaultWrap\"><img decoding=\"async\" src=\"\/\/www.serapdemirag.com.tr\/wp-content\/uploads\/2025\/06\/Sistem-1.jpg\" alt=\"\"><\/div><div class=\"cbp-caption-activeWrap\"><div class=\"cbp-l-caption-alignCenter\"><div class=\"cbp-l-caption-body\"><div class=\"cbp-l-caption-title\">Sistem<\/div><div class=\"cbp-l-caption-desc\">1983 - 1984<\/div><\/div><\/div><\/div><\/a><\/div><div class=\"cbp-item logo\"><a href=\"\/\/www.serapdemirag.com.tr\/?page_id=11831\" class=\"cbp-caption cbp-simpleLink\" data-title=\"data title\"><div class=\"cbp-caption-defaultWrap\"><img decoding=\"async\" src=\"\/\/www.serapdemirag.com.tr\/wp-content\/uploads\/2025\/06\/Dualar-1.jpg\" alt=\"\"><\/div><div class=\"cbp-caption-activeWrap\"><div class=\"cbp-l-caption-alignCenter\"><div class=\"cbp-l-caption-body\"><div class=\"cbp-l-caption-title\">Dualar<\/div><div class=\"cbp-l-caption-desc\">1985 - 1986<\/div><\/div><\/div><\/div><\/a><\/div><div class=\"cbp-item logo\"><a href=\"\/\/www.serapdemirag.com.tr\/?page_id=11787\" class=\"cbp-caption cbp-simpleLink\" data-title=\"data title\"><div class=\"cbp-caption-defaultWrap\"><img decoding=\"async\" src=\"\/\/www.serapdemirag.com.tr\/wp-content\/uploads\/2025\/06\/Oylumlar-1.jpg\" alt=\"\"><\/div><div class=\"cbp-caption-activeWrap\"><div class=\"cbp-l-caption-alignCenter\"><div class=\"cbp-l-caption-body\"><div class=\"cbp-l-caption-title\">Oylumlar<\/div><div class=\"cbp-l-caption-desc\">1976 - 1981<\/div><\/div><\/div><\/div><\/a><\/div><div class=\"cbp-item logo\"><a href=\"\/\/www.serapdemirag.com.tr\/?page_id=11785\" class=\"cbp-caption cbp-simpleLink\" data-title=\"data title\"><div class=\"cbp-caption-defaultWrap\"><img decoding=\"async\" src=\"\/\/www.serapdemirag.com.tr\/wp-content\/uploads\/2025\/06\/Oz-1.jpg\" alt=\"\"><\/div><div class=\"cbp-caption-activeWrap\"><div class=\"cbp-l-caption-alignCenter\"><div class=\"cbp-l-caption-body\"><div class=\"cbp-l-caption-title\">\u00d6z<\/div><div class=\"cbp-l-caption-desc\">1977 - 1980<\/div><\/div><\/div><\/div><\/a><\/div><\/div><\/div><\/div><script type=\"text\/javascript\">this.initCubePortfolio =  this.initCubePortfolio || []; this.initCubePortfolio.push({id: 56, options: {\"filters\":\"\",\"loadMore\":\"\",\"loadMoreAction\":\"click\",\"search\":\"\",\"layoutMode\":\"grid\",\"sortToPreventGaps\":true,\"drag\":true,\"auto\":false,\"autoTimeout\":5000,\"autoPauseOnHover\":true,\"showNavigation\":true,\"showPagination\":true,\"rewindNav\":true,\"scrollByPage\":false,\"defaultFilter\":\"*\",\"filterDeeplinking\":false,\"animationType\":\"fadeOut\",\"gridAdjustment\":\"responsive\",\"mediaQueries\":false,\"gapHorizontal\":10,\"gapVertical\":10,\"caption\":\"zoom\",\"displayType\":\"fadeIn\",\"displayTypeSpeed\":400,\"lightboxDelegate\":\".cbp-lightbox\",\"lightboxGallery\":true,\"lightboxTitleSrc\":\"data-title\",\"lightboxCounter\":\"<div class=\\\"cbp-popup-lightbox-counter\\\">{{current}} of {{total}}<\/div>\",\"singlePageDelegate\":\".cbp-singlePage\",\"singlePageDeeplinking\":true,\"singlePageStickyNavigation\":true,\"singlePageCounter\":\"<div class=\\\"cbp-popup-singlePage-counter\\\">{{current}} of {{total}}<\/div>\",\"singlePageAnimation\":\"middle\",\"singlePageInlineDelegate\":\".cbp-singlePageInline\",\"singlePageInlineDeeplinking\":false,\"singlePageInlinePosition\":\"top\",\"singlePageInlineInFocus\":true,\"plugins\":{},\"cols\":3,\"coverRatio\":\"\"}});<\/script>[vc_empty_space][vc_separator color=&#8221;black&#8221; style=&#8221;shadow&#8221; border_width=&#8221;3&#8243; css=&#8221;&#8221;][\/vc_column][\/vc_row]<\/p>\n<\/div>","protected":false},"excerpt":{"rendered":"<p>[vc_row][vc_column][vc_empty_space height=&#8221;120&#8243;][vc_custom_heading text=&#8221;Resim \u00c7al\u0131\u015fmalar\u0131&#8221; font_container=&#8221;tag:h2|text_align:left|color:%23DD3333&#8243; use_theme_fonts=&#8221;yes&#8221; css=&#8221;&#8221;][vc_empty_space][vc_empty_space][vc_separator color=&#8221;black&#8221; style=&#8221;shadow&#8221; border_width=&#8221;3&#8243; css=&#8221;&#8221;][\/vc_column][\/vc_row]<\/p>\n","protected":false},"author":1,"featured_media":0,"parent":0,"menu_order":0,"comment_status":"closed","ping_status":"closed","template":"page.php","meta":{"footnotes":""},"class_list":["post-11024","page","type-page","status-publish","hentry"],"_links":{"self":[{"href":"https:\/\/www.serapdemirag.com.tr\/index.php?rest_route=\/wp\/v2\/pages\/11024","targetHints":{"allow":["GET"]}}],"collection":[{"href":"https:\/\/www.serapdemirag.com.tr\/index.php?rest_route=\/wp\/v2\/pages"}],"about":[{"href":"https:\/\/www.serapdemirag.com.tr\/index.php?rest_route=\/wp\/v2\/types\/page"}],"author":[{"embeddable":true,"href":"https:\/\/www.serapdemirag.com.tr\/index.php?rest_route=\/wp\/v2\/users\/1"}],"replies":[{"embeddable":true,"href":"https:\/\/www.serapdemirag.com.tr\/index.php?rest_route=%2Fwp%2Fv2%2Fcomments&post=11024"}],"version-history":[{"count":6,"href":"https:\/\/www.serapdemirag.com.tr\/index.php?rest_route=\/wp\/v2\/pages\/11024\/revisions"}],"predecessor-version":[{"id":11772,"href":"https:\/\/www.serapdemirag.com.tr\/index.php?rest_route=\/wp\/v2\/pages\/11024\/revisions\/11772"}],"wp:attachment":[{"href":"https:\/\/www.serapdemirag.com.tr\/index.php?rest_route=%2Fwp%2Fv2%2Fmedia&parent=11024"}],"curies":[{"name":"wp","href":"https:\/\/api.w.org\/{rel}","templated":true}]}}