{"id":11030,"date":"2025-06-13T21:32:12","date_gmt":"2025-06-13T21:32:12","guid":{"rendered":"https:\/\/www.serapdemirag.com.tr\/?page_id=11030"},"modified":"2025-07-05T20:13:50","modified_gmt":"2025-07-05T20:13:50","slug":"desen-calismalari","status":"publish","type":"page","link":"https:\/\/www.serapdemirag.com.tr\/?page_id=11030","title":{"rendered":"Desen \u00c7al\u0131\u015fmalar\u0131"},"content":{"rendered":"<div class=\"wpb-content-wrapper\"><p>[vc_row][vc_column][vc_empty_space height=&#8221;120&#8243;][vc_custom_heading text=&#8221;Desen \u00c7al\u0131\u015fmalar\u0131ndan \u00d6rnekler&#8221; font_container=&#8221;tag:h2|text_align:center|color:%23DD3333&#8243; use_theme_fonts=&#8221;yes&#8221; css=&#8221;&#8221;][vc_empty_space height=&#8221;32&#8243;][vc_masonry_media_grid element_width=&#8221;2&#8243; css=&#8221;&#8221; grid_id=&#8221;vc_gid:1751746363250-136caab6-5885-7&#8243; include=&#8221;12485,12486,12487,12488,12489,12490,12491,12492,12493,12494,12495,12496,12497,12498,12499,12500,12501,12502,12503,12504,12505,12506,12507,12508,12509,12510,12511,12512,12513,12514,12515,12516,12517,12518,12519,12520,12521,12522,12523,12524,12525,12526,12527,12528,12529,12530,12531,12532,12533,12534,12535,12536,12537,12538,12539,12540,12541,12542,12543,12544,12545,12546,12547,12548,12549,12550,12551,12552,12553&#8243;][vc_empty_space][vc_separator color=&#8221;black&#8221; style=&#8221;shadow&#8221; border_width=&#8221;3&#8243; css=&#8221;&#8221;][\/vc_column][\/vc_row]<\/p>\n<\/div>","protected":false},"excerpt":{"rendered":"<p>[vc_row][vc_column][vc_empty_space height=&#8221;120&#8243;][vc_custom_heading text=&#8221;Desen \u00c7al\u0131\u015fmalar\u0131ndan \u00d6rnekler&#8221; font_container=&#8221;tag:h2|text_align:center|color:%23DD3333&#8243; use_theme_fonts=&#8221;yes&#8221; css=&#8221;&#8221;][vc_empty_space height=&#8221;32&#8243;][vc_masonry_media_grid element_width=&#8221;2&#8243; css=&#8221;&#8221; grid_id=&#8221;vc_gid:1751746363250-136caab6-5885-7&#8243; include=&#8221;12485,12486,12487,12488,12489,12490,12491,12492,12493,12494,12495,12496,12497,12498,12499,12500,12501,12502,12503,12504,12505,12506,12507,12508,12509,12510,12511,12512,12513,12514,12515,12516,12517,12518,12519,12520,12521,12522,12523,12524,12525,12526,12527,12528,12529,12530,12531,12532,12533,12534,12535,12536,12537,12538,12539,12540,12541,12542,12543,12544,12545,12546,12547,12548,12549,12550,12551,12552,12553&#8243;][vc_empty_space][vc_separator color=&#8221;black&#8221; style=&#8221;shadow&#8221; border_width=&#8221;3&#8243; css=&#8221;&#8221;][\/vc_column][\/vc_row]<\/p>\n","protected":false},"author":1,"featured_media":0,"parent":0,"menu_order":0,"comment_status":"closed","ping_status":"closed","template":"page.php","meta":{"footnotes":""},"class_list":["post-11030","page","type-page","status-publish","hentry"],"_links":{"self":[{"href":"https:\/\/www.serapdemirag.com.tr\/index.php?rest_route=\/wp\/v2\/pages\/11030","targetHints":{"allow":["GET"]}}],"collection":[{"href":"https:\/\/www.serapdemirag.com.tr\/index.php?rest_route=\/wp\/v2\/pages"}],"about":[{"href":"https:\/\/www.serapdemirag.com.tr\/index.php?rest_route=\/wp\/v2\/types\/page"}],"author":[{"embeddable":true,"href":"https:\/\/www.serapdemirag.com.tr\/index.php?rest_route=\/wp\/v2\/users\/1"}],"replies":[{"embeddable":true,"href":"https:\/\/www.serapdemirag.com.tr\/index.php?rest_route=%2Fwp%2Fv2%2Fcomments&post=11030"}],"version-history":[{"count":9,"href":"https:\/\/www.serapdemirag.com.tr\/index.php?rest_route=\/wp\/v2\/pages\/11030\/revisions"}],"predecessor-version":[{"id":12556,"href":"https:\/\/www.serapdemirag.com.tr\/index.php?rest_route=\/wp\/v2\/pages\/11030\/revisions\/12556"}],"wp:attachment":[{"href":"https:\/\/www.serapdemirag.com.tr\/index.php?rest_route=%2Fwp%2Fv2%2Fmedia&parent=11030"}],"curies":[{"name":"wp","href":"https:\/\/api.w.org\/{rel}","templated":true}]}}