{"id":11175,"date":"2025-06-14T07:07:56","date_gmt":"2025-06-14T07:07:56","guid":{"rendered":"https:\/\/www.serapdemirag.com.tr\/?page_id=11175"},"modified":"2025-07-07T09:51:20","modified_gmt":"2025-07-07T09:51:20","slug":"aleme-sigmayan","status":"publish","type":"page","link":"https:\/\/www.serapdemirag.com.tr\/?page_id=11175","title":{"rendered":"Aleme S\u0131\u011fmayan"},"content":{"rendered":"<div class=\"wpb-content-wrapper\"><p>[vc_row][vc_column][vc_empty_space height=&#8221;120&#8243;][vc_custom_heading text=&#8221;Aleme S\u0131\u011fmayan&#8221; font_container=&#8221;tag:h2|text_align:left|color:%23DD3333&#8243; use_theme_fonts=&#8221;yes&#8221; css=&#8221;&#8221;][vc_empty_space height=&#8221;10&#8243;][vc_column_text css=&#8221;&#8221;]Evrenden hi\u00e7bir yer merkezi hi\u00e7bir \u015fey de merkez de\u011fil.<\/p>\n<p>Hiyerar\u015fik d\u00fczende atom bile\u015fenleriyle olu\u015fuyor de\u011fi\u015fik maddi sistemler. Biz ve bizden olanlar. Ne topraktan farkl\u0131y\u0131z ne ku\u015ftan ne kayadan farkl\u0131y\u0131z ne ta\u015ftan&#8230; Her nokta, di\u011fer noktalar\u0131n t\u00fcm\u00fcyle e\u015fitlenmi\u015f durumda. T\u00fcm par\u00e7ac\u0131klar o mekans\u0131zl\u0131kta, o sonsuz y\u00fcksek d\u00fczende birbirlerinin adeta diki\u015fsiz bir uzant\u0131s\u0131. \u00d6ylesine y\u00fcksek bir d\u00fczen ki o, \u00e7o\u011fu fizik\u00e7iyi bile \u201cTanr\u0131\u2019n\u0131n zar att\u0131\u011f\u0131na\u201d inand\u0131rmakta. D\u00fczensizlik olarak yorumlanmakta.<\/p>\n<p>\u0130\u00e7 i\u00e7e girmi\u015f bu muhte\u015fem d\u00fczen, mutlak ger\u00e7eklere ve de\u011fi\u015fmez \u00f6\u011fretilere indirgenebilir mi? S\u00f6z ilmiklerine ve ba\u011f\u0131ml\u0131l\u0131k kulelerine tutsakl\u0131k neden? \u0130skender\u2019in k\u0131l\u0131c\u0131 hala k\u0131n\u0131ndan \u00e7\u0131kar\u0131lmay\u0131 beklerken ge\u00e7mi\u015ften nas\u0131l ka\u00e7\u0131l\u0131r? Gelecek ge\u00e7mi\u015fe akm\u0131yor mu?<\/p>\n<p>Hala kuvazarlar\u0131n, semenderlerin ya da UFO\u2019lar\u0131n var olup olmad\u0131klar\u0131 tart\u0131\u015f\u0131lmakta. Asl\u0131nda, ger\u00e7ekte ilgilenilmesi gereken onlar\u0131n hangi amaca hizmet ettikleri de\u011fil mi?<\/p>\n<p>Ku\u015fkusuz saf bilginin nakli \u00e7ok zordur. O ancak sembollerle ifade bulabilir. Mana maddeye indirgenir. \u0130\u015fte sembollerin sanatla\u015fmas\u0131 budur. \u00c7\u00fcnk\u00fc sanat sembolleri arac\u0131l\u0131\u011f\u0131yla ileti\u015fim kurar. Nas\u0131l g\u00f6rebilece\u011fini bilen g\u00f6z ise, semboller perdesini a\u015f\u0131p \u00fcst ger\u00e7ekli\u011fe ula\u015f\u0131r. Evet, semboller \u00e7\u00f6z\u00fcmlenmek i\u00e7indir ve a\u015f\u0131l\u0131r. Elbette kolay de\u011fildir. \u00c7aba gerektirir. Ama \u201cOtomatik ve mekanik insan\u0131n\u201d, zannetme yan\u0131lg\u0131s\u0131ndan do\u011fan depremler \u00e7ok tehlikelidir. Onun a\u00e7t\u0131\u011f\u0131 zararlardan kurtulmak \u00e7ok daha b\u00fcy\u00fck \u00e7aba gerektirir.[\/vc_column_text][vc_empty_space][vc_column_text css=&#8221;&#8221;][\/vc_column_text][vc_row_inner][vc_column_inner width=&#8221;1\/4&#8243;][\/vc_column_inner][vc_column_inner width=&#8221;2\/4&#8243;][vc_single_image image=&#8221;12644&#8243; img_size=&#8221;full&#8221; css=&#8221;&#8221;][\/vc_column_inner][vc_column_inner width=&#8221;1\/4&#8243;][\/vc_column_inner][\/vc_row_inner][vc_empty_space height=&#8221;6&#8243;][vc_column_text css=&#8221;&#8221;]\u201c<em><strong>Zan, kendi ayaklar\u0131yla y\u0131llarca ko\u015fsa,<\/strong><\/em><\/p>\n<p><em><strong>Gene de burnunun dire\u011finden ileriye ge\u00e7emez, ileriyi g\u00f6remez.<\/strong><\/em>\u201d<\/p>\n<p><strong>\u00a0 \u00a0 \u00a0 \u00a0 \u00a0 \u00a0 \u00a0 \u00a0 \u00a0 \u00a0 \u00a0 \u00a0 \u00a0 \u00a0 \u00a0 \u00a0 \u00a0 \u00a0 \u00a0 \u00a0 \u00a0 \u00a0 \u00a0 \u00a0 \u00a0 \u00a0 \u00a0 \u00a0 \u00a0 \u00a0 \u00a0 \u00a0 \u00a0 \u00a0 \u00a0 \u00a0 \u00a0 \u00a0 \u00a0 \u00a0 \u00a0 \u00a0 \u00a0 \u00a0 \u00a0 \u00a0 \u00a0Mevl\u00e2na<\/strong><\/p>\n<p>\u00c7\u00fcnk\u00fc \u201czan\u201d bilginin, bilmenin \u00f6n\u00fcndeki a\u015f\u0131lmas\u0131 en g\u00fc\u00e7 perdedir. Enerji y\u00fckl\u00fc bir partik\u00fcl olan bilgi, ancak bilin\u00e7li antenleri taraf\u0131ndan \u00e7ekilir. Bir frekans bulu\u015fmas\u0131d\u0131r bu. T\u00fcm perdeler bu noktada a\u015f\u0131l\u0131r.<\/p>\n<p>Asl\u0131nda unutmamak gerekir ki, yery\u00fcz\u00fcnde \u201cyeni\u201d tan\u0131mlanabilecek hi\u00e7bir \u015fey yoktur. Yeni diye yorumlanmas\u0131 de\u011fi\u015fen ve geli\u015fen bilin\u00e7ten dolay\u0131d\u0131r. Unutu\u015f yasalar\u0131nca gerilen perdeler, geli\u015fen bilin\u00e7li birer birer a\u00e7\u0131l\u0131r.<\/p>\n<p>\u201c<em><strong>O\u011ful, B\u00fct\u00fcn d\u00fcnyay\u0131 testi bil;<\/strong><\/em><\/p>\n<p><em><strong>Hem de a\u011fz\u0131na dek bilgiyle,<\/strong><\/em><\/p>\n<p><em><strong>G\u00fczellikle dopdolu bir testi.<\/strong><\/em>\u201d<\/p>\n<p><strong>\u00a0 \u00a0 \u00a0 \u00a0 \u00a0 \u00a0 \u00a0 \u00a0 \u00a0 \u00a0 \u00a0 \u00a0 \u00a0 \u00a0 \u00a0 \u00a0 \u00a0 \u00a0Mevl\u00e2na<\/strong><\/p>\n<p>Bilin\u00e7, kar\u015f\u0131t fizik yasalar\u0131na g\u00f6re \u0131\u015f\u0131ktan h\u0131zl\u0131 bir uzayda yol al\u0131r. \u0130\u015fte bu nedenle, bilince ula\u015fan insan sonsuzlu\u011fa ula\u015f\u0131r. T\u00fcm ikiliklerin su\u00e7lusu olan zaman\u0131 a\u015far. Sonsuz i\u00e7in sonluyu terk eder ve\u00a0<em><strong>ALEM\u0130 \u0130\u00c7\u0130NE SI\u011eDIRMI\u015e<\/strong><\/em>\u00a0olarak\u00a0<em><strong>ALEME SI\u011eMAZ<\/strong><\/em>\u00a0olur.[\/vc_column_text][vc_empty_space][vc_separator color=&#8221;black&#8221; style=&#8221;shadow&#8221; border_width=&#8221;3&#8243; css=&#8221;&#8221;][\/vc_column][\/vc_row]<\/p>\n<\/div>","protected":false},"excerpt":{"rendered":"<p>[vc_row][vc_column][vc_empty_space height=&#8221;120&#8243;][vc_custom_heading text=&#8221;Aleme S\u0131\u011fmayan&#8221; font_container=&#8221;tag:h2|text_align:left|color:%23DD3333&#8243; use_theme_fonts=&#8221;yes&#8221; css=&#8221;&#8221;][vc_empty_space height=&#8221;10&#8243;][vc_column_text css=&#8221;&#8221;]Evrenden hi\u00e7bir yer merkezi hi\u00e7bir \u015fey de merkez de\u011fil. Hiyerar\u015fik d\u00fczende atom bile\u015fenleriyle olu\u015fuyor de\u011fi\u015fik maddi sistemler. Biz ve bizden olanlar. Ne topraktan farkl\u0131y\u0131z ne ku\u015ftan ne kayadan farkl\u0131y\u0131z ne ta\u015ftan&#8230; Her nokta, di\u011fer noktalar\u0131n t\u00fcm\u00fcyle e\u015fitlenmi\u015f durumda. T\u00fcm par\u00e7ac\u0131klar o mekans\u0131zl\u0131kta, o sonsuz y\u00fcksek d\u00fczende birbirlerinin [&hellip;]<\/p>\n","protected":false},"author":1,"featured_media":0,"parent":0,"menu_order":0,"comment_status":"closed","ping_status":"closed","template":"page.php","meta":{"footnotes":""},"class_list":["post-11175","page","type-page","status-publish","hentry"],"_links":{"self":[{"href":"https:\/\/www.serapdemirag.com.tr\/index.php?rest_route=\/wp\/v2\/pages\/11175","targetHints":{"allow":["GET"]}}],"collection":[{"href":"https:\/\/www.serapdemirag.com.tr\/index.php?rest_route=\/wp\/v2\/pages"}],"about":[{"href":"https:\/\/www.serapdemirag.com.tr\/index.php?rest_route=\/wp\/v2\/types\/page"}],"author":[{"embeddable":true,"href":"https:\/\/www.serapdemirag.com.tr\/index.php?rest_route=\/wp\/v2\/users\/1"}],"replies":[{"embeddable":true,"href":"https:\/\/www.serapdemirag.com.tr\/index.php?rest_route=%2Fwp%2Fv2%2Fcomments&post=11175"}],"version-history":[{"count":10,"href":"https:\/\/www.serapdemirag.com.tr\/index.php?rest_route=\/wp\/v2\/pages\/11175\/revisions"}],"predecessor-version":[{"id":12946,"href":"https:\/\/www.serapdemirag.com.tr\/index.php?rest_route=\/wp\/v2\/pages\/11175\/revisions\/12946"}],"wp:attachment":[{"href":"https:\/\/www.serapdemirag.com.tr\/index.php?rest_route=%2Fwp%2Fv2%2Fmedia&parent=11175"}],"curies":[{"name":"wp","href":"https:\/\/api.w.org\/{rel}","templated":true}]}}