{"id":11179,"date":"2025-06-14T07:12:14","date_gmt":"2025-06-14T07:12:14","guid":{"rendered":"https:\/\/www.serapdemirag.com.tr\/?page_id=11179"},"modified":"2025-07-07T09:55:45","modified_gmt":"2025-07-07T09:55:45","slug":"sanatin-bayragi-yoktur","status":"publish","type":"page","link":"https:\/\/www.serapdemirag.com.tr\/?page_id=11179","title":{"rendered":"Sanat\u0131n Bayra\u011f\u0131"},"content":{"rendered":"<div class=\"wpb-content-wrapper\"><p>[vc_row][vc_column][vc_empty_space height=&#8221;120&#8243;][vc_row_inner][vc_column_inner width=&#8221;1\/2&#8243;][vc_custom_heading text=&#8221;SANATIN BAYRA\u011eI YOKTUR&#8221; font_container=&#8221;tag:h2|text_align:left|color:%23DD3333&#8243; use_theme_fonts=&#8221;yes&#8221; css=&#8221;&#8221;][vc_column_text css=&#8221;&#8221;]<\/p>\n<div id=\"m_-2462117480088029401yMail_cursorElementTracker_1600603244069\">Sanat\u0131n bayra\u011f\u0131 yoktur . Her g\u00f6r\u00fcnt\u00fc insan i\u00e7indir. \u00c7a\u011f\u0131r\u0131c\u0131d\u0131r. Birle\u015ftirir. Zaman zaman k\u0131\u015fk\u0131rt\u0131r da. Parmak izlerinin farkl\u0131l\u0131\u011f\u0131 gibidir her sanat\u00e7\u0131n\u0131n \u00f6zg\u00fcnl\u00fc\u011f\u00fc. Olmazsa olmaz\u0131d\u0131r. Aksi taktirde sanat\u00e7\u0131 olamaz.<\/div>\n<div id=\"m_-2462117480088029401yMail_cursorElementTracker_1600603244069\">Benzemez olmas\u0131, ayk\u0131r\u0131l\u0131\u011f\u0131d\u0131r onu sanat\u00e7\u0131 yapan. Asidir. Herkesin be\u011fenmemesini ister i\u00e7in i\u00e7in . Baz\u0131lar\u0131n\u0131n kar\u015f\u0131 \u00e7\u0131kmas\u0131 sanat\u00e7\u0131 oldu\u011funun \u00e7ok \u00f6nemli kan\u0131t\u0131d\u0131r. O zaman mutlu olur. \u00c7\u00fcnk\u00fc stat\u00fckoyu bozmakt\u0131r hedefi. Keyiflerini ka\u00e7\u0131rm\u0131\u015ft\u0131r d\u00fcrterek. Ve \u00f6ndedir art\u0131k .<\/div>\n<div><\/div>\n<div id=\"m_-2462117480088029401yMail_cursorElementTracker_1600603244069\">Hi\u00e7 ku\u015fkusuz, \u00f6zg\u00fcn s\u00f6ylemler sunmak \u00e7o\u011falt\u0131r ya\u015fam\u0131. \u0130nsan\u0131 daha bir katar kendisine. G\u00f6r\u00fcnmeyeni g\u00f6sterir, s\u00f6ylenmeyeni s\u00f6yletir. Sevmekle, sevilmekle sonsuza y\u00fcr\u00fcr.<\/div>\n<p>[\/vc_column_text][\/vc_column_inner][vc_column_inner width=&#8221;1\/2&#8243;][vc_custom_heading text=&#8221;ART DOESN\u2019T HAVE A FLAG&#8221; font_container=&#8221;tag:h2|text_align:left|color:%23DD3333&#8243; use_theme_fonts=&#8221;yes&#8221; css=&#8221;&#8221;][vc_column_text css=&#8221;&#8221;]<\/p>\n<div id=\"m_-2462117480088029401yMail_cursorElementTracker_1600603244069\">Art doesn\u2019t have a flag. Every visual is for man. It calls for attention. It unites. It even provokes at times. Every artist\u2019s originality is like the uniqueness of footprints. Without this originality, the artist can\u2019t exist. It is this uniqueness and diversity that makes the artist, for he is rebellious. He secretly wishes that his work is not to every man\u2019s taste. It is the proof of his being an artist that some will object. He is happy then, because the aim is to go against the status quo. He has upset them by provoking. And now he leads.<\/div>\n<div><\/div>\n<div id=\"m_-2462117480088029401yMail_cursorElementTracker_1600603244069\">Certainly, original statements multiply life and enrich one&#8217;s innerself. It shows the invisible, tells the untold. It walks to infinity with love and being loved.\u2019\u2019<\/div>\n<p>[\/vc_column_text][\/vc_column_inner][\/vc_row_inner][vc_empty_space][vc_row_inner][vc_column_inner width=&#8221;1\/4&#8243;][\/vc_column_inner][vc_column_inner width=&#8221;2\/4&#8243;][vc_single_image image=&#8221;12731&#8243; img_size=&#8221;full&#8221; css=&#8221;&#8221;][\/vc_column_inner][vc_column_inner width=&#8221;1\/4&#8243;][\/vc_column_inner][\/vc_row_inner][vc_empty_space][vc_separator color=&#8221;black&#8221; style=&#8221;shadow&#8221; border_width=&#8221;3&#8243; css=&#8221;&#8221;][\/vc_column][\/vc_row]<\/p>\n<\/div>","protected":false},"excerpt":{"rendered":"<p>[vc_row][vc_column][vc_empty_space height=&#8221;120&#8243;][vc_row_inner][vc_column_inner width=&#8221;1\/2&#8243;][vc_custom_heading text=&#8221;SANATIN BAYRA\u011eI YOKTUR&#8221; font_container=&#8221;tag:h2|text_align:left|color:%23DD3333&#8243; use_theme_fonts=&#8221;yes&#8221; css=&#8221;&#8221;][vc_column_text css=&#8221;&#8221;] Sanat\u0131n bayra\u011f\u0131 yoktur . Her g\u00f6r\u00fcnt\u00fc insan i\u00e7indir. \u00c7a\u011f\u0131r\u0131c\u0131d\u0131r. Birle\u015ftirir. Zaman zaman k\u0131\u015fk\u0131rt\u0131r da. Parmak izlerinin farkl\u0131l\u0131\u011f\u0131 gibidir her sanat\u00e7\u0131n\u0131n \u00f6zg\u00fcnl\u00fc\u011f\u00fc. Olmazsa olmaz\u0131d\u0131r. Aksi taktirde sanat\u00e7\u0131 olamaz. Benzemez olmas\u0131, ayk\u0131r\u0131l\u0131\u011f\u0131d\u0131r onu sanat\u00e7\u0131 yapan. Asidir. Herkesin be\u011fenmemesini ister i\u00e7in i\u00e7in . Baz\u0131lar\u0131n\u0131n kar\u015f\u0131 \u00e7\u0131kmas\u0131 sanat\u00e7\u0131 oldu\u011funun [&hellip;]<\/p>\n","protected":false},"author":1,"featured_media":0,"parent":0,"menu_order":0,"comment_status":"closed","ping_status":"closed","template":"page.php","meta":{"footnotes":""},"class_list":["post-11179","page","type-page","status-publish","hentry"],"_links":{"self":[{"href":"https:\/\/www.serapdemirag.com.tr\/index.php?rest_route=\/wp\/v2\/pages\/11179","targetHints":{"allow":["GET"]}}],"collection":[{"href":"https:\/\/www.serapdemirag.com.tr\/index.php?rest_route=\/wp\/v2\/pages"}],"about":[{"href":"https:\/\/www.serapdemirag.com.tr\/index.php?rest_route=\/wp\/v2\/types\/page"}],"author":[{"embeddable":true,"href":"https:\/\/www.serapdemirag.com.tr\/index.php?rest_route=\/wp\/v2\/users\/1"}],"replies":[{"embeddable":true,"href":"https:\/\/www.serapdemirag.com.tr\/index.php?rest_route=%2Fwp%2Fv2%2Fcomments&post=11179"}],"version-history":[{"count":7,"href":"https:\/\/www.serapdemirag.com.tr\/index.php?rest_route=\/wp\/v2\/pages\/11179\/revisions"}],"predecessor-version":[{"id":12947,"href":"https:\/\/www.serapdemirag.com.tr\/index.php?rest_route=\/wp\/v2\/pages\/11179\/revisions\/12947"}],"wp:attachment":[{"href":"https:\/\/www.serapdemirag.com.tr\/index.php?rest_route=%2Fwp%2Fv2%2Fmedia&parent=11179"}],"curies":[{"name":"wp","href":"https:\/\/api.w.org\/{rel}","templated":true}]}}