{"id":11182,"date":"2025-06-14T07:16:35","date_gmt":"2025-06-14T07:16:35","guid":{"rendered":"https:\/\/www.serapdemirag.com.tr\/?page_id=11182"},"modified":"2025-06-16T21:01:22","modified_gmt":"2025-06-16T21:01:22","slug":"nu","status":"publish","type":"page","link":"https:\/\/www.serapdemirag.com.tr\/?page_id=11182","title":{"rendered":"N\u00fc"},"content":{"rendered":"<div class=\"wpb-content-wrapper\"><p>[vc_row][vc_column][vc_empty_space height=&#8221;120&#8243;][vc_custom_heading text=&#8221;N\u00fc&#8221; font_container=&#8221;tag:h2|text_align:left|color:%23DD3333&#8243; use_theme_fonts=&#8221;yes&#8221; css=&#8221;&#8221;][vc_empty_space height=&#8221;10&#8243;][vc_column_text css=&#8221;&#8221;][\/vc_column_text][vc_row_inner][vc_column_inner width=&#8221;1\/3&#8243;][vc_single_image image=&#8221;11183&#8243; img_size=&#8221;full&#8221; css=&#8221;&#8221;][\/vc_column_inner][vc_column_inner width=&#8221;2\/3&#8243;][vc_column_text css=&#8221;&#8221;]G\u00f6rsel sanatlar g\u00fczelli\u011fin pe\u015findedir. S\u00f6z edilen g\u00fczellik, plastik g\u00fczelliktir.<\/p>\n<p>Modelin g\u00fczelli\u011finden s\u00f6z etmiyorum. Bir sanat eserinden s\u00f6z ederken modelin g\u00fczelli\u011fi de\u011fildir s\u00f6z konusu olan. \u00d6nemli olan eserdir.\u00a0 Resmi yapan sanat\u00e7\u0131, modelin konumu, duru\u015fu, \u0131\u015f\u0131\u011f\u0131n modelin \u00fczerinde yaratt\u0131\u011f\u0131 etki, tuval \u00fczerinde kaplad\u0131\u011f\u0131 alan, kompozisyona etkisi, kullanaca\u011f\u0131 renkler\u00a0 gibi konularla ilgilidir.<\/p>\n<p>N\u00fc resim,\u00a0 izleyici ile ili\u015fki i\u00e7ermez. K\u0131saca erotik de\u011fildir, davetkar de\u011fildir, cinselli\u011fi sadece simgesel ve dura\u011fand\u0131r. Duru\u015fu resmedilecek \u00f6zellikleri i\u00e7erir. \u00d6zetlersek \u00e7\u0131plakl\u0131k, fig\u00fcre ili\u015fik bir \u00f6gedir sadece. \u00d6nceleri anatomi bilgisini de i\u00e7eren n\u00fc resimler,\u00a0 e\u011fitici ve \u00f6\u011fretici bir \u00f6zellik de ta\u015f\u0131rd\u0131. Zaman i\u00e7inde insan\u0131n do\u011fall\u0131\u011f\u0131 haline geldi.<\/p>\n<p>Sanat tarihinde ilk betimlemeler tarih \u00f6ncesi d\u00f6nemlere rastlamaktad\u0131r. Ana tanr\u0131\u00e7a, tabiat anay\u0131 betimleyen bolluk ve bereket heykelleridir. \u00c7ocuk do\u011furan kad\u0131n &#8220;bereket&#8221; olarak kabul edilmi\u015f ve \u00e7\u0131plak olarak g\u00f6sterilmi\u015ftir. Beden, anatomik yap\u0131s\u0131 ile son derece uyumlu, dengeli adeta matematiksel bir denklem gibi oturtulmu\u015f fiziksel ve dokusal g\u00f6r\u00fcn\u00fcm\u00fc ile de her zaman muhte\u015femdir.<\/p>\n<p>Bu kadar ola\u011fan\u00fcst\u00fc bir yap\u0131 insanlara itici ya da \u00e7ekici gelebilir. \u0130nsano\u011flu \u00e7\u0131plak do\u011fmu\u015ftur. Tarih s\u00fcrecine bakarsak, utand\u0131klar\u0131 i\u00e7in de\u011fil \u00f6ncelikle so\u011fuktan korunmak\u00a0 i\u00e7in hayvan postu ile \u00f6rt\u00fcnm\u00fc\u015flerdir. Tek tanr\u0131l\u0131 toplumlarda da b\u00fct\u00fcn tanr\u0131 ve tanr\u0131\u00e7a betimlemeleri \u00e7\u0131plakt\u0131r. Amerika ve Afrika&#8217;n\u0131n \u00e7o\u011fu yerlerinde insanlar hala hemen hemen \u00e7\u0131plak bir ya\u015fam s\u00fcrd\u00fcrmektedirler.<\/p>\n<p>Ataerkil\u00a0 d\u00fczende dinin yapt\u0131r\u0131mlar\u0131 kendisini v\u00fccutta g\u00f6sterir ve kad\u0131n koruma alt\u0131na al\u0131n\u0131r.\u00a0 Sonra da tamamen kapan\u0131r.<\/p>\n<p>\u0130nsano\u011flu kapal\u0131 \u015feylere daima merak duyar. \u0130nsan v\u00fccudu da bunlardan biridir.v\u00fccudu gizlemek d\u0131\u015f ilgiyi art\u0131r\u0131r. \u00c7\u0131plakl\u0131\u011f\u0131n sosyal olgusu sanata b\u00f6yle yans\u0131m\u0131\u015ft\u0131r. Ancak sanat\u0131n Goya gibi modern d\u00fcnya evriminde yeti\u015fen idealistler sonucunda,\u00a0 \u00e7\u0131plakl\u0131\u011f\u0131n do\u011fall\u0131\u011f\u0131 do\u011fada kendisini g\u00f6sterir.<\/p>\n<p>Giyinik de olsa \u00e7\u0131plak da olsa, tuval \u00fczerinde yer alan bir fig\u00fcr\u00fcn elma ya da nardan ya da bir yunustan fark\u0131 yoktur. O da obje olarak tuvalde kompozisyon i\u00e7indeki\u00a0 g\u00f6revini yapan bir elemand\u0131r. Heykel i\u00e7in de durum ayn\u0131d\u0131r. Michelangelo&#8217;nun Davut Heykelinden hamile kalan bir kad\u0131n duydunuz mu hi\u00e7?[\/vc_column_text][\/vc_column_inner][\/vc_row_inner][vc_empty_space][vc_separator color=&#8221;black&#8221; style=&#8221;shadow&#8221; border_width=&#8221;3&#8243; css=&#8221;&#8221;][\/vc_column][\/vc_row]<\/p>\n<\/div>","protected":false},"excerpt":{"rendered":"<p>[vc_row][vc_column][vc_empty_space height=&#8221;120&#8243;][vc_custom_heading text=&#8221;N\u00fc&#8221; font_container=&#8221;tag:h2|text_align:left|color:%23DD3333&#8243; use_theme_fonts=&#8221;yes&#8221; css=&#8221;&#8221;][vc_empty_space height=&#8221;10&#8243;][vc_column_text css=&#8221;&#8221;][\/vc_column_text][vc_row_inner][vc_column_inner width=&#8221;1\/3&#8243;][vc_single_image image=&#8221;11183&#8243; img_size=&#8221;full&#8221; css=&#8221;&#8221;][\/vc_column_inner][vc_column_inner width=&#8221;2\/3&#8243;][vc_column_text css=&#8221;&#8221;]G\u00f6rsel sanatlar g\u00fczelli\u011fin pe\u015findedir. S\u00f6z edilen g\u00fczellik, plastik g\u00fczelliktir. Modelin g\u00fczelli\u011finden s\u00f6z etmiyorum. Bir sanat eserinden s\u00f6z ederken modelin g\u00fczelli\u011fi de\u011fildir s\u00f6z konusu olan. \u00d6nemli olan eserdir.\u00a0 Resmi yapan sanat\u00e7\u0131, modelin konumu, duru\u015fu, \u0131\u015f\u0131\u011f\u0131n modelin \u00fczerinde yaratt\u0131\u011f\u0131 etki, tuval \u00fczerinde kaplad\u0131\u011f\u0131 alan, [&hellip;]<\/p>\n","protected":false},"author":1,"featured_media":0,"parent":0,"menu_order":0,"comment_status":"closed","ping_status":"closed","template":"page.php","meta":{"footnotes":""},"class_list":["post-11182","page","type-page","status-publish","hentry"],"_links":{"self":[{"href":"https:\/\/www.serapdemirag.com.tr\/index.php?rest_route=\/wp\/v2\/pages\/11182","targetHints":{"allow":["GET"]}}],"collection":[{"href":"https:\/\/www.serapdemirag.com.tr\/index.php?rest_route=\/wp\/v2\/pages"}],"about":[{"href":"https:\/\/www.serapdemirag.com.tr\/index.php?rest_route=\/wp\/v2\/types\/page"}],"author":[{"embeddable":true,"href":"https:\/\/www.serapdemirag.com.tr\/index.php?rest_route=\/wp\/v2\/users\/1"}],"replies":[{"embeddable":true,"href":"https:\/\/www.serapdemirag.com.tr\/index.php?rest_route=%2Fwp%2Fv2%2Fcomments&post=11182"}],"version-history":[{"count":12,"href":"https:\/\/www.serapdemirag.com.tr\/index.php?rest_route=\/wp\/v2\/pages\/11182\/revisions"}],"predecessor-version":[{"id":11552,"href":"https:\/\/www.serapdemirag.com.tr\/index.php?rest_route=\/wp\/v2\/pages\/11182\/revisions\/11552"}],"wp:attachment":[{"href":"https:\/\/www.serapdemirag.com.tr\/index.php?rest_route=%2Fwp%2Fv2%2Fmedia&parent=11182"}],"curies":[{"name":"wp","href":"https:\/\/api.w.org\/{rel}","templated":true}]}}