{"id":11199,"date":"2025-06-14T07:33:10","date_gmt":"2025-06-14T07:33:10","guid":{"rendered":"https:\/\/www.serapdemirag.com.tr\/?page_id=11199"},"modified":"2025-06-16T21:05:24","modified_gmt":"2025-06-16T21:05:24","slug":"pamuk-ipligi","status":"publish","type":"page","link":"https:\/\/www.serapdemirag.com.tr\/?page_id=11199","title":{"rendered":"Pamuk \u0130pli\u011fi"},"content":{"rendered":"<div class=\"wpb-content-wrapper\"><p>[vc_row][vc_column][vc_empty_space height=&#8221;120&#8243;][vc_custom_heading text=&#8221;Pamuk \u0130pli\u011fi&#8221; font_container=&#8221;tag:h2|text_align:left|color:%23DD3333&#8243; use_theme_fonts=&#8221;yes&#8221; css=&#8221;&#8221;][vc_empty_space height=&#8221;10&#8243;][vc_row_inner][vc_column_inner width=&#8221;2\/3&#8243;][vc_column_text css=&#8221;&#8221;]\u0130nsan hayat\u0131n\u0131n pamuk ipli\u011fine ba\u011fl\u0131 oldu\u011fu do\u011fruymu\u015f me\u011fer. Sanc\u0131 ba\u015flay\u0131nca kalbimde, ne oldu\u011funu anlayamad\u0131m bile. \u00c7\u00fcnk\u00fc hareket edemedim. Ellerim ve ayaklar\u0131m tamamen uyu\u015fmu\u015ftu. E\u015fimin verdi\u011fi suyu bile i\u00e7ememi\u015fim.<\/p>\n<p>Tuhaf bir \u015fekilde hat\u0131rlad\u0131\u011f\u0131m \u00fc\u00e7 tane \u00e7ok g\u00fczel ambulans g\u00f6revlisinin ba\u015f\u0131mda durmadan bir \u015feyler yapmak i\u00e7in \u00e7\u0131rp\u0131nmalar\u0131yd\u0131. Evet, ambulans g\u00f6revlileri \u00fc\u00e7 g\u00fczel k\u0131zd\u0131 sadece. Eh ben de hat\u0131r\u0131 say\u0131l\u0131r irilikte bir hatun oldu\u011fumdan nas\u0131l ta\u015f\u0131yacaklar\u0131n\u0131 sorup duruyormu\u015fum durmadan. Sonunda da aya\u011fa kalkmamam gerekirken, sedyeden do\u011frulup ambulans\u0131n basamaklar\u0131n\u0131 \u00e7\u0131kt\u0131\u011f\u0131m\u0131 hayal meyal hat\u0131rl\u0131yorum.<\/p>\n<p>Sevgili doktorum Nejat S\u00f6nmez \u00f6zel bodrum hastanesinde bekliyordu. Gereken m\u00fcdahalelerden sonra, \u0130zmir \u015eifa hastanesinden randevu al\u0131nd\u0131\u011f\u0131n\u0131, anjiyo olmamla ilgili i\u015flemler i\u00e7in gidece\u011fimizi sonradan \u00f6\u011frendim.<br \/>\nKalbime giden damarlardan en \u00f6nemlisinin %95 inin t\u0131kal\u0131 oldu\u011funu da bilmiyordum o saatlerde. Di\u011fer damarlardan biri \u00e7oook eskiden belki de \u00e7ocuklu\u011fumdan t\u0131kal\u0131ym\u0131\u015f zaten. Kalp kas\u0131n\u0131n beslenmesi i\u00e7in gerekli kan\u00a0 i\u00e7in, do\u011fa kendisine bir y\u00f6ntem geli\u015ftirerek bir s\u00fcr\u00fc k\u0131lcal damar geli\u015ftirmi\u015f.<\/p>\n<p>Anjiyo ve baloncuk g\u00f6nderilmesi ile stend tak\u0131lmas\u0131 ayn\u0131 anda yap\u0131ld\u0131. Doktorum, uzayl\u0131 gibi giyinmi\u015fti ve bilgisayarl\u0131 robotlar diye yorumlad\u0131\u011f\u0131m acayip d\u00f6nme g\u00fcc\u00fcnde bir tak\u0131m aletlerin alt\u0131nda ger\u00e7ekle\u015fti operasyonum.<\/p>\n<p>Sonras\u0131 ise tam bir sab\u0131r s\u0131nav\u0131yd\u0131. tam d\u00f6rt saat sa\u011f kas\u0131ktaki 10cm. lik bir i\u011fne ile tam 4 saat k\u0131m\u0131ldamadan yatmam gerekiyordu. Bununla da bitmiyordu tabii.4 saat sonra i\u011fneyi \u00e7\u0131kart\u0131p, yar\u0131m saate yak\u0131n bast\u0131r\u0131p sonra\u00a0 i\u011fne yerini \u00e7ok sert bir aparatla kapatt\u0131ktan sonra, \u00fczerine m 3-4kg. A\u011f\u0131rl\u0131\u011f\u0131nda bir kum torbas\u0131 koydular. Tam 6 saat, yanl\u0131\u015f duymad\u0131n\u0131z tam alt\u0131 saat yine o kum torbas\u0131yla k\u0131m\u0131ldamadan yatmam gerekiyordu.<\/p>\n<p>Bilsem i\u00e7er miydim hi\u00e7 o sigaralar\u0131&#8230;<br \/>\n6 saat sonra odadan i\u00e7eri giren hem\u015fireye cennetten gelen bir melek g\u00f6rm\u00fc\u015f gibi minnetle bak\u0131yordum.<br \/>\nSonra \u00f6\u011frendim ki, bir saat sonra ancak sa\u011f ya da sol yan\u0131ma d\u00f6nebilecek,2,5-3 saat sonra da aya\u011fa yava\u015f yava\u015f kalkabilecektim.<\/p>\n<p>L\u00fctfen sigara i\u00e7meyin sevgili dostlar\u0131m.<br \/>\nHepinizi sevgi ile kucaklar sa\u011fl\u0131klar dilerim.[\/vc_column_text][\/vc_column_inner][vc_column_inner width=&#8221;1\/3&#8243;][vc_single_image image=&#8221;11200&#8243; img_size=&#8221;full&#8221; css=&#8221;&#8221;][\/vc_column_inner][\/vc_row_inner][vc_empty_space][vc_separator color=&#8221;black&#8221; style=&#8221;shadow&#8221; border_width=&#8221;3&#8243; css=&#8221;&#8221;][\/vc_column][\/vc_row]<\/p>\n<\/div>","protected":false},"excerpt":{"rendered":"<p>[vc_row][vc_column][vc_empty_space height=&#8221;120&#8243;][vc_custom_heading text=&#8221;Pamuk \u0130pli\u011fi&#8221; font_container=&#8221;tag:h2|text_align:left|color:%23DD3333&#8243; use_theme_fonts=&#8221;yes&#8221; css=&#8221;&#8221;][vc_empty_space height=&#8221;10&#8243;][vc_row_inner][vc_column_inner width=&#8221;2\/3&#8243;][vc_column_text css=&#8221;&#8221;]\u0130nsan hayat\u0131n\u0131n pamuk ipli\u011fine ba\u011fl\u0131 oldu\u011fu do\u011fruymu\u015f me\u011fer. Sanc\u0131 ba\u015flay\u0131nca kalbimde, ne oldu\u011funu anlayamad\u0131m bile. \u00c7\u00fcnk\u00fc hareket edemedim. Ellerim ve ayaklar\u0131m tamamen uyu\u015fmu\u015ftu. E\u015fimin verdi\u011fi suyu bile i\u00e7ememi\u015fim. Tuhaf bir \u015fekilde hat\u0131rlad\u0131\u011f\u0131m \u00fc\u00e7 tane \u00e7ok g\u00fczel ambulans g\u00f6revlisinin ba\u015f\u0131mda durmadan bir \u015feyler yapmak i\u00e7in \u00e7\u0131rp\u0131nmalar\u0131yd\u0131. Evet, [&hellip;]<\/p>\n","protected":false},"author":1,"featured_media":0,"parent":0,"menu_order":0,"comment_status":"closed","ping_status":"closed","template":"page.php","meta":{"footnotes":""},"class_list":["post-11199","page","type-page","status-publish","hentry"],"_links":{"self":[{"href":"https:\/\/www.serapdemirag.com.tr\/index.php?rest_route=\/wp\/v2\/pages\/11199","targetHints":{"allow":["GET"]}}],"collection":[{"href":"https:\/\/www.serapdemirag.com.tr\/index.php?rest_route=\/wp\/v2\/pages"}],"about":[{"href":"https:\/\/www.serapdemirag.com.tr\/index.php?rest_route=\/wp\/v2\/types\/page"}],"author":[{"embeddable":true,"href":"https:\/\/www.serapdemirag.com.tr\/index.php?rest_route=\/wp\/v2\/users\/1"}],"replies":[{"embeddable":true,"href":"https:\/\/www.serapdemirag.com.tr\/index.php?rest_route=%2Fwp%2Fv2%2Fcomments&post=11199"}],"version-history":[{"count":3,"href":"https:\/\/www.serapdemirag.com.tr\/index.php?rest_route=\/wp\/v2\/pages\/11199\/revisions"}],"predecessor-version":[{"id":11555,"href":"https:\/\/www.serapdemirag.com.tr\/index.php?rest_route=\/wp\/v2\/pages\/11199\/revisions\/11555"}],"wp:attachment":[{"href":"https:\/\/www.serapdemirag.com.tr\/index.php?rest_route=%2Fwp%2Fv2%2Fmedia&parent=11199"}],"curies":[{"name":"wp","href":"https:\/\/api.w.org\/{rel}","templated":true}]}}