{"id":11203,"date":"2025-06-14T07:37:58","date_gmt":"2025-06-14T07:37:58","guid":{"rendered":"https:\/\/www.serapdemirag.com.tr\/?page_id=11203"},"modified":"2025-06-16T21:06:58","modified_gmt":"2025-06-16T21:06:58","slug":"degisim","status":"publish","type":"page","link":"https:\/\/www.serapdemirag.com.tr\/?page_id=11203","title":{"rendered":"De\u011fi\u015fim"},"content":{"rendered":"<div class=\"wpb-content-wrapper\"><p>[vc_row][vc_column][vc_empty_space height=&#8221;120&#8243;][vc_custom_heading text=&#8221;De\u011fi\u015fim&#8221; font_container=&#8221;tag:h2|text_align:left|color:%23DD3333&#8243; use_theme_fonts=&#8221;yes&#8221; css=&#8221;&#8221;][vc_empty_space height=&#8221;10&#8243;][vc_row_inner][vc_column_inner width=&#8221;2\/3&#8243;][vc_column_text css=&#8221;&#8221;]Hi\u00e7bir \u015fey g\u00f6r\u00fcnd\u00fc\u011f\u00fc gibi de\u011fildir. De\u011fi\u015fim ve geli\u015fim yasalar\u0131 evrenin her yerinde ayn\u0131d\u0131r. Bu, sanat i\u00e7inde ge\u00e7erlidir ku\u015fkusuz. Kendini yenileyemeyen sanat\u00e7\u0131 yarad\u0131l\u0131\u015f\u0131n yasalar\u0131nda oldu\u011fu gibi, sanat\u0131n da gerisinde kal\u0131r. Sanat\u0131n dev ad\u0131mlarla doludizgin s\u00fcrd\u00fcrd\u00fc\u011f\u00fc ko\u015fuya kat\u0131l\u0131m ancak de\u011fi\u015fim r\u00fczgarlar\u0131n\u0131n esti\u011fi noktada yer almakla olur. Sanat\u00e7\u0131 yeni s\u00f6ylemler \u00fcretirken bu r\u00fczgar\u0131n itme g\u00fcc\u00fcnden g\u00fcc\u00fcne g\u00fc\u00e7 katar.<\/p>\n<p>Sanat\u0131 kolay g\u00f6renlere, sanat\u0131n \u00e7ilesini \u00e7ekmi\u015f olanlar\u0131n diliyle ula\u015fmak i\u00e7in gecesini g\u00fcnd\u00fcz\u00fcne katar sanat\u00e7\u0131. \u00c7i\u00e7eklerini serper, yeniden filizlenmesine \u00f6zlem duydu\u011fu kirlenmelerin kar\u015f\u0131s\u0131na; buket buket. Kucaklayan yap\u0131s\u0131 sanat\u0131 ve sanat\u00e7\u0131 olman\u0131n getirdi\u011fi zorluklar\u0131 sever.<\/p>\n<p>Sanat zorlu bir yolculuktur. O yolda yal\u00e7\u0131n kayal\u0131klar da vard\u0131r, engin denizler de. Kayal\u0131klarda elleri par\u00e7alanmayan, bu u\u011furda birka\u00e7 damla olsun su yutmayan sanat\u00e7\u0131, kokan \u00e7\u00f6pl\u00fc\u011fe benzer. Yan\u0131na yakla\u015f\u0131lmak istenmez. D\u00f6k\u00fcnt\u00fcler temizlenmelidir sanatta. \u00c7\u00fcnk\u00fc insan i\u00e7in olan hi\u00e7bir \u015feyde kirlenme ba\u011f\u0131\u015flanamaz. Sanat gelecek i\u00e7indeki yerini belirlemede i\u015fte bunun i\u00e7in se\u00e7icidir ve bunun i\u00e7in sanat, sanat\u0131n i\u00e7inden insan i\u00e7in do\u011far.[\/vc_column_text][\/vc_column_inner][vc_column_inner width=&#8221;1\/3&#8243;][vc_single_image image=&#8221;11204&#8243; img_size=&#8221;large&#8221; css=&#8221;&#8221;][\/vc_column_inner][\/vc_row_inner][vc_empty_space][vc_separator color=&#8221;black&#8221; style=&#8221;shadow&#8221; border_width=&#8221;3&#8243; css=&#8221;&#8221;][\/vc_column][\/vc_row]<\/p>\n<\/div>","protected":false},"excerpt":{"rendered":"<p>[vc_row][vc_column][vc_empty_space height=&#8221;120&#8243;][vc_custom_heading text=&#8221;De\u011fi\u015fim&#8221; font_container=&#8221;tag:h2|text_align:left|color:%23DD3333&#8243; use_theme_fonts=&#8221;yes&#8221; css=&#8221;&#8221;][vc_empty_space height=&#8221;10&#8243;][vc_row_inner][vc_column_inner width=&#8221;2\/3&#8243;][vc_column_text css=&#8221;&#8221;]Hi\u00e7bir \u015fey g\u00f6r\u00fcnd\u00fc\u011f\u00fc gibi de\u011fildir. De\u011fi\u015fim ve geli\u015fim yasalar\u0131 evrenin her yerinde ayn\u0131d\u0131r. Bu, sanat i\u00e7inde ge\u00e7erlidir ku\u015fkusuz. Kendini yenileyemeyen sanat\u00e7\u0131 yarad\u0131l\u0131\u015f\u0131n yasalar\u0131nda oldu\u011fu gibi, sanat\u0131n da gerisinde kal\u0131r. Sanat\u0131n dev ad\u0131mlarla doludizgin s\u00fcrd\u00fcrd\u00fc\u011f\u00fc ko\u015fuya kat\u0131l\u0131m ancak de\u011fi\u015fim r\u00fczgarlar\u0131n\u0131n esti\u011fi noktada yer almakla olur. Sanat\u00e7\u0131 yeni s\u00f6ylemler [&hellip;]<\/p>\n","protected":false},"author":1,"featured_media":0,"parent":0,"menu_order":0,"comment_status":"closed","ping_status":"closed","template":"page.php","meta":{"footnotes":""},"class_list":["post-11203","page","type-page","status-publish","hentry"],"_links":{"self":[{"href":"https:\/\/www.serapdemirag.com.tr\/index.php?rest_route=\/wp\/v2\/pages\/11203","targetHints":{"allow":["GET"]}}],"collection":[{"href":"https:\/\/www.serapdemirag.com.tr\/index.php?rest_route=\/wp\/v2\/pages"}],"about":[{"href":"https:\/\/www.serapdemirag.com.tr\/index.php?rest_route=\/wp\/v2\/types\/page"}],"author":[{"embeddable":true,"href":"https:\/\/www.serapdemirag.com.tr\/index.php?rest_route=\/wp\/v2\/users\/1"}],"replies":[{"embeddable":true,"href":"https:\/\/www.serapdemirag.com.tr\/index.php?rest_route=%2Fwp%2Fv2%2Fcomments&post=11203"}],"version-history":[{"count":2,"href":"https:\/\/www.serapdemirag.com.tr\/index.php?rest_route=\/wp\/v2\/pages\/11203\/revisions"}],"predecessor-version":[{"id":11556,"href":"https:\/\/www.serapdemirag.com.tr\/index.php?rest_route=\/wp\/v2\/pages\/11203\/revisions\/11556"}],"wp:attachment":[{"href":"https:\/\/www.serapdemirag.com.tr\/index.php?rest_route=%2Fwp%2Fv2%2Fmedia&parent=11203"}],"curies":[{"name":"wp","href":"https:\/\/api.w.org\/{rel}","templated":true}]}}