{"id":11209,"date":"2025-06-14T07:40:18","date_gmt":"2025-06-14T07:40:18","guid":{"rendered":"https:\/\/www.serapdemirag.com.tr\/?page_id=11209"},"modified":"2025-06-16T21:11:19","modified_gmt":"2025-06-16T21:11:19","slug":"insani-anlamak","status":"publish","type":"page","link":"https:\/\/www.serapdemirag.com.tr\/?page_id=11209","title":{"rendered":"\u0130nsan\u0131 Anlamak"},"content":{"rendered":"<div class=\"wpb-content-wrapper\"><p>[vc_row][vc_column][vc_empty_space height=&#8221;120&#8243;][vc_custom_heading text=&#8221;\u0130nsan\u0131 Anlamak&#8221; font_container=&#8221;tag:h2|text_align:left|color:%23DD3333&#8243; use_theme_fonts=&#8221;yes&#8221; css=&#8221;&#8221;][vc_empty_space height=&#8221;10&#8243;][vc_row_inner][vc_column_inner width=&#8221;2\/3&#8243;][vc_column_text css=&#8221;&#8221;]Bir i\u00e7 yolculu\u011fu mu ya\u015fad\u0131\u011f\u0131m? Bir\u00a0 kanatlanma m\u0131 onca \u00e7eli\u015fki\u00a0 zamans\u0131zl\u0131\u011fa? Ben neyim? Kimim? Ne i\u015fim var d\u00fcnyada?\u00a0 Birlikte oldu\u011fum, zaman zaman ya\u015fam\u0131ma giren ya da\u00a0 birden ya\u015fam\u0131mdan \u00e7\u0131k\u0131p giden insanlar kim?\u00a0 Rehber kim? Yolcu kim? Giden kim? Kalan kim?<\/p>\n<p>Milyonlarca soruyla bo\u011fu\u015fup duruyorum y\u00fczy\u0131llard\u0131r. Tam yan\u0131tlar\u0131 buldum derken yeni sorular, yeni \u00e7eli\u015fkiler dolduruyor\u00a0 her yeri.. Sentezlere ula\u015ft\u0131\u011f\u0131m \u00e7eli\u015fkilerimi sevsem de,\u00a0 her seferinde sars\u0131l\u0131yorum. Her \u015fey yeni ba\u015ftan yap\u0131lan\u0131yor i\u00e7imde. S\u00fcper novalara \u015fa\u015f\u0131r\u0131yor karanl\u0131k. Bak\u0131yor ama anlam\u0131yor. Ne sabah kal\u0131yor, ne de gece. G\u00f6z k\u0131rpan kuvazarlar o muziplikle bir g\u00f6r\u00fcn\u00fcp bir kayboluyor. Ba\u015f\u0131m d\u00f6n\u00fcyor.<\/p>\n<p>Kaostan do\u011fan muhte\u015fem d\u00fczeni anlamak kolay m\u0131?. Kolay\u00a0 m\u0131 simetrisizlikteki \u00f6l\u00e7\u00fcy\u00fc kavramak? Bir d\u00f6n\u00fc\u015f\u00fcm olmad\u0131\u011f\u0131n\u0131 kim s\u00f6yleyebilir as\u0131rlard\u0131r ya\u015fanan\u0131n? Bir \u00e7emberde merkez ama, merkezsiz evrende de\u011fil mi\u00a0 insan? Gelece\u011fi, ge\u00e7mi\u015fi o \u00e7ember \u00fczerinde dans etmiyor mu?. Uzansa tutuverecek gibi ama, her seferinde ellerinden kay\u0131p gidiyor.\u00a0 Ya kim yakalayabiliyor karanl\u0131klar i\u00e7indeki \u0131\u015f\u0131\u011f\u0131?.<\/p>\n<p>O\u00a0 bir fizik, o bir kimya, o bir biyoloji, o bir tarih , o bir co\u011frafya. O d\u00fcnyan\u0131n\u00a0 gelmi\u015f ge\u00e7mi\u015f b\u00fct\u00fcn kitaplar\u0131. T\u00fcm evren kuca\u011f\u0131nda. Ama, hala anlamadan bakmakta tutsakl\u0131\u011f\u0131na. Hala k\u0131ramamakta sonsuzlu\u011fu uzakla\u015ft\u0131ran zincirleri. Ya\u015fam zeminine g\u00f6re yap\u0131land\u0131rman\u0131n\u00a0 t\u00fcm kan\u0131tlar\u0131 g\u00f6zler \u00f6n\u00fcne bir bir serilirken,\u00a0 g\u00fcl\u00fcms\u00fcyor\u00a0 oldu\u011fu yerden\u00a0 umars\u0131zca\u00a0 .Y\u00fczy\u0131llar sark\u0131yor\u00a0 evrenin kap\u0131lar\u0131ndan.. Nuh\u2019un gemisi s\u00fcz\u00fcl\u00fcrken pencerelerden, o m\u00fczik dalga dalga sar\u0131yor\u00a0\u00a0\u00a0 t\u00fcm kozmosu.. \u015eimdi zincirlerinde dans ediyor \u00e7iftler. \u015eark\u0131 s\u00f6yl\u00fcyor.<\/p>\n<p>\u0130nsan\u0131n dram\u0131\u00a0 yurdundan, yuvadan ayr\u0131lmak. Akl\u0131yla istemedi\u011fini duygularla kabullenmek. Sonra da ikisini dengelemeye \u00e7al\u0131\u015fmak. \u0130yi de, nereden ve hangi sevimlilikte \u00e7\u0131kaca\u011f\u0131 bilinmeyen\u00a0 y\u00fcz ba\u015fl\u0131 canavarla nas\u0131l bo\u011fu\u015fulur ? Kim ge\u00e7er s\u0131navlar\u0131? \u0130yi ne? K\u00f6t\u00fc ne? G\u00fczel ne? \u00c7irkin\u00a0 ne? Hangi kulak duyar ya da hangi g\u00f6z ger\u00e7ekten g\u00f6r\u00fcr?\u00a0 Nerede\u00a0 k\u0131l\u0131c\u0131n\u0131 indirmeden\u00a0 kendini yenmeye \u00e7al\u0131\u015fan Ali\u2019ler? Erdemin s\u0131n\u0131r\u0131\u00a0 ya da s\u0131rr\u0131 ne?<\/p>\n<p>\u0130\u015fe en yak\u0131ndan ba\u015flamal\u0131 insan. Kendini\u00a0\u00a0 ke\u015ffetmeli \u00f6nce. \u0130nsan olman\u0131n uzun ve bir o kadar da\u00a0 karma\u015f\u0131k\u00a0 yolculu\u011funda verilen sava\u015f ayd\u0131nl\u0131\u011fa ula\u015fmak i\u00e7in de\u011fil mi?. Geni\u015fleyen evrenin kesintisiz \u0131\u015f\u0131\u011f\u0131n\u0131 kucaklamak bu kadar m\u0131 zor?\u00a0 I\u015f\u0131k karanl\u0131\u011fa\u00a0 hapsedilebilir\u00a0 mi?<\/p>\n<p>Sorular\u0131m, \u00e7eli\u015fkilerim, sentezlerim\u00a0 her seferinde\u00a0 bunaltsa da beni, hat\u0131rlad\u0131\u011f\u0131m\u00a0 minicik her kare i\u00e7in taptaze g\u00fc\u00e7 veriyor bana. \u0130\u00e7im y\u0131kan\u0131yor, tortular siliniyor bir bir. ..Evreni kucaklamak istiyorum. Biliyorum ki ben ilk yarad\u0131l\u0131\u015ftaki\u00a0 \u0130NSAN\u00a0 olursam, evren de o sonsuzlukta beni kucaklayacak&#8230;[\/vc_column_text][\/vc_column_inner][vc_column_inner width=&#8221;1\/3&#8243;][vc_single_image image=&#8221;11233&#8243; img_size=&#8221;full&#8221; css=&#8221;&#8221;][\/vc_column_inner][\/vc_row_inner][vc_empty_space][vc_separator color=&#8221;black&#8221; style=&#8221;shadow&#8221; border_width=&#8221;3&#8243; css=&#8221;&#8221;][\/vc_column][\/vc_row]<\/p>\n<\/div>","protected":false},"excerpt":{"rendered":"<p>[vc_row][vc_column][vc_empty_space height=&#8221;120&#8243;][vc_custom_heading text=&#8221;\u0130nsan\u0131 Anlamak&#8221; font_container=&#8221;tag:h2|text_align:left|color:%23DD3333&#8243; use_theme_fonts=&#8221;yes&#8221; css=&#8221;&#8221;][vc_empty_space height=&#8221;10&#8243;][vc_row_inner][vc_column_inner width=&#8221;2\/3&#8243;][vc_column_text css=&#8221;&#8221;]Bir i\u00e7 yolculu\u011fu mu ya\u015fad\u0131\u011f\u0131m? Bir\u00a0 kanatlanma m\u0131 onca \u00e7eli\u015fki\u00a0 zamans\u0131zl\u0131\u011fa? Ben neyim? Kimim? Ne i\u015fim var d\u00fcnyada?\u00a0 Birlikte oldu\u011fum, zaman zaman ya\u015fam\u0131ma giren ya da\u00a0 birden ya\u015fam\u0131mdan \u00e7\u0131k\u0131p giden insanlar kim?\u00a0 Rehber kim? Yolcu kim? Giden kim? Kalan kim? Milyonlarca soruyla bo\u011fu\u015fup duruyorum y\u00fczy\u0131llard\u0131r. Tam [&hellip;]<\/p>\n","protected":false},"author":1,"featured_media":0,"parent":0,"menu_order":0,"comment_status":"closed","ping_status":"closed","template":"page.php","meta":{"footnotes":""},"class_list":["post-11209","page","type-page","status-publish","hentry"],"_links":{"self":[{"href":"https:\/\/www.serapdemirag.com.tr\/index.php?rest_route=\/wp\/v2\/pages\/11209","targetHints":{"allow":["GET"]}}],"collection":[{"href":"https:\/\/www.serapdemirag.com.tr\/index.php?rest_route=\/wp\/v2\/pages"}],"about":[{"href":"https:\/\/www.serapdemirag.com.tr\/index.php?rest_route=\/wp\/v2\/types\/page"}],"author":[{"embeddable":true,"href":"https:\/\/www.serapdemirag.com.tr\/index.php?rest_route=\/wp\/v2\/users\/1"}],"replies":[{"embeddable":true,"href":"https:\/\/www.serapdemirag.com.tr\/index.php?rest_route=%2Fwp%2Fv2%2Fcomments&post=11209"}],"version-history":[{"count":4,"href":"https:\/\/www.serapdemirag.com.tr\/index.php?rest_route=\/wp\/v2\/pages\/11209\/revisions"}],"predecessor-version":[{"id":11559,"href":"https:\/\/www.serapdemirag.com.tr\/index.php?rest_route=\/wp\/v2\/pages\/11209\/revisions\/11559"}],"wp:attachment":[{"href":"https:\/\/www.serapdemirag.com.tr\/index.php?rest_route=%2Fwp%2Fv2%2Fmedia&parent=11209"}],"curies":[{"name":"wp","href":"https:\/\/api.w.org\/{rel}","templated":true}]}}