{"id":11211,"date":"2025-06-14T07:40:48","date_gmt":"2025-06-14T07:40:48","guid":{"rendered":"https:\/\/www.serapdemirag.com.tr\/?page_id=11211"},"modified":"2025-06-16T21:13:05","modified_gmt":"2025-06-16T21:13:05","slug":"sevgiyi-kurtarmak","status":"publish","type":"page","link":"https:\/\/www.serapdemirag.com.tr\/?page_id=11211","title":{"rendered":"Sevgiyi Kurtarmak"},"content":{"rendered":"<div class=\"wpb-content-wrapper\"><p>[vc_row][vc_column][vc_empty_space height=&#8221;120&#8243;][vc_custom_heading text=&#8221;Sevgiyi Kurtarmak&#8221; font_container=&#8221;tag:h2|text_align:left|color:%23DD3333&#8243; use_theme_fonts=&#8221;yes&#8221; css=&#8221;&#8221;][vc_empty_space height=&#8221;10&#8243;][vc_row_inner][vc_column_inner width=&#8221;2\/3&#8243;][vc_column_text css=&#8221;&#8221;]Z\u0131tlar \u00fclkesinin konuklar\u0131y\u0131z y\u00fczy\u0131llard\u0131r. Z\u0131tlar\u0131n tamam\u0131 konuktur bizde. Anla\u015f\u0131lmay\u0131 bekleriz biteviye. Sorun, anlamaya \u00e7al\u0131\u015fmaktan yoksun olu\u015fumuzdur. Ger\u00e7ekler de\u011fi\u015fir\u00a0 ama ,do\u011fru\u00a0 nerede? Sevgiye soru sorulmaz m\u0131?<\/p>\n<p>Sorulmaz m\u0131 \u201cneden\u201d diye? Yasalar\u0131n anla\u015f\u0131lm\u0131yor, anlayamad\u0131 insanlar, senin\u00a0 koruyucu dinamiklerini a\u00e7\u0131kla bize, denmez mi hi\u00e7 ? Ho\u015fg\u00f6r\u00fcn nedir? Nedir sabr\u0131n denmez mi? Da\u011f\u0131t\u0131lm\u0131yorsun art\u0131k. Seni kim att\u0131 bu derinli\u011fe ,kim t\u0131kad\u0131 a\u011fz\u0131n\u0131 burnunu, sen nefes alamazken nas\u0131l insan olunur denmez mi? Nerede \u0130skender\u2019ler, nerede o d\u00fc\u011f\u00fcmleri\u00a0 bir kerede kesip atan k\u0131l\u0131\u00e7lar? Hammurabi\u2019ler, Hannibal\u2019ler nerede? Nerede sevgiyle bakan g\u00f6zler? Nerede sevgiyle g\u00f6renler? Sevgiyle veda edip, sevgiyle kavu\u015fanlar\u00a0 nerede? Nerede insan\u0131n ser\u00fcveni? Nerede\u00a0 o ke\u015fifler? K\u0131talar, okyanuslar nerede? Kim y\u0131kacak duvarlar\u0131? Kim hayk\u0131racak evrene? Kim a\u00e7acak kollar\u0131n\u0131? Kim kavray\u0131p, kucaklayacak birbirini? \u0130nsan\u0131 insan yapan de\u011ferler nerede? \u015e\u00fcphe bulutlar\u0131 sarm\u0131\u015f her yeri. \u00dcrkek nefes al\u0131p veri\u015fler&#8230;.\u015ei\u015fmiyor g\u00f6\u011f\u00fcsler\u00a0 eskisi gibi. Nefret, kapkara pelerin\u00a0 bedenlerde Bu oyunlar bu kand\u0131rmalar kime? Ne zaman \u00f6\u011frenecek insan, kand\u0131rma diye bir \u015fey yok ve asla olamaz\u00a0 bu evrende. Kand\u0131rd\u0131\u011f\u0131 kendisi olur her zaman ve sadece .Renk yok, g\u00f6k ku\u015fa\u011f\u0131 yok , o ate\u015f, o \u0131\u015f\u0131k nerede? Neden parmaklar hep akrep deliklerinde? Ne aramakta orada, uzatmak varken elini iyili\u011fe g\u00fczelli\u011fe ? \u0130nsan\u0131n insana ilk ve son uzatt\u0131\u011f\u0131d\u0131r o el, \u015fimdi\u00a0 neden cepte? Nerede s\u00f6zc\u00fckler? O g\u00fclme, g\u00fcl\u00fcmseme nerede?<\/p>\n<p>Onunla insan de\u011fil miyiz? Sevgiyle harmanlanmad\u0131k m\u0131?. Sevgiyle yarat\u0131lmad\u0131k m\u0131? Koruyucu yasalar\u0131n hamuru de\u011fil mi o? Sevgisizlik sarm\u0131\u015f\u00a0 her yan\u0131. Bu bile sevgiyi g\u00f6rmemiz ,anlamam\u0131z .kavramam\u0131z, \u00e7al\u0131\u015fmam\u0131z\u00a0 i\u00e7inken, karanl\u0131klara ka\u00e7mak, sevginin \u0131\u015f\u0131\u011f\u0131nda y\u0131kanmak varken, \u00e7amura bulanmak, korkmak neden? Neden bu sahtecilik?<\/p>\n<p>\u0130kiy\u00fczl\u00fcl\u00fck neden? Bir b\u00f6cek gibi gizlenmek, bu minicik d\u00fcnyaya s\u0131rt d\u00f6nmek ,insan\u0131n en b\u00fcy\u00fck ihaneti de\u011fil midir kendisine? Nerede o dostluklar? Al\u0131\u015fveri\u015f, payla\u015fma\u00a0 nerede? Sevgiyi kurtarmak gerek o zindandan. Ona g\u00fcvenmek gerek\u00a0 yeniden. Bir tebess\u00fcmle k\u0131r\u0131l\u0131r ,bir tek sevgi s\u00f6zc\u00fc\u011f\u00fcyle erir o\u00a0 zincirler. Sevgi enerjisidir evreni ayakta tutan. Sevginin g\u00fcc\u00fcd\u00fcr bizi bir yapan. Asl\u0131nda \u00e7ok uzakta say\u0131lmaz\u00a0\u00a0 yitirilen. O\u00a0 hala bizde, i\u00e7te ama, s\u00f6yler misiniz, ya i\u00e7imiz nerede?[\/vc_column_text][\/vc_column_inner][vc_column_inner width=&#8221;1\/3&#8243;][vc_single_image image=&#8221;11230&#8243; img_size=&#8221;full&#8221; css=&#8221;&#8221;][\/vc_column_inner][\/vc_row_inner][vc_empty_space][vc_separator color=&#8221;black&#8221; style=&#8221;shadow&#8221; border_width=&#8221;3&#8243; css=&#8221;&#8221;][\/vc_column][\/vc_row]<\/p>\n<\/div>","protected":false},"excerpt":{"rendered":"<p>[vc_row][vc_column][vc_empty_space height=&#8221;120&#8243;][vc_custom_heading text=&#8221;Sevgiyi Kurtarmak&#8221; font_container=&#8221;tag:h2|text_align:left|color:%23DD3333&#8243; use_theme_fonts=&#8221;yes&#8221; css=&#8221;&#8221;][vc_empty_space height=&#8221;10&#8243;][vc_row_inner][vc_column_inner width=&#8221;2\/3&#8243;][vc_column_text css=&#8221;&#8221;]Z\u0131tlar \u00fclkesinin konuklar\u0131y\u0131z y\u00fczy\u0131llard\u0131r. Z\u0131tlar\u0131n tamam\u0131 konuktur bizde. Anla\u015f\u0131lmay\u0131 bekleriz biteviye. Sorun, anlamaya \u00e7al\u0131\u015fmaktan yoksun olu\u015fumuzdur. Ger\u00e7ekler de\u011fi\u015fir\u00a0 ama ,do\u011fru\u00a0 nerede? Sevgiye soru sorulmaz m\u0131? Sorulmaz m\u0131 \u201cneden\u201d diye? Yasalar\u0131n anla\u015f\u0131lm\u0131yor, anlayamad\u0131 insanlar, senin\u00a0 koruyucu dinamiklerini a\u00e7\u0131kla bize, denmez mi hi\u00e7 ? Ho\u015fg\u00f6r\u00fcn nedir? Nedir sabr\u0131n [&hellip;]<\/p>\n","protected":false},"author":1,"featured_media":0,"parent":0,"menu_order":0,"comment_status":"closed","ping_status":"closed","template":"page.php","meta":{"footnotes":""},"class_list":["post-11211","page","type-page","status-publish","hentry"],"_links":{"self":[{"href":"https:\/\/www.serapdemirag.com.tr\/index.php?rest_route=\/wp\/v2\/pages\/11211","targetHints":{"allow":["GET"]}}],"collection":[{"href":"https:\/\/www.serapdemirag.com.tr\/index.php?rest_route=\/wp\/v2\/pages"}],"about":[{"href":"https:\/\/www.serapdemirag.com.tr\/index.php?rest_route=\/wp\/v2\/types\/page"}],"author":[{"embeddable":true,"href":"https:\/\/www.serapdemirag.com.tr\/index.php?rest_route=\/wp\/v2\/users\/1"}],"replies":[{"embeddable":true,"href":"https:\/\/www.serapdemirag.com.tr\/index.php?rest_route=%2Fwp%2Fv2%2Fcomments&post=11211"}],"version-history":[{"count":4,"href":"https:\/\/www.serapdemirag.com.tr\/index.php?rest_route=\/wp\/v2\/pages\/11211\/revisions"}],"predecessor-version":[{"id":11560,"href":"https:\/\/www.serapdemirag.com.tr\/index.php?rest_route=\/wp\/v2\/pages\/11211\/revisions\/11560"}],"wp:attachment":[{"href":"https:\/\/www.serapdemirag.com.tr\/index.php?rest_route=%2Fwp%2Fv2%2Fmedia&parent=11211"}],"curies":[{"name":"wp","href":"https:\/\/api.w.org\/{rel}","templated":true}]}}