{"id":11213,"date":"2025-06-14T07:41:21","date_gmt":"2025-06-14T07:41:21","guid":{"rendered":"https:\/\/www.serapdemirag.com.tr\/?page_id=11213"},"modified":"2025-06-16T21:10:35","modified_gmt":"2025-06-16T21:10:35","slug":"insan-olmak","status":"publish","type":"page","link":"https:\/\/www.serapdemirag.com.tr\/?page_id=11213","title":{"rendered":"\u0130nsan Olmak"},"content":{"rendered":"<div class=\"wpb-content-wrapper\"><p>[vc_row][vc_column][vc_empty_space height=&#8221;120&#8243;][vc_custom_heading text=&#8221;\u0130nsan Olmak&#8221; font_container=&#8221;tag:h2|text_align:left|color:%23DD3333&#8243; use_theme_fonts=&#8221;yes&#8221; css=&#8221;&#8221;][vc_empty_space height=&#8221;10&#8243;][vc_row_inner][vc_column_inner width=&#8221;2\/3&#8243;][vc_column_text css=&#8221;&#8221;]Bu kadar zor mu insan olmak?\u00a0 Erdemi yakalamak bu kadar zor mu?\u00a0 Neden hala insani de\u011ferler yolunda \u00e7abalad\u0131klar\u0131n\u0131 s\u00f6yleyenler,\u00a0 kar\u015f\u0131lar\u0131ndakini daha fazla incitmekte? Neden Hala bir y\u0131\u011f\u0131n yalanlar s\u00f6ylenmekte? Yalanlar\u0131n en korkuncu sevgiye dair s\u00f6ylenenler de\u011fil mi? \u0130nsan sevgiyle yarat\u0131ld\u0131. Sevgiyle at\u0131ld\u0131 tohumlar. Bu nedenle insan sevgiyi \u00f6z\u00fcnde hisseder\u00a0 ve sevgi s\u00f6zc\u00fcklerine daha kolay inan\u0131r. Daha kolayd\u0131r bu nedenle ba\u015ftan \u00e7\u0131kmas\u0131. Sevgiyle aldatmad\u0131r bu nedenle en kahredici olan\u0131.\u00a0S\u00f6ylenmemeli. Sevgiyi hissetmeyen y\u00fcrekler\u00a0 sevgiden s\u00f6z etmemeli. Sevgiyi kullanmamal\u0131. Sevgiyi isteklerine alet etmemeli.\u00a0 Sevginin onurunu y\u00fcceltmekse insan olman\u0131n en b\u00fcy\u00fck erdemi,\u00a0 sevgiye dair hi\u00e7bir \u015fey\u00a0 ortal\u0131\u011fa sa\u00e7\u0131lmamal\u0131. Ama, sahtekarl\u0131k \u00f6ylesine yerle\u015fmi\u015f ki benliklere, egolar \u00f6ylesine \u015fi\u015firilmi\u015f ki sevgiyle, sevilmenin de\u011feri ayaklar alt\u0131na \u00e7oktan al\u0131nm\u0131\u015f bile. \u0130nsana de\u011fer vermek, insan olman\u0131n birinci \u00f6zelli\u011fi de\u011fil mi?\u00a0Nerede\u00a0 \u00f6rnek ald\u0131\u011f\u0131m\u0131z ki\u015filikler? Nerede okudu\u011fumuz \u00f6yk\u00fcler? Nerede bizlere d\u00fcr\u00fcstl\u00fc\u011f\u00fcn ilke olmas\u0131 gerekti\u011fini \u00f6\u011fretenler? Yalanlar \u00fczerine kurulan d\u00fcnyalar\u0131n , inananlar\u0131\u00a0 daha \u00f6lmeden karanl\u0131\u011fa g\u00f6t\u00fcrece\u011fine inanan bilin\u00e7 nerede?\u00a0 Ne oldu bize?\u00a0Kim\u00a0 bilebilir ba\u015f\u0131na gelece\u011fi \u00f6nceden?\u00a0 Hangi y\u00fcrek sevdi\u011finden incinece\u011fine inan\u0131r ?\u00a0 Hangi sezgiye bu anlamda y\u00f6n verilir de, o sezilen isimlendirilir?\u00a0 \u0130nanmak, g\u00fcven nerede?<\/p>\n<p>&nbsp;<\/p>\n<p>G\u00fcvenmeden nas\u0131l ya\u015far insan? Yaln\u0131zl\u0131k Allah\u2019a mahsus de\u011fil mi?\u00a0 Da\u011flar m\u0131 bekler bizleri ma\u011faralar\u0131nda? Ya sulanmas\u0131 gereken ekinler? Ya \u00e7i\u00e7ekler? Elini uzatmaz m\u0131\u00a0 insan insana? Bir \u00e7\u0131rp\u0131da soka\u011fa itilir mi? Kim g\u00fcl\u00fcmser Ay\u2019a? Kim g\u00fcl\u00fcmser ovaya?\u00a0 Bu\u011fday ba\u015faklar\u0131n\u0131n bir g\u00fcn gelip de ekmek olaca\u011f\u0131na kim inan\u0131r art\u0131k? Her \u015fey\u00a0 kand\u0131rmacalarla \u00f6r\u00fclm\u00fc\u015fse insanda,\u00a0 kim insand\u0131r art\u0131k? O mucize yarat\u0131lm\u0131\u015f hangi cehennemi g\u00f6rd\u00fc acaba?\u00a0 Ger\u00e7ekte yeri cennet de\u011fil miydi semalarda? Yalanlarla beslenen g\u00f6n\u00fcller, yalanlar \u00fcreten g\u00f6n\u00fcllerde\u00a0 ye\u015ferir mi?\u00a0 Sevgiyle aldat\u0131l\u0131yorsa insan, yalan\u0131n kendisi bile g\u00fclmez mi bu i\u015fe?[\/vc_column_text][\/vc_column_inner][vc_column_inner width=&#8221;1\/3&#8243;][vc_single_image image=&#8221;11240&#8243; img_size=&#8221;full&#8221; css=&#8221;&#8221;][\/vc_column_inner][\/vc_row_inner][vc_empty_space][vc_separator color=&#8221;black&#8221; style=&#8221;shadow&#8221; border_width=&#8221;3&#8243; css=&#8221;&#8221;][\/vc_column][\/vc_row]<\/p>\n<\/div>","protected":false},"excerpt":{"rendered":"<p>[vc_row][vc_column][vc_empty_space height=&#8221;120&#8243;][vc_custom_heading text=&#8221;\u0130nsan Olmak&#8221; font_container=&#8221;tag:h2|text_align:left|color:%23DD3333&#8243; use_theme_fonts=&#8221;yes&#8221; css=&#8221;&#8221;][vc_empty_space height=&#8221;10&#8243;][vc_row_inner][vc_column_inner width=&#8221;2\/3&#8243;][vc_column_text css=&#8221;&#8221;]Bu kadar zor mu insan olmak?\u00a0 Erdemi yakalamak bu kadar zor mu?\u00a0 Neden hala insani de\u011ferler yolunda \u00e7abalad\u0131klar\u0131n\u0131 s\u00f6yleyenler,\u00a0 kar\u015f\u0131lar\u0131ndakini daha fazla incitmekte? Neden Hala bir y\u0131\u011f\u0131n yalanlar s\u00f6ylenmekte? Yalanlar\u0131n en korkuncu sevgiye dair s\u00f6ylenenler de\u011fil mi? \u0130nsan sevgiyle yarat\u0131ld\u0131. Sevgiyle at\u0131ld\u0131 tohumlar. Bu nedenle insan [&hellip;]<\/p>\n","protected":false},"author":1,"featured_media":0,"parent":0,"menu_order":0,"comment_status":"closed","ping_status":"closed","template":"page.php","meta":{"footnotes":""},"class_list":["post-11213","page","type-page","status-publish","hentry"],"_links":{"self":[{"href":"https:\/\/www.serapdemirag.com.tr\/index.php?rest_route=\/wp\/v2\/pages\/11213","targetHints":{"allow":["GET"]}}],"collection":[{"href":"https:\/\/www.serapdemirag.com.tr\/index.php?rest_route=\/wp\/v2\/pages"}],"about":[{"href":"https:\/\/www.serapdemirag.com.tr\/index.php?rest_route=\/wp\/v2\/types\/page"}],"author":[{"embeddable":true,"href":"https:\/\/www.serapdemirag.com.tr\/index.php?rest_route=\/wp\/v2\/users\/1"}],"replies":[{"embeddable":true,"href":"https:\/\/www.serapdemirag.com.tr\/index.php?rest_route=%2Fwp%2Fv2%2Fcomments&post=11213"}],"version-history":[{"count":4,"href":"https:\/\/www.serapdemirag.com.tr\/index.php?rest_route=\/wp\/v2\/pages\/11213\/revisions"}],"predecessor-version":[{"id":11558,"href":"https:\/\/www.serapdemirag.com.tr\/index.php?rest_route=\/wp\/v2\/pages\/11213\/revisions\/11558"}],"wp:attachment":[{"href":"https:\/\/www.serapdemirag.com.tr\/index.php?rest_route=%2Fwp%2Fv2%2Fmedia&parent=11213"}],"curies":[{"name":"wp","href":"https:\/\/api.w.org\/{rel}","templated":true}]}}