{"id":11215,"date":"2025-06-14T07:41:55","date_gmt":"2025-06-14T07:41:55","guid":{"rendered":"https:\/\/www.serapdemirag.com.tr\/?page_id=11215"},"modified":"2025-07-07T09:59:49","modified_gmt":"2025-07-07T09:59:49","slug":"sonsuzluga-ucus","status":"publish","type":"page","link":"https:\/\/www.serapdemirag.com.tr\/?page_id=11215","title":{"rendered":"Sonsuzlu\u011fa U\u00e7u\u015f"},"content":{"rendered":"<div class=\"wpb-content-wrapper\"><p>[vc_row][vc_column][vc_empty_space height=&#8221;120&#8243;][vc_custom_heading text=&#8221;Sonsuzlu\u011fa U\u00e7u\u015f&#8221; font_container=&#8221;tag:h2|text_align:left|color:%23DD3333&#8243; use_theme_fonts=&#8221;yes&#8221; css=&#8221;&#8221;][vc_empty_space height=&#8221;10&#8243;][vc_row_inner][vc_column_inner width=&#8221;2\/3&#8243;][vc_column_text css=&#8221;&#8221;]Kendimizi yeterince tan\u0131d\u0131\u011f\u0131m\u0131z s\u00f6ylenebilir mi?\u00a0 Hala,\u00a0\u00a0 madde \u00fczerinde elde edilen ba\u015far\u0131lar\u0131m\u0131zla mutluluk duymaktay\u0131z.\u00a0 Ku\u015fkusuz bir insan yans\u0131mas\u0131 oldu\u011fu kozmosun yo\u011funla\u015fm\u0131\u015f bir modelidir.\u00a0 Ancak,\u00a0 unutulmamas\u0131 gereken her \u015feyin insan\u0131n geli\u015fimine ve kurtulu\u015funa hizmet etmek i\u00e7in oldu\u011fudur.\u00a0 Bu bilin\u00e7le davranan insan,\u00a0\u00a0 kendisine sunulan de\u011ferlerin fark\u0131nda olmal\u0131d\u0131r.\u00a0Kendisi i\u00e7in do\u011fru olan\u0131 se\u00e7melidir.\u00a0 H\u00fcr iradesinin gere\u011fidir bu.\u00a0\u00a0 En \u00f6nemlisi de ay\u0131rt etme yetene\u011fini kullanmas\u0131d\u0131r.\u00a0\u00a0 Kendisini ko\u015fulland\u0131rmadan de\u011fi\u015fimin ruhuna uymal\u0131d\u0131r.\u00a0 Gelece\u011fin ge\u00e7mi\u015fe do\u011fru akt\u0131\u011f\u0131 dairesel bir zaman\u0131 ya\u015farken, boyutundaki ili\u015fkileri de ke\u015ffetmelidir.\u00a0 Ve do\u011fru ili\u015fkilerin temelinin sevgiye dayand\u0131\u011f\u0131n\u0131 da unutmamal\u0131d\u0131r.\u00a0Do\u011frudan ya da dolayl\u0131 verilen her bilgi,\u00a0\u00a0 \u00e7a\u011f\u0131na uygun sembolleri saklar.\u00a0 \u0130nsano\u011flu \u00f6ylesine ko\u015fullanm\u0131\u015ft\u0131r ki ,\u00a0 g\u00f6z\u00fcn\u00fcn \u00f6n\u00fcndekileri bile g\u00f6rmez de,\u00a0\u00a0 inanmak i\u00e7in sembol arar.\u00a0 Sevgi de bu anlay\u0131\u015ftan nasibini alm\u0131\u015ft\u0131r g\u00fcn\u00fcm\u00fczde.\u00a0Oysa planetimiz\u00a0 bizlere sevgi\u2019nin en g\u00fczellerini\u00a0 \u00f6rneklemi\u015ftir.\u00a0 Onu adeta elle tutulur g\u00f6zle g\u00f6r\u00fcl\u00fcr bir halde sunmu\u015ftur.\u00a0 Birlik ve beraberli\u011fin muhte\u015fem g\u00f6rselli\u011finde\u00a0 zaman\u00a0 durur.\u00a0 Farkl\u0131l\u0131klar kalkar ortadan.\u00a0 B\u00fct\u00fcne kat\u0131lman\u0131n \u00f6z bilincidir sadece soluklanan .\u00a0 Kar\u0131\u015f\u0131k ve sa\u00e7ma sapan modellerden,\u00a0 sanki bir anlam\u0131 varm\u0131\u015f gibi sunulan sahteliklerden ar\u0131nma da o noktada ba\u015flar.\u00a0 Yal\u0131n,\u00a0 duru\u00a0 ve sevgi dolu b\u00fct\u00fcnl\u00fc\u011fe kanat a\u00e7\u0131l\u0131r durmadan.\u00a0 B\u00f6yle u\u00e7ulur sonsuzlu\u011fa.\u00a0 Merkezsiz evrenin merkezi oldu\u011funu d\u00fc\u015f\u00fcnenlere de b\u00f6yle ibret olunur.[\/vc_column_text][\/vc_column_inner][vc_column_inner width=&#8221;1\/3&#8243;][vc_single_image image=&#8221;12697&#8243; img_size=&#8221;medium&#8221; css=&#8221;&#8221;][\/vc_column_inner][\/vc_row_inner][vc_empty_space][vc_separator color=&#8221;black&#8221; style=&#8221;shadow&#8221; border_width=&#8221;3&#8243; css=&#8221;&#8221;][\/vc_column][\/vc_row]<\/p>\n<\/div>","protected":false},"excerpt":{"rendered":"<p>[vc_row][vc_column][vc_empty_space height=&#8221;120&#8243;][vc_custom_heading text=&#8221;Sonsuzlu\u011fa U\u00e7u\u015f&#8221; font_container=&#8221;tag:h2|text_align:left|color:%23DD3333&#8243; use_theme_fonts=&#8221;yes&#8221; css=&#8221;&#8221;][vc_empty_space height=&#8221;10&#8243;][vc_row_inner][vc_column_inner width=&#8221;2\/3&#8243;][vc_column_text css=&#8221;&#8221;]Kendimizi yeterince tan\u0131d\u0131\u011f\u0131m\u0131z s\u00f6ylenebilir mi?\u00a0 Hala,\u00a0\u00a0 madde \u00fczerinde elde edilen ba\u015far\u0131lar\u0131m\u0131zla mutluluk duymaktay\u0131z.\u00a0 Ku\u015fkusuz bir insan yans\u0131mas\u0131 oldu\u011fu kozmosun yo\u011funla\u015fm\u0131\u015f bir modelidir.\u00a0 Ancak,\u00a0 unutulmamas\u0131 gereken her \u015feyin insan\u0131n geli\u015fimine ve kurtulu\u015funa hizmet etmek i\u00e7in oldu\u011fudur.\u00a0 Bu bilin\u00e7le davranan insan,\u00a0\u00a0 kendisine sunulan de\u011ferlerin fark\u0131nda olmal\u0131d\u0131r.\u00a0Kendisi i\u00e7in do\u011fru [&hellip;]<\/p>\n","protected":false},"author":1,"featured_media":0,"parent":0,"menu_order":0,"comment_status":"closed","ping_status":"closed","template":"page.php","meta":{"footnotes":""},"class_list":["post-11215","page","type-page","status-publish","hentry"],"_links":{"self":[{"href":"https:\/\/www.serapdemirag.com.tr\/index.php?rest_route=\/wp\/v2\/pages\/11215","targetHints":{"allow":["GET"]}}],"collection":[{"href":"https:\/\/www.serapdemirag.com.tr\/index.php?rest_route=\/wp\/v2\/pages"}],"about":[{"href":"https:\/\/www.serapdemirag.com.tr\/index.php?rest_route=\/wp\/v2\/types\/page"}],"author":[{"embeddable":true,"href":"https:\/\/www.serapdemirag.com.tr\/index.php?rest_route=\/wp\/v2\/users\/1"}],"replies":[{"embeddable":true,"href":"https:\/\/www.serapdemirag.com.tr\/index.php?rest_route=%2Fwp%2Fv2%2Fcomments&post=11215"}],"version-history":[{"count":7,"href":"https:\/\/www.serapdemirag.com.tr\/index.php?rest_route=\/wp\/v2\/pages\/11215\/revisions"}],"predecessor-version":[{"id":12948,"href":"https:\/\/www.serapdemirag.com.tr\/index.php?rest_route=\/wp\/v2\/pages\/11215\/revisions\/12948"}],"wp:attachment":[{"href":"https:\/\/www.serapdemirag.com.tr\/index.php?rest_route=%2Fwp%2Fv2%2Fmedia&parent=11215"}],"curies":[{"name":"wp","href":"https:\/\/api.w.org\/{rel}","templated":true}]}}