{"id":11395,"date":"2025-06-14T18:18:52","date_gmt":"2025-06-14T18:18:52","guid":{"rendered":"https:\/\/www.serapdemirag.com.tr\/?page_id=11395"},"modified":"2025-06-16T20:04:54","modified_gmt":"2025-06-16T20:04:54","slug":"resimde-gerceklik-nedir","status":"publish","type":"page","link":"https:\/\/www.serapdemirag.com.tr\/?page_id=11395","title":{"rendered":"Resimde Ger\u00e7eklik"},"content":{"rendered":"<div class=\"wpb-content-wrapper\"><p>[vc_row css=&#8221;.vc_custom_1750080147964{padding-bottom: 0px !important;}&#8221;][vc_column][vc_empty_space height=&#8221;120&#8243;][vc_custom_heading text=&#8221;Resimde Ger\u00e7eklik Nedir?&#8221; font_container=&#8221;tag:h2|text_align:left|color:%23DD3333&#8243; use_theme_fonts=&#8221;yes&#8221; css=&#8221;&#8221;][vc_empty_space height=&#8221;10&#8243;][vc_column_text css=&#8221;&#8221;]Bilimsel ger\u00e7eklik deneyseldir \u00f6l\u00e7\u00fclebilir ve ispat edilebilir. Ancak sanatsal ger\u00e7eklik de\u011fi\u015fkendir deneye dayal\u0131 de\u011fildir, \u00f6zneldir ve amac\u0131 sanat\u00e7\u0131n\u0131n uyand\u0131rmak istedi\u011fi imaja arac\u0131 olmakt\u0131r.<\/p>\n<p>Benim resimlerimde yapt\u0131\u011f\u0131m nar ya da elmay\u0131 tuvalden al\u0131p yemek isterseniz yapamazs\u0131n\u0131z. \u00c7\u00fcnk\u00fc o elma ya da nar resmin objesidir art\u0131k. Ben elmay\u0131 atom olarak nesnelle\u015ftiririm resimlerimde. Oysa bilimin atomu bo\u015fluklardan olu\u015fur. Bir s\u00fcr\u00fc alt maddeci\u011fi bar\u0131nd\u0131r\u0131r. Tutamazs\u0131n\u0131z, g\u00f6remezsiniz de.\u00a0Sanat\u00e7\u0131n\u0131n resimlerini g\u00f6rselle\u015ftirmek i\u00e7in tan\u0131nan, bilinen elle tutulup g\u00f6zle g\u00f6r\u00fcnen objelere gereksinimi vard\u0131r. Ama tuvalin \u00fczerinde o nesneler art\u0131k ger\u00e7ekte olduklar\u0131ndan farkl\u0131d\u0131r ve \u00fcst\u00fcnde elmalar olan bir resme; Bu sanat\u00e7\u0131 acaba AMASYA&#8217;LI MI?&#8221; diyerek bak\u0131lmamal\u0131d\u0131r.[\/vc_column_text][vc_empty_space][vc_row_inner][vc_column_inner width=&#8221;1\/4&#8243;][vc_single_image image=&#8221;11523&#8243; img_size=&#8221;full&#8221; css=&#8221;&#8221;][\/vc_column_inner][vc_column_inner width=&#8221;1\/4&#8243;][vc_single_image image=&#8221;11524&#8243; img_size=&#8221;full&#8221; css=&#8221;&#8221;][\/vc_column_inner][vc_column_inner width=&#8221;1\/4&#8243;][vc_single_image image=&#8221;11526&#8243; img_size=&#8221;full&#8221; css=&#8221;&#8221;][\/vc_column_inner][vc_column_inner width=&#8221;1\/4&#8243;][vc_single_image image=&#8221;11531&#8243; img_size=&#8221;full&#8221; css=&#8221;&#8221;][\/vc_column_inner][\/vc_row_inner][vc_empty_space][vc_column_text css=&#8221;&#8221;]Nar resimleri yaparken bir sistemi anlatmak i\u00e7in \u00e7abal\u0131yorum. \u00c7ar\u015f\u0131dan ald\u0131m bir tane, eve geldim bin tane. Bu bilmeceyi hat\u0131rlars\u0131n\u0131z.<\/p>\n<p>Yunuslar\u0131m asl\u0131nda asla bal\u0131k olmayan o \u00f6zel yarat\u0131lm\u0131\u015f l\u0131\u011f\u0131n i\u00e7indekini anlat\u0131r. Sevgiyi, asl\u0131 birlikte ya\u015famak olan b\u00fcy\u00fck sanat\u0131 betimler. Molek\u00fcllerin birbirleriyle kucakla\u015farak maddeye d\u00f6n\u00fc\u015fmesinin g\u00f6rselle\u015fmeleridir onlar.<\/p>\n<p>K\u0131saca resimlerimde ne elma elmad\u0131r ne nar bilinen nard\u0131r ne yunus denizdeki yunustur ne de at \u00f6zg\u00fcrce ko\u015fan d\u00f6rt ayakl\u0131 bir g\u00fczelliktir. Benim y\u00fckledi\u011fim anlamlar ne ise resimlerimde o olurlar. \u0130\u015fte resimde yap\u0131lan da basit\u00e7e budur sevgili sanat yolcular\u0131.<\/p>\n<p>Resimlerimde g\u00f6rd\u00fckleri objelerin ne oldu\u011funu ne anlatmak istedi\u011fimi, \u00e7ekti\u011fim do\u011fum sanc\u0131lar\u0131m\u0131, tarihsel ge\u00e7mi\u015fimi bilmeden tek resim i\u00e7in oturup yorum yapmak, bir kolyeden tek bir inci tanesini \u00e7ekip alarak o kolyeyi da\u011f\u0131tmaya benzer. Sanat\u00e7\u0131 hi\u00e7 bitmemi\u015fli\u011fin esiridir. Hi\u00e7bir resim asl\u0131nda bitmez. Bu nedenle sanat\u00e7\u0131 durmadan tuvalden tuvale ko\u015far durur. Ko\u015far ve g\u00f6rd\u00fc\u011f\u00fc her nesneyi sizin tan\u0131\u015f\u0131kl\u0131\u011f\u0131n\u0131zdan pervas\u0131zca s\u0131y\u0131r\u0131p al\u0131r. Onu \u00fcst ger\u00e7ekli\u011fe, g\u00f6r\u00fcnmeyene ta\u015f\u0131r.[\/vc_column_text][vc_empty_space][vc_separator color=&#8221;black&#8221; style=&#8221;shadow&#8221; border_width=&#8221;3&#8243; css=&#8221;&#8221;][\/vc_column][\/vc_row]<\/p>\n<\/div>","protected":false},"excerpt":{"rendered":"<p>[vc_row css=&#8221;.vc_custom_1750080147964{padding-bottom: 0px !important;}&#8221;][vc_column][vc_empty_space height=&#8221;120&#8243;][vc_custom_heading text=&#8221;Resimde Ger\u00e7eklik Nedir?&#8221; font_container=&#8221;tag:h2|text_align:left|color:%23DD3333&#8243; use_theme_fonts=&#8221;yes&#8221; css=&#8221;&#8221;][vc_empty_space height=&#8221;10&#8243;][vc_column_text css=&#8221;&#8221;]Bilimsel ger\u00e7eklik deneyseldir \u00f6l\u00e7\u00fclebilir ve ispat edilebilir. Ancak sanatsal ger\u00e7eklik de\u011fi\u015fkendir deneye dayal\u0131 de\u011fildir, \u00f6zneldir ve amac\u0131 sanat\u00e7\u0131n\u0131n uyand\u0131rmak istedi\u011fi imaja arac\u0131 olmakt\u0131r. Benim resimlerimde yapt\u0131\u011f\u0131m nar ya da elmay\u0131 tuvalden al\u0131p yemek isterseniz yapamazs\u0131n\u0131z. \u00c7\u00fcnk\u00fc o elma ya da nar resmin objesidir [&hellip;]<\/p>\n","protected":false},"author":1,"featured_media":0,"parent":0,"menu_order":0,"comment_status":"closed","ping_status":"closed","template":"page.php","meta":{"footnotes":""},"class_list":["post-11395","page","type-page","status-publish","hentry"],"_links":{"self":[{"href":"https:\/\/www.serapdemirag.com.tr\/index.php?rest_route=\/wp\/v2\/pages\/11395","targetHints":{"allow":["GET"]}}],"collection":[{"href":"https:\/\/www.serapdemirag.com.tr\/index.php?rest_route=\/wp\/v2\/pages"}],"about":[{"href":"https:\/\/www.serapdemirag.com.tr\/index.php?rest_route=\/wp\/v2\/types\/page"}],"author":[{"embeddable":true,"href":"https:\/\/www.serapdemirag.com.tr\/index.php?rest_route=\/wp\/v2\/users\/1"}],"replies":[{"embeddable":true,"href":"https:\/\/www.serapdemirag.com.tr\/index.php?rest_route=%2Fwp%2Fv2%2Fcomments&post=11395"}],"version-history":[{"count":15,"href":"https:\/\/www.serapdemirag.com.tr\/index.php?rest_route=\/wp\/v2\/pages\/11395\/revisions"}],"predecessor-version":[{"id":11532,"href":"https:\/\/www.serapdemirag.com.tr\/index.php?rest_route=\/wp\/v2\/pages\/11395\/revisions\/11532"}],"wp:attachment":[{"href":"https:\/\/www.serapdemirag.com.tr\/index.php?rest_route=%2Fwp%2Fv2%2Fmedia&parent=11395"}],"curies":[{"name":"wp","href":"https:\/\/api.w.org\/{rel}","templated":true}]}}