{"id":11460,"date":"2025-06-16T10:37:13","date_gmt":"2025-06-16T10:37:13","guid":{"rendered":"https:\/\/www.serapdemirag.com.tr\/?page_id=11460"},"modified":"2025-06-22T11:04:42","modified_gmt":"2025-06-22T11:04:42","slug":"hakkimdan","status":"publish","type":"page","link":"https:\/\/www.serapdemirag.com.tr\/?page_id=11460","title":{"rendered":"Hakk\u0131nda"},"content":{"rendered":"<div class=\"wpb-content-wrapper\"><p>[vc_row][vc_column][vc_empty_space height=&#8221;120&#8243;][\/vc_column][\/vc_row][vc_row][vc_column width=&#8221;1\/5&#8243;][vc_empty_space height=&#8221;120&#8243;][vc_single_image image=&#8221;11035&#8243; img_size=&#8221;full&#8221; css=&#8221;&#8221;][\/vc_column][vc_column width=&#8221;4\/5&#8243;]<section class='special_tabs icon vertical'><div class='tab-selector col-xs-12 col-sm-1'><\/div><div class='tab-container col-xs-12 col-sm-11' style='margin-left:0px;'><\/div><div class='label 1'>\n<div class='carbon_icon_special_tabs'><i class='fa Defaults-user'><\/i><\/div>\n<div class='title'><a>Tab<\/a><\/div>\n<div class='divider-vertical-tabs'><\/div>\n<\/div>\n<div class='content 1'>\n[vc_row_inner][vc_column_inner][vc_custom_heading text=&#8221;Biyografim&#8221; font_container=&#8221;tag:h2|text_align:left|color:%23DD3333&#8243; use_theme_fonts=&#8221;yes&#8221; css=&#8221;&#8221;][vc_empty_space height=&#8221;10&#8243;][vc_column_text css=&#8221;&#8221;]<\/p>\n<ul>\n<li><strong>1951<\/strong> Alpullu, K\u0131rklareli&#8217;nde do\u011fdu<\/li>\n<li><strong>1971<\/strong> Dokuz Eyl\u00fcl \u00dcniversitesi Buca E\u011fitim Fak\u00fcltesi Resim B\u00f6l\u00fcm\u00fcn\u00fc bitirdi.<\/li>\n<li><strong>1986<\/strong> Marmara \u00dcniversitesi G\u00fczel Sanatlar Fak\u00fcltesi Lisans E\u011fitimini yapt\u0131.<\/li>\n<li><strong>1991<\/strong> Oylumlar Resim Kitab\u0131 yay\u0131nland\u0131.<\/li>\n<li><strong>1995<\/strong> Ve I\u015f\u0131k&#8230; Ve Ate\u015f&#8230; Resim Kitab\u0131 yay\u0131nland\u0131.<\/li>\n<li><strong>2004<\/strong> Ve I\u015f\u0131k&#8230; Ve Ate\u015f&#8230; Ve \u0130nsan&#8230; \u015eiir Kitab\u0131 yay\u0131nland\u0131.<\/li>\n<\/ul>\n<p>[\/vc_column_text][\/vc_column_inner][\/vc_row_inner]<\/p>\n<\/div>\n<div class='label 2'>\n<div class='carbon_icon_special_tabs'><i class='fa Defaults-book'><\/i><\/div>\n<div class='title'><a>Tab<\/a><\/div>\n<div class='divider-vertical-tabs'><\/div>\n<\/div>\n<div class='content 2'>\n[vc_row_inner][vc_column_inner width=&#8221;1\/3&#8243;][vc_custom_heading text=&#8221;Kitaplar\u0131&#8221; font_container=&#8221;tag:h2|text_align:left|color:%23DD3333&#8243; use_theme_fonts=&#8221;yes&#8221; css=&#8221;&#8221;][vc_empty_space height=&#8221;10&#8243;][vc_single_image image=&#8221;12099&#8243; img_size=&#8221;Full&#8221; alignment=&#8221;center&#8221; onclick=&#8221;link_image&#8221; css=&#8221;.vc_custom_1750589424885{padding-top: 30px !important;}&#8221;][vc_empty_space height=&#8221;68&#8243;][vc_column_text css=&#8221;&#8221;]Yazar: Ahmet K\u00f6ksal[\/vc_column_text][\/vc_column_inner][vc_column_inner width=&#8221;1\/3&#8243;][vc_custom_heading text=&#8221;&#8221; css=&#8221;&#8221;][vc_empty_space height=&#8221;10&#8243;][vc_single_image image=&#8221;12100&#8243; img_size=&#8221;Full&#8221; onclick=&#8221;link_image&#8221; css=&#8221;&#8221;][vc_empty_space height=&#8221;10&#8243;][vc_column_text css=&#8221;&#8221;]Yazar: \u00d6nder \u015eenyap\u0131l\u0131[\/vc_column_text][\/vc_column_inner][vc_column_inner width=&#8221;1\/3&#8243;][vc_custom_heading text=&#8221;&#8221; css=&#8221;&#8221;][vc_empty_space height=&#8221;10&#8243;][vc_single_image image=&#8221;12101&#8243; img_size=&#8221;full&#8221; onclick=&#8221;link_image&#8221; css=&#8221;&#8221;][vc_empty_space height=&#8221;10&#8243;][vc_column_text css=&#8221;&#8221;]\u015eiir Kitab\u0131,\u00a0Yazar: Serap Demira\u011f[\/vc_column_text][\/vc_column_inner][\/vc_row_inner]<\/p>\n<\/div>\n<div class='label 3'>\n<div class='carbon_icon_special_tabs'><i class='fa Defaults-file-text'><\/i><\/div>\n<div class='title'><a>Tab<\/a><\/div>\n<div class='divider-vertical-tabs'><\/div>\n<\/div>\n<div class='content 3'>\n[vc_row_inner][vc_column_inner][vc_custom_heading text=&#8221;Ansiklopedilerden&#8230;&#8221; font_container=&#8221;tag:h2|text_align:left|color:%23DD3333&#8243; use_theme_fonts=&#8221;yes&#8221; css=&#8221;&#8221;][vc_empty_space height=&#8221;10&#8243;][vc_column_text css=&#8221;&#8221;]<\/p>\n<ul>\n<li><strong><span class=\"palette-color3-2\">2007 <\/span><\/strong><span class=\"palette-color3-2\">Who is Who Turkey Ansiklopedisi, S:358-359<\/span><\/li>\n<li><strong><span class=\"palette-color3-2\">1995 <\/span><\/strong><span class=\"palette-color3-2\">G\u00fcn\u00fcm\u00fcz T\u00fcrk Resim Sanat\u0131 <\/span>1950&#8217;den 2000&#8217;e, Bilim Sanat Galerisi Yay\u0131nlar\u0131, S:144-146<\/li>\n<li><strong><span class=\"palette-color3-2\">1994 <\/span><\/strong><span class=\"palette-color3-2\">T\u00fcrk Plastik Sanat\u00e7\u0131lar\u0131 Ansiklopedik S\u00f6zl\u00fck, Yap\u0131 Kredi Yay\u0131nlar\u0131, S:111<\/span><\/li>\n<li><strong><span class=\"palette-color3-2\">1993 <\/span><\/strong><span class=\"palette-color3-2\">T\u00fcrk Plastik Sanat\u00e7\u0131lar\u0131 Ansiklopedisi, Ankara Sanat Yay\u0131nlar\u0131, Cilt 3, S:860<\/span><\/li>\n<\/ul>\n<p>[\/vc_column_text][\/vc_column_inner][\/vc_row_inner]<\/p>\n<\/div>\n<div class='label 4'>\n<div class='carbon_icon_special_tabs'><i class='fa Defaults-trophy'><\/i><\/div>\n<div class='title'><a>Tab<\/a><\/div>\n<div class='divider-vertical-tabs'><\/div>\n<\/div>\n<div class='content 4'>\n[vc_row_inner][vc_column_inner][vc_custom_heading text=&#8221;\u00d6d\u00fcllerim&#8221; font_container=&#8221;tag:h2|text_align:left|color:%23DD3333&#8243; use_theme_fonts=&#8221;yes&#8221; css=&#8221;&#8221;][vc_empty_space height=&#8221;10&#8243;][vc_column_text css=&#8221;&#8221;]<\/p>\n<ul>\n<li><strong><span class=\"palette-color3-2\">1996 <\/span><\/strong><span class=\"palette-color3-2\">Habitat 2. Resim Yar\u0131\u015fmas\u0131 \u0130kincilik \u00d6d\u00fcl\u00fc\u00a0<\/span><\/li>\n<li><strong><span class=\"palette-color3-2\">1992 <\/span><\/strong><span class=\"palette-color3-2\">Tekel Resim Yar\u0131\u015fmas\u0131 Birincilik \u00d6d\u00fcl\u00fc\u00a0<\/span><\/li>\n<li><strong><span class=\"palette-color3-2\">1992 <\/span><\/strong><span class=\"palette-color3-2\">Yar\u0131mca K\u00fclt\u00fcr Festivali \u00d6zel \u00d6d\u00fcl\u00fc\u00a0<\/span><\/li>\n<li><strong><span class=\"palette-color3-2\">1990 <\/span><\/strong><span class=\"palette-color3-2\">24. DYO Resim Yar\u0131\u015fmas\u0131 Mansiyon \u00d6d\u00fcl\u00fc<\/span><\/li>\n<li><strong><span class=\"palette-color3-2\">1989 <\/span><\/strong><span class=\"palette-color3-2\">K\u00fclt\u00fcr Bakanl\u0131\u011f\u0131 &#8220;Mevlana&#8221; Resim Yar\u0131\u015fmas\u0131 Mansiyon \u00d6d\u00fcl\u00fc<\/span><\/li>\n<li><strong><span class=\"palette-color3-2\">1984 <\/span><\/strong><span class=\"palette-color3-2\">Zef Clement \u00d6d\u00fcl\u00fc<\/span><\/li>\n<li><strong><span class=\"palette-color3-2\">1973 <\/span><\/strong><span class=\"palette-color3-2\">T\u00fcrk Dil Kurumu \u00d6zel \u00d6d\u00fcl\u00fc<\/span><\/li>\n<\/ul>\n<p>[\/vc_column_text][\/vc_column_inner][\/vc_row_inner]<\/p>\n<\/div>\n<div class='label 5'>\n<div class='carbon_icon_special_tabs'><i class='fa Defaults-film'><\/i><\/div>\n<div class='title'><a>Tab<\/a><\/div>\n<div class='divider-vertical-tabs'><\/div>\n<\/div>\n<div class='content 5'>\n[vc_row_inner][vc_column_inner][vc_custom_heading text=&#8221;Kat\u0131ld\u0131\u011f\u0131m Etkinlikler&#8221; font_container=&#8221;tag:h2|text_align:left|color:%23DD3333&#8243; use_theme_fonts=&#8221;yes&#8221; css=&#8221;&#8221;][vc_empty_space height=&#8221;10&#8243;][vc_column_text css=&#8221;&#8221;]<\/p>\n<ul>\n<li><span class=\"palette-color3-2\"><strong>2006<\/strong>\u00a0<\/span><span class=\"palette-color3-2\">&#8220;Tek Nefeste A\u015fk&#8221;\u00a0program\u0131nda sunuculuk ve dan\u0131\u015fmanl\u0131k,\u00a0TRT INT\u00a0<\/span><\/li>\n<li><strong><span class=\"palette-color3-2\">2001 <\/span><\/strong><span class=\"palette-color3-2\">&#8220;Sanat Program\u0131&#8221;, Mersin Radyosu<\/span><\/li>\n<li><strong><span class=\"palette-color3-2\">2000 <\/span><\/strong><span class=\"palette-color3-2\">&#8220;Sanatta Sevgi; Sema; Kuvantum Fizi\u011fi&#8221;, TRT 2<\/span><\/li>\n<li><strong><span class=\"palette-color3-2\">1999 <\/span><\/strong><span class=\"palette-color3-2\">&#8220;D\u00f6rt Mevsim Kad\u0131n&#8221;, TRT2 &#8211; TRT INT<\/span><\/li>\n<li><strong><span class=\"palette-color3-2\">1999 <\/span><\/strong><span class=\"palette-color3-2\">\u00d6nder \u015eenyap\u0131l\u0131, &#8220;Sanattan Kesitler&#8221;, TRT 2<\/span><\/li>\n<li><strong><span class=\"palette-color3-2\">1994 <\/span><\/strong><span class=\"palette-color3-2\">Radyo Program\u0131, TRT 1<\/span><\/li>\n<li><strong><span class=\"palette-color3-2\">1994 <\/span><\/strong><span class=\"palette-color3-2\">Kaya \u00d6zsezgin, &#8220;Sanat Program\u0131&#8221;, TRT 2<\/span><\/li>\n<\/ul>\n<p>[\/vc_column_text][\/vc_column_inner][\/vc_row_inner]<\/p>\n<\/div>\n<\/section>[\/vc_column][\/vc_row]<\/p>\n<\/div>","protected":false},"excerpt":{"rendered":"<p>[vc_row][vc_column][vc_empty_space height=&#8221;120&#8243;][\/vc_column][\/vc_row][vc_row][vc_column width=&#8221;1\/5&#8243;][vc_empty_space height=&#8221;120&#8243;][vc_single_image image=&#8221;11035&#8243; img_size=&#8221;full&#8221; css=&#8221;&#8221;][\/vc_column][vc_column width=&#8221;4\/5&#8243;][\/vc_column][\/vc_row]<\/p>\n","protected":false},"author":1,"featured_media":0,"parent":0,"menu_order":0,"comment_status":"closed","ping_status":"closed","template":"page.php","meta":{"footnotes":""},"class_list":["post-11460","page","type-page","status-publish","hentry"],"_links":{"self":[{"href":"https:\/\/www.serapdemirag.com.tr\/index.php?rest_route=\/wp\/v2\/pages\/11460","targetHints":{"allow":["GET"]}}],"collection":[{"href":"https:\/\/www.serapdemirag.com.tr\/index.php?rest_route=\/wp\/v2\/pages"}],"about":[{"href":"https:\/\/www.serapdemirag.com.tr\/index.php?rest_route=\/wp\/v2\/types\/page"}],"author":[{"embeddable":true,"href":"https:\/\/www.serapdemirag.com.tr\/index.php?rest_route=\/wp\/v2\/users\/1"}],"replies":[{"embeddable":true,"href":"https:\/\/www.serapdemirag.com.tr\/index.php?rest_route=%2Fwp%2Fv2%2Fcomments&post=11460"}],"version-history":[{"count":30,"href":"https:\/\/www.serapdemirag.com.tr\/index.php?rest_route=\/wp\/v2\/pages\/11460\/revisions"}],"predecessor-version":[{"id":12114,"href":"https:\/\/www.serapdemirag.com.tr\/index.php?rest_route=\/wp\/v2\/pages\/11460\/revisions\/12114"}],"wp:attachment":[{"href":"https:\/\/www.serapdemirag.com.tr\/index.php?rest_route=%2Fwp%2Fv2%2Fmedia&parent=11460"}],"curies":[{"name":"wp","href":"https:\/\/api.w.org\/{rel}","templated":true}]}}