{"id":11854,"date":"2025-06-20T15:20:32","date_gmt":"2025-06-20T15:20:32","guid":{"rendered":"https:\/\/www.serapdemirag.com.tr\/?page_id=11854"},"modified":"2025-06-20T20:26:06","modified_gmt":"2025-06-20T20:26:06","slug":"ve-isik-ve-ates-ve-olus","status":"publish","type":"page","link":"https:\/\/www.serapdemirag.com.tr\/?page_id=11854","title":{"rendered":"Ve I\u015f\u0131k&#8230; Ve Ate\u015f&#8230; Ve Olu\u015f&#8230;"},"content":{"rendered":"<div class=\"wpb-content-wrapper\"><p>[vc_row][vc_column][vc_empty_space height=&#8221;120&#8243;][vc_custom_heading text=&#8221;Ve I\u015f\u0131k&#8230; Ve Ate\u015f&#8230; Ve Olu\u015f&#8230; (1995 &#8211; 1997)&#8221; font_container=&#8221;tag:h2|text_align:center|color:%23DD3333&#8243; use_theme_fonts=&#8221;yes&#8221; css=&#8221;&#8221;][vc_empty_space]<div class=\"avt_masterslider_el \" >\n\t\t<!-- MasterSlider -->\n\t\t<div id=\"P_MS69de9fab73eca\" class=\"master-slider-parent ms-thumbs-template ms-parent-id-30\" style=\"max-width:1000px;\" >\n\n\t\t\t\n\t\t\t<!-- MasterSlider Main -->\n\t\t\t<div id=\"MS69de9fab73eca\" class=\"master-slider ms-skin-black-2 round-skin\" >\n\t\t\t\t \t\t\t\t \n\n\t\t\t<div  class=\"ms-slide\" data-delay=\"3\" data-fill-mode=\"fill\"   >\n\t\t\t\t\t<img decoding=\"async\" src=\"https:\/\/www.serapdemirag.com.tr\/wp-content\/plugins\/masterslider\/public\/assets\/css\/blank.gif\" alt=\"\" title=\"Ve I\u015f\u0131k... Ve Ate\u015f... Ve Olu\u015f...\" data-src=\"https:\/\/www.serapdemirag.com.tr\/wp-content\/uploads\/2025\/07\/Ve-Isik-Ve-Ates-ve-Olus-01.png\" \/>\n\n\n\t<img decoding=\"async\" class=\"ms-thumb\" src=\"https:\/\/www.serapdemirag.com.tr\/wp-content\/uploads\/2025\/07\/Ve-Isik-Ve-Ates-ve-Olus-01-127x137.png\" alt=\"\" \/>\n\t\t\t\t<\/div>\n\t\t\t<div  class=\"ms-slide\" data-delay=\"3\" data-fill-mode=\"fill\"   >\n\t\t\t\t\t<img decoding=\"async\" src=\"https:\/\/www.serapdemirag.com.tr\/wp-content\/plugins\/masterslider\/public\/assets\/css\/blank.gif\" alt=\"\" title=\"Ve I\u015f\u0131k... Ve Ate\u015f... Ve Olu\u015f...\" data-src=\"https:\/\/www.serapdemirag.com.tr\/wp-content\/uploads\/2025\/07\/Ve-Isik-Ve-Ates-ve-Olus-02.png\" \/>\n\n\n\t<img decoding=\"async\" class=\"ms-thumb\" src=\"https:\/\/www.serapdemirag.com.tr\/wp-content\/uploads\/2025\/07\/Ve-Isik-Ve-Ates-ve-Olus-02-127x137.png\" alt=\"\" \/>\n\t\t\t\t<\/div>\n\t\t\t<div  class=\"ms-slide\" data-delay=\"3\" data-fill-mode=\"fill\"   >\n\t\t\t\t\t<img decoding=\"async\" src=\"https:\/\/www.serapdemirag.com.tr\/wp-content\/plugins\/masterslider\/public\/assets\/css\/blank.gif\" alt=\"\" title=\"Ve I\u015f\u0131k... Ve Ate\u015f... Ve Olu\u015f...\" data-src=\"https:\/\/www.serapdemirag.com.tr\/wp-content\/uploads\/2025\/07\/Ve-Isik-Ve-Ates-ve-Olus-03.png\" \/>\n\n\n\t<img decoding=\"async\" class=\"ms-thumb\" src=\"https:\/\/www.serapdemirag.com.tr\/wp-content\/uploads\/2025\/07\/Ve-Isik-Ve-Ates-ve-Olus-03-127x137.png\" alt=\"\" \/>\n\t\t\t\t<\/div>\n\t\t\t<div  class=\"ms-slide\" data-delay=\"3\" data-fill-mode=\"fill\"   >\n\t\t\t\t\t<img decoding=\"async\" src=\"https:\/\/www.serapdemirag.com.tr\/wp-content\/plugins\/masterslider\/public\/assets\/css\/blank.gif\" alt=\"\" title=\"Ve I\u015f\u0131k... Ve Ate\u015f... Ve Olu\u015f...\" data-src=\"https:\/\/www.serapdemirag.com.tr\/wp-content\/uploads\/2025\/07\/Ve-Isik-Ve-Ates-ve-Olus-04.png\" \/>\n\n\n\t<img decoding=\"async\" class=\"ms-thumb\" src=\"https:\/\/www.serapdemirag.com.tr\/wp-content\/uploads\/2025\/07\/Ve-Isik-Ve-Ates-ve-Olus-04-127x137.png\" alt=\"\" \/>\n\t\t\t\t<\/div>\n\t\t\t<div  class=\"ms-slide\" data-delay=\"3\" data-fill-mode=\"fill\"   >\n\t\t\t\t\t<img decoding=\"async\" src=\"https:\/\/www.serapdemirag.com.tr\/wp-content\/plugins\/masterslider\/public\/assets\/css\/blank.gif\" alt=\"\" title=\"Ve I\u015f\u0131k... Ve Ate\u015f... Ve Olu\u015f...\" data-src=\"https:\/\/www.serapdemirag.com.tr\/wp-content\/uploads\/2025\/07\/Ve-Isik-Ve-Ates-ve-Olus-05.png\" \/>\n\n\n\t<img decoding=\"async\" class=\"ms-thumb\" src=\"https:\/\/www.serapdemirag.com.tr\/wp-content\/uploads\/2025\/07\/Ve-Isik-Ve-Ates-ve-Olus-05-127x137.png\" alt=\"\" \/>\n\t\t\t\t<\/div>\n\t\t\t<div  class=\"ms-slide\" data-delay=\"3\" data-fill-mode=\"fill\"   >\n\t\t\t\t\t<img decoding=\"async\" src=\"https:\/\/www.serapdemirag.com.tr\/wp-content\/plugins\/masterslider\/public\/assets\/css\/blank.gif\" alt=\"\" title=\"Ve I\u015f\u0131k... Ve Ate\u015f... Ve Olu\u015f...\" data-src=\"https:\/\/www.serapdemirag.com.tr\/wp-content\/uploads\/2025\/07\/Ve-Isik-Ve-Ates-ve-Olus-06.png\" \/>\n\n\n\t<img decoding=\"async\" class=\"ms-thumb\" src=\"https:\/\/www.serapdemirag.com.tr\/wp-content\/uploads\/2025\/07\/Ve-Isik-Ve-Ates-ve-Olus-06-127x137.png\" alt=\"\" \/>\n\t\t\t\t<\/div>\n\t\t\t<div  class=\"ms-slide\" data-delay=\"3\" data-fill-mode=\"fill\"   >\n\t\t\t\t\t<img decoding=\"async\" src=\"https:\/\/www.serapdemirag.com.tr\/wp-content\/plugins\/masterslider\/public\/assets\/css\/blank.gif\" alt=\"\" title=\"Ve I\u015f\u0131k... Ve Ate\u015f... Ve Olu\u015f...\" data-src=\"https:\/\/www.serapdemirag.com.tr\/wp-content\/uploads\/2025\/07\/Ve-Isik-Ve-Ates-ve-Olus-07.png\" \/>\n\n\n\t<img decoding=\"async\" class=\"ms-thumb\" src=\"https:\/\/www.serapdemirag.com.tr\/wp-content\/uploads\/2025\/07\/Ve-Isik-Ve-Ates-ve-Olus-07-127x137.png\" alt=\"\" \/>\n\t\t\t\t<\/div>\n\t\t\t<div  class=\"ms-slide\" data-delay=\"3\" data-fill-mode=\"fill\"   >\n\t\t\t\t\t<img decoding=\"async\" src=\"https:\/\/www.serapdemirag.com.tr\/wp-content\/plugins\/masterslider\/public\/assets\/css\/blank.gif\" alt=\"\" title=\"Ve I\u015f\u0131k... Ve Ate\u015f... Ve Olu\u015f...\" data-src=\"https:\/\/www.serapdemirag.com.tr\/wp-content\/uploads\/2025\/07\/Ve-Isik-Ve-Ates-ve-Olus-08.png\" \/>\n\n\n\t<img decoding=\"async\" class=\"ms-thumb\" src=\"https:\/\/www.serapdemirag.com.tr\/wp-content\/uploads\/2025\/07\/Ve-Isik-Ve-Ates-ve-Olus-08-127x137.png\" alt=\"\" \/>\n\t\t\t\t<\/div>\n\t\t\t<div  class=\"ms-slide\" data-delay=\"3\" data-fill-mode=\"fill\"   >\n\t\t\t\t\t<img decoding=\"async\" src=\"https:\/\/www.serapdemirag.com.tr\/wp-content\/plugins\/masterslider\/public\/assets\/css\/blank.gif\" alt=\"\" title=\"Ve I\u015f\u0131k... Ve Ate\u015f... Ve Olu\u015f...\" data-src=\"https:\/\/www.serapdemirag.com.tr\/wp-content\/uploads\/2025\/07\/Ve-Isik-Ve-Ates-ve-Olus-09.png\" \/>\n\n\n\t<img decoding=\"async\" class=\"ms-thumb\" src=\"https:\/\/www.serapdemirag.com.tr\/wp-content\/uploads\/2025\/07\/Ve-Isik-Ve-Ates-ve-Olus-09-127x137.png\" alt=\"\" \/>\n\t\t\t\t<\/div>\n\t\t\t<div  class=\"ms-slide\" data-delay=\"3\" data-fill-mode=\"fill\"   >\n\t\t\t\t\t<img decoding=\"async\" src=\"https:\/\/www.serapdemirag.com.tr\/wp-content\/plugins\/masterslider\/public\/assets\/css\/blank.gif\" alt=\"\" title=\"Ve I\u015f\u0131k... Ve Ate\u015f... Ve Olu\u015f...\" data-src=\"https:\/\/www.serapdemirag.com.tr\/wp-content\/uploads\/2025\/07\/Ve-Isik-Ve-Ates-ve-Olus-10.png\" \/>\n\n\n\t<img decoding=\"async\" class=\"ms-thumb\" src=\"https:\/\/www.serapdemirag.com.tr\/wp-content\/uploads\/2025\/07\/Ve-Isik-Ve-Ates-ve-Olus-10-127x137.png\" alt=\"\" \/>\n\t\t\t\t<\/div>\n\n\t\t\t<\/div>\n\t\t\t<!-- END MasterSlider Main -->\n\n\t\t\t \n\t\t<\/div>\n\t\t<!-- END MasterSlider -->\n\n\t\t<script>\n\t\t( window.MSReady = window.MSReady || [] ).push( function( $ ) {\n\n\t\t\t\"use strict\";\n\t\t\tvar masterslider_3eca = new MasterSlider();\n\n\t\t\t\/\/ slider controls\n\t\t\tmasterslider_3eca.control('arrows'     ,{ autohide:true, overVideo:true  });\n\t\t\tmasterslider_3eca.control('thumblist'  ,{ autohide:false, overVideo:true, dir:'v', speed:17, inset:false, arrows:false, hover:false, customClass:'', align:'left',type:'thumbs', margin:5, width:127, height:137, space:5, fillMode:'fill'  });\n\t\t\tmasterslider_3eca.control('scrollbar'  ,{ autohide:false, overVideo:true, dir:'h', inset:true, align:'top', color:'#3D3D3D' , margin:10  , width:4 });\n\t\t\t\/\/ slider setup\n\t\t\tmasterslider_3eca.setup(\"MS69de9fab73eca\", {\n\t\t\t\twidth           : 500,\n\t\t\t\theight          : 500,\n\t\t\t\tminHeight       : 0,\n\t\t\t\tspace           : 0,\n\t\t\t\tstart           : 1,\n\t\t\t\tgrabCursor      : true,\n\t\t\t\tswipe           : true,\n\t\t\t\tmouse           : true,\n\t\t\t\tkeyboard        : false,\n\t\t\t\tlayout          : \"boxed\",\n\t\t\t\twheel           : false,\n\t\t\t\tautoplay        : true,\n                instantStartLayers:false,\n\t\t\t\tmobileBGVideo:false,\n\t\t\t\tloop            : false,\n\t\t\t\tshuffle         : false,\n\t\t\t\tpreload         : 2,\n\t\t\t\theightLimit     : true,\n\t\t\t\tautoHeight      : true,\n\t\t\t\tsmoothHeight    : true,\n\t\t\t\tendPause        : false,\n\t\t\t\toverPause       : true,\n\t\t\t\tfillMode        : \"fill\",\n\t\t\t\tcenterControls  : false,\n\t\t\t\tstartOnAppear   : false,\n\t\t\t\tlayersMode      : \"center\",\n\t\t\t\tautofillTarget  : \"\",\n\t\t\t\thideLayers      : false,\n\t\t\t\tfullscreenMargin: 0,\n\t\t\t\tspeed           : 20,\n\t\t\t\tdir             : \"h\",\n\t\t\t\tresponsive      : true,\n\t\t\t\ttabletWidth     : 768,\n\t\t\t\ttabletHeight    : null,\n\t\t\t\tphoneWidth      : 480,\n\t\t\t\tphoneHeight    : null,\n\t\t\t\tsizingReference : window,\n\t\t\t\tparallaxMode    : 'swipe',\n\t\t\t\tview            : \"basic\"\n\t\t\t});\n\n\t\t\t\n\t\t\twindow.masterslider_instances = window.masterslider_instances || [];\n\t\t\twindow.masterslider_instances.push( masterslider_3eca );\n\t\t});\n\t\t<\/script>\n\n<\/div>[vc_empty_space][vc_separator color=&#8221;black&#8221; style=&#8221;shadow&#8221; css=&#8221;&#8221;][\/vc_column][\/vc_row]<\/p>\n<\/div>","protected":false},"excerpt":{"rendered":"<p>[vc_row][vc_column][vc_empty_space height=&#8221;120&#8243;][vc_custom_heading text=&#8221;Ve I\u015f\u0131k&#8230; Ve Ate\u015f&#8230; Ve Olu\u015f&#8230; (1995 &#8211; 1997)&#8221; font_container=&#8221;tag:h2|text_align:center|color:%23DD3333&#8243; use_theme_fonts=&#8221;yes&#8221; css=&#8221;&#8221;][vc_empty_space][vc_empty_space][vc_separator color=&#8221;black&#8221; style=&#8221;shadow&#8221; css=&#8221;&#8221;][\/vc_column][\/vc_row]<\/p>\n","protected":false},"author":1,"featured_media":0,"parent":0,"menu_order":0,"comment_status":"closed","ping_status":"closed","template":"page.php","meta":{"footnotes":""},"class_list":["post-11854","page","type-page","status-publish","hentry"],"_links":{"self":[{"href":"https:\/\/www.serapdemirag.com.tr\/index.php?rest_route=\/wp\/v2\/pages\/11854","targetHints":{"allow":["GET"]}}],"collection":[{"href":"https:\/\/www.serapdemirag.com.tr\/index.php?rest_route=\/wp\/v2\/pages"}],"about":[{"href":"https:\/\/www.serapdemirag.com.tr\/index.php?rest_route=\/wp\/v2\/types\/page"}],"author":[{"embeddable":true,"href":"https:\/\/www.serapdemirag.com.tr\/index.php?rest_route=\/wp\/v2\/users\/1"}],"replies":[{"embeddable":true,"href":"https:\/\/www.serapdemirag.com.tr\/index.php?rest_route=%2Fwp%2Fv2%2Fcomments&post=11854"}],"version-history":[{"count":3,"href":"https:\/\/www.serapdemirag.com.tr\/index.php?rest_route=\/wp\/v2\/pages\/11854\/revisions"}],"predecessor-version":[{"id":11892,"href":"https:\/\/www.serapdemirag.com.tr\/index.php?rest_route=\/wp\/v2\/pages\/11854\/revisions\/11892"}],"wp:attachment":[{"href":"https:\/\/www.serapdemirag.com.tr\/index.php?rest_route=%2Fwp%2Fv2%2Fmedia&parent=11854"}],"curies":[{"name":"wp","href":"https:\/\/api.w.org\/{rel}","templated":true}]}}