{"id":9191,"date":"2017-03-27T17:54:32","date_gmt":"2017-03-27T17:54:32","guid":{"rendered":"https:\/\/upperinc.com\/previews\/wp\/carbon\/?page_id=9191"},"modified":"2025-06-29T19:17:45","modified_gmt":"2025-06-29T19:17:45","slug":"home","status":"publish","type":"page","link":"https:\/\/www.serapdemirag.com.tr\/","title":{"rendered":"Home Page"},"content":{"rendered":"<div class=\"wpb-content-wrapper\"><p>[vc_row][vc_column][vc_empty_space height=&#8221;50&#8243;][vc_row_inner][vc_column_inner width=&#8221;1\/3&#8243;][vc_single_image image=&#8221;10975&#8243; img_size=&#8221;full&#8221; alignment=&#8221;center&#8221; css=&#8221;&#8221;][\/vc_column_inner][vc_column_inner width=&#8221;2\/3&#8243;][vc_column_text css=&#8221;&#8221;]1951 K\u0131rklareli Alpullu&#8217;da do\u011fan Serap Demira\u011f, 1971 y\u0131l\u0131nda Dokuz Eyl\u00fcl \u00dcniversitesi Buca E\u011fitim Fak\u00fcltesi Resim B\u00f6l\u00fcm\u00fc&#8217;n\u00fc bitirdi. 1988 Marmara \u00dcniversitesi G\u00fczel Sanatlar Fak\u00fcltesi Lisans E\u011fitimi yapt\u0131. 1991 OYLUMLAR Resim Kitab\u0131 yay\u0131nland\u0131. 1995 VE I\u015eIK&#8230; VE ATE\u015e&#8230; Resim Kitab\u0131 yay\u0131nland\u0131. 2004 VE I\u015eIK&#8230; VE ATE\u015e&#8230; VE \u0130NSAN \u015eiir Kitab\u0131 yay\u0131nland\u0131.\u00a0k\u0131rk \u00fc\u00e7\u00a0ki\u015fisel,\u00a0d\u00f6rt y\u00fczden\u00a0 fazla karma sergisi bulunan Demira\u011f\u2019\u0131n yurt i\u00e7inden ve yurt d\u0131\u015f\u0131ndan alm\u0131\u015f oldu\u011fu\u00a0 \u00e7e\u015fitli \u00f6d\u00fclleri bulunmaktad\u0131r.<\/p>\n<p>Serap Demira\u011f\u2019\u0131n yap\u0131tlar\u0131 d\u00fc\u015fsel fantezilerin de\u011fi\u015fik, \u00f6zel, kendine \u00f6zg\u00fc niteliklerini ta\u015f\u0131r. Eserlerindeki tan\u0131nabilir somut nesneler ile tan\u0131nmayan soyut nesneler, farkl\u0131l\u0131klar\u0131na ra\u011fmen d\u00fc\u015f\u00fcnsel ve eylemsel boyutlarda diyalektik bir uyum sergilemektedir. Tan\u0131nabilir nesneler al\u0131\u015f\u0131lm\u0131\u015f i\u015flevlerinin d\u0131\u015f\u0131nda ba\u015fka i\u015flevler y\u00fcklenerek yeni resimsel bir terminoloji olu\u015fturmaktad\u0131r. Elma art\u0131k her g\u00fcn yenilen bir meyve de\u011fil: ilk evrensel a\u015fk, ilk ba\u015f kald\u0131r\u0131; kiraz \u00e7ekirdek ve kabu\u011fu ile belki de bir atom; su damlac\u0131klar\u0131 \u0131\u015f\u0131\u011f\u0131n kristal i\u00e7ine hapsedilmesi; d\u00fcnya bir gezegen; insanlar birer robot olarak resimlerde farkl\u0131 bir nesne-mekan ili\u015fkisi olu\u015fturmaktad\u0131r. D\u00fc\u015fsel mekan sonsuzluk i\u00e7inde bir bo\u015fluk, bo\u015flukta yer \u00e7ekiminden kurtulmu\u015f olarak duran elma, kiraz, nar, limon, erik gibi meyve formlar\u0131 hemen yan\u0131nda Anadolu Hitit Uygarl\u0131\u011f\u0131ndan se\u00e7ilmi\u015f arkeolojik g\u00f6r\u00fcnt\u00fclerin i\u00e7i\u00e7e ge\u00e7erek olu\u015fturdu\u011fu bi\u00e7imsel formlar, insanlar, evrenler, tarihle ilgili d\u00fc\u015f\u00fcncelerin ipu\u00e7lar\u0131n\u0131 vermektedir.<\/p>\n<p>D\u00fc\u015fsel, gizemli metafizik bir yakla\u015f\u0131m estetik boyutlarda sanat yap\u0131t\u0131na yans\u0131maktad\u0131r. I\u015f\u0131kl\u0131 k\u0131s\u0131mlarda d\u00fcz ince bir boya tabakas\u0131na kar\u015f\u0131n, belirsizle\u015fen nesnelerin yer ald\u0131\u011f\u0131 b\u00f6lgelerde renk n\u00fcanslar\u0131 ve \u00e7izgisel dokular a\u011f\u0131rl\u0131k kazanmaktad\u0131r.[\/vc_column_text][\/vc_column_inner][\/vc_row_inner][vc_empty_space][\/vc_column][\/vc_row][vc_row][vc_column][vc_separator color=&#8221;black&#8221; style=&#8221;shadow&#8221; border_width=&#8221;3&#8243; css=&#8221;&#8221;][vc_empty_space][\/vc_column][\/vc_row][vc_row][vc_column css=&#8221;.vc_custom_1749967782373{background-color: #FFFFFF !important;}&#8221;][vc_custom_heading text=&#8221;\u00d6Z&#8221; font_container=&#8221;tag:h2|text_align:left|color:%23DD3333&#8243; use_theme_fonts=&#8221;yes&#8221; css=&#8221;&#8221;][vc_row_inner][vc_column_inner width=&#8221;1\/5&#8243;][\/vc_column_inner][vc_column_inner width=&#8221;3\/5&#8243;][vc_single_image image=&#8221;12311&#8243; img_size=&#8221;full&#8221; css=&#8221;&#8221;][\/vc_column_inner][vc_column_inner width=&#8221;1\/5&#8243;][\/vc_column_inner][\/vc_row_inner][vc_empty_space][vc_column_text css=&#8221;.vc_custom_1749967758174{background-color: #FFFFFF !important;}&#8221;]\u201cDeneyimler olgunla\u015ft\u0131r\u0131r, deneyimlerle ula\u015f\u0131l\u0131r \u201c<strong>\u00d6Z<\/strong>\u201de. \u00c7\u00fcnk\u00fc kazan\u0131mlar\u0131n hi\u00e7biri kal\u0131c\u0131 de\u011fildir. Deneyimler dizisinden ya\u015fama ge\u00e7irdiklerimizdir bize kalanlar. Ku\u015fkusuz insan kendisini ya\u015far buldu\u011fu andan itibaren, \u00e7evresiyle de hesapla\u015fmak durumunda kal\u0131r ama, as\u0131l hesapla\u015fmas\u0131 gerekenin kendisi oldu\u011funun fark\u0131na vard\u0131\u011f\u0131 zaman, ger\u00e7ek insan\u0131 bulacakt\u0131r y\u00fcre\u011finde. En zor olan\u0131 ba\u015farmal\u0131, kendisini yarg\u0131lamal\u0131d\u0131r korkusuzca. Ve gerekirse kendisini cezaland\u0131rabilmelidir de. Ya\u015fam\u0131n kabuklar\u0131 b\u00f6yle soyulur, sanat\u00e7\u0131 olman\u0131n ere\u011fidir bu, b\u00f6yle ula\u015f\u0131l\u0131r \u00fcst bilince ve ancak b\u00f6yle B\u0130R olunur yeniden\u2026\u201d[\/vc_column_text][vc_column_text css=&#8221;&#8221;]<\/p>\n<p style=\"text-align: right;\"><em><strong>Serap DEM\u0130RA\u011e<\/strong><\/em><\/p>\n<p>[\/vc_column_text][vc_empty_space][vc_separator color=&#8221;black&#8221; style=&#8221;shadow&#8221; border_width=&#8221;3&#8243; css=&#8221;&#8221;][\/vc_column][\/vc_row][vc_row][vc_column][vc_empty_space height=&#8221;50&#8243;][vc_row_inner][vc_column_inner width=&#8221;1\/2&#8243;]<div id=\"ultib3-205329280469de43c30bfe5\" class=\" vc_custom_1750025591791 ultb3-box ult-adjust-bottom-margin  \" style=\"background-color: #FFFFFF;\"><div class=\"ultb3-box-overlay\" style=\"background:#474545C4;\"><\/div><img decoding=\"async\" src=\"https:\/\/www.serapdemirag.com.tr\/wp-content\/uploads\/2025\/06\/sakalandim-1.jpg\" style=\"\" class=\"ultb3-img ultb3-img-top-right\" alt=\"null\"\/><div id=\"Info-banner-wrap8070\" class=\"ultb3-info ib3-info-center\" data-animation=\"\" data-animation-delay=\"03\"><div class=\"ultb3-title ult-responsive\"  data-ultimate-target='#Info-banner-wrap8070 .ultb3-title'  data-responsive-json-new='{\"font-size\":\"\",\"line-height\":\"\"}'  style=\"font-weight:normal;color:#FFFFFF;\">\u015eakaland\u0131m<\/div><a href=\"https:\/\/www.serapdemirag.com.tr\/?page_id=11020\" title=\"\u015eakaland\u0131m\"  class=\"ultb3-btn ult-responsive\"  data-ultimate-target='#Info-banner-wrap8070 .ultb3-btn'  data-responsive-json-new='{\"font-size\":\"\",\"line-height\":\"\"}'  style=\"font-weight:normal;\">Daha Fazla<i class=\"Defaults-angle-right\"><\/i><\/a><\/div><\/div><style>\n\t\t\t\t\t#ultib3-205329280469de43c30bfe5 {\n\t\t\t\t\t\tmin-height:300px;\n\t\t\t\t\t}\n\t\t\t\t\t#ultib3-205329280469de43c30bfe5 img.ultb3-img {\n\t\t\t\t\t\theight: px;\n\t\t\t\t\t}\n\t\t\t\t\t#ultib3-205329280469de43c30bfe5 .ultb3-btn {\n\t\t\t\t\t\tborder:2px solid #FFFFFF;border-radius:50px;color:#FFFFFF;\n\t\t\t\t\t}\n\t\t\t\t\t#ultib3-205329280469de43c30bfe5 .ultb3-btn:hover {\n\t\t\t\t\t\tbackground:#FFFFFF;color:#000000;\n\t\t\t\t\t}\n\t\t\t\t<\/style>[\/vc_column_inner][vc_column_inner width=&#8221;1\/2&#8243;]<div id=\"ultib3-399874813069de43c30c3d6\" class=\" vc_custom_1750025358367 ultb3-box ult-adjust-bottom-margin  \" style=\"\"><div class=\"ultb3-box-overlay\" style=\"background:#474545C4;\"><\/div><img decoding=\"async\" src=\"https:\/\/www.serapdemirag.com.tr\/wp-content\/uploads\/2025\/06\/sergi-1.jpg\" style=\"\" class=\"ultb3-img ultb3-img-center\" alt=\"null\"\/><div id=\"Info-banner-wrap8147\" class=\"ultb3-info ib3-info-center\" data-animation=\"\" data-animation-delay=\"03\"><div class=\"ultb3-title ult-responsive\"  data-ultimate-target='#Info-banner-wrap8147 .ultb3-title'  data-responsive-json-new='{\"font-size\":\"\",\"line-height\":\"\"}'  style=\"font-weight:normal;color:#FFFFFF;\">50. Y\u0131l Sergisi<\/div><a href=\"https:\/\/www.serapdemirag.com.tr\/?page_id=11004\" title=\"Sergi\"  class=\"ultb3-btn ult-responsive\"  data-ultimate-target='#Info-banner-wrap8147 .ultb3-btn'  data-responsive-json-new='{\"font-size\":\"\",\"line-height\":\"\"}'  style=\"font-weight:normal;\">Sergiden<i class=\"Defaults-angle-right\"><\/i><\/a><\/div><\/div><style>\n\t\t\t\t\t#ultib3-399874813069de43c30c3d6 {\n\t\t\t\t\t\tmin-height:300px;\n\t\t\t\t\t}\n\t\t\t\t\t#ultib3-399874813069de43c30c3d6 img.ultb3-img {\n\t\t\t\t\t\theight: px;\n\t\t\t\t\t}\n\t\t\t\t\t#ultib3-399874813069de43c30c3d6 .ultb3-btn {\n\t\t\t\t\t\tborder:2px solid #FFFFFF;border-radius:50px;color:#FFFFFF;\n\t\t\t\t\t}\n\t\t\t\t\t#ultib3-399874813069de43c30c3d6 .ultb3-btn:hover {\n\t\t\t\t\t\tbackground:#FFFFFF;color:#000000;\n\t\t\t\t\t}\n\t\t\t\t<\/style>[\/vc_column_inner][\/vc_row_inner][vc_empty_space][vc_separator color=&#8221;black&#8221; style=&#8221;shadow&#8221; border_width=&#8221;3&#8243; css=&#8221;&#8221;][\/vc_column][\/vc_row]<\/p>\n<\/div>","protected":false},"excerpt":{"rendered":"<p>[vc_row][vc_column][vc_empty_space height=&#8221;50&#8243;][vc_row_inner][vc_column_inner width=&#8221;1\/3&#8243;][vc_single_image image=&#8221;10975&#8243; img_size=&#8221;full&#8221; alignment=&#8221;center&#8221; css=&#8221;&#8221;][\/vc_column_inner][vc_column_inner width=&#8221;2\/3&#8243;][vc_column_text css=&#8221;&#8221;]1951 K\u0131rklareli Alpullu&#8217;da do\u011fan Serap Demira\u011f, 1971 y\u0131l\u0131nda Dokuz Eyl\u00fcl \u00dcniversitesi Buca E\u011fitim Fak\u00fcltesi Resim B\u00f6l\u00fcm\u00fc&#8217;n\u00fc bitirdi. 1988 Marmara \u00dcniversitesi G\u00fczel Sanatlar Fak\u00fcltesi Lisans E\u011fitimi yapt\u0131. 1991 OYLUMLAR Resim Kitab\u0131 yay\u0131nland\u0131. 1995 VE I\u015eIK&#8230; VE ATE\u015e&#8230; Resim Kitab\u0131 yay\u0131nland\u0131. 2004 VE I\u015eIK&#8230; VE ATE\u015e&#8230; VE \u0130NSAN \u015eiir [&hellip;]<\/p>\n","protected":false},"author":1,"featured_media":0,"parent":0,"menu_order":0,"comment_status":"closed","ping_status":"closed","template":"template-home.php","meta":{"footnotes":""},"class_list":["post-9191","page","type-page","status-publish","hentry"],"_links":{"self":[{"href":"https:\/\/www.serapdemirag.com.tr\/index.php?rest_route=\/wp\/v2\/pages\/9191","targetHints":{"allow":["GET"]}}],"collection":[{"href":"https:\/\/www.serapdemirag.com.tr\/index.php?rest_route=\/wp\/v2\/pages"}],"about":[{"href":"https:\/\/www.serapdemirag.com.tr\/index.php?rest_route=\/wp\/v2\/types\/page"}],"author":[{"embeddable":true,"href":"https:\/\/www.serapdemirag.com.tr\/index.php?rest_route=\/wp\/v2\/users\/1"}],"replies":[{"embeddable":true,"href":"https:\/\/www.serapdemirag.com.tr\/index.php?rest_route=%2Fwp%2Fv2%2Fcomments&post=9191"}],"version-history":[{"count":61,"href":"https:\/\/www.serapdemirag.com.tr\/index.php?rest_route=\/wp\/v2\/pages\/9191\/revisions"}],"predecessor-version":[{"id":12312,"href":"https:\/\/www.serapdemirag.com.tr\/index.php?rest_route=\/wp\/v2\/pages\/9191\/revisions\/12312"}],"wp:attachment":[{"href":"https:\/\/www.serapdemirag.com.tr\/index.php?rest_route=%2Fwp%2Fv2%2Fmedia&parent=9191"}],"curies":[{"name":"wp","href":"https:\/\/api.w.org\/{rel}","templated":true}]}}